{"id":51312,"date":"2019-03-01T19:13:30","date_gmt":"2019-03-01T18:13:30","guid":{"rendered":"http:\/\/www.mirsa.es.mialias.net\/silla-pikaia-kristalia\/"},"modified":"2021-02-19T18:22:00","modified_gmt":"2021-02-19T18:22:00","slug":"silla-pikaia-kristalia","status":"publish","type":"page","link":"https:\/\/www.mirsa.es\/ca\/silla-pikaia-kristalia\/","title":{"rendered":"Cadira Pikaia Kristalia"},"content":{"rendered":"<div class=\"wpb-content-wrapper\"><p>[vc_row][vc_column][vc_column_text]<\/p>\n<h5><img decoding=\"async\" class=\"wp-image-1077 size-large aligncenter\" title=\"Cadira Pikaia Kristalia\" src=\"\/wp-content\/uploads\/2020\/07\/pikaia_kristalia.jpg\" alt=\"Cadira Pikaia Kristalia\" width=\"100%\" height=\"400\"\/><\/h5>\n<p style=\"font-size: 16px; text-align: left;\"><strong>Pikaia \u00e9s una espectacular cadira d\u2019estil contemporani patentada pel prestigi\u00f3s dissenyador Angelo Natuzzi per a la firma italiana Kristalia.<\/strong><\/p>\n<p style=\"font-size: 16px; text-align: left;\">Es tracta d\u2019una pe\u00e7a elegant i confortable, que s\u2019adapta a la perfecci\u00f3 a qualsevol tipus d\u2019espai gr\u00e0cies a la seva lleugeresa i versatilitat. El seu respatller ha estat dissenyat per adaptar-se f\u00e0cilment a l\u2019esquena i garantir la m\u00e0xima comoditat.<\/p>\n<p style=\"font-size: 16px; text-align: left;\">La seva innovadora estructura en poliuret\u00e0 est\u00e0 disponible en quatre colors. La col\u00b7lecci\u00f3 disposa de diverses versions, oferint solucions per a qualsevol tipus d\u2019espai: cadira amb reposabra\u00e7os, cadira amb marc lliscant i una versi\u00f3 amb rodes.<\/p>\n<p style=\"font-size: 16px; text-align: left;\">A MIRSA interiorisme &#038; mobiliari som distribu\u00efdors oficials Kristalia. Per a m\u00e9s informaci\u00f3, visiti el nostre Showroom o contacti amb nosaltres.\n<\/p>\n<p>[\/vc_column_text][vc_row_inner][vc_column_inner]<style type=\"text\/css\">#bklyn_btn_69d1e98275543 .bklyn-btn { color:#ffffff !important; background-color:black !important; }<\/style><div id=\"bklyn_btn_69d1e98275543\" class=\"bklyn-btn-holder  bklyn-btn-center bklyn-btn-tablet-center bklyn-btn-mobile-center\"><a title=\"Contacto\"   href=\"\/contacto\" target=\"_self\" class=\"bklyn-btn  bklyn-btn-icon-left bklyn-btn-normal\" ><i class=\"fa fa-envelope\"><\/i><span class=\"ut-btn-text\">M\u00e9s informaci\u00f3<\/span><\/a><\/div>[\/vc_column_inner][\/vc_row_inner][\/vc_column][\/vc_row]<\/p>\n<\/div>","protected":false},"excerpt":{"rendered":"<p>[vc_row][vc_column][vc_column_text] Pikaia \u00e9s una espectacular cadira d\u2019estil contemporani patentada pel prestigi\u00f3s dissenyador Angelo Natuzzi per a la firma italiana Kristalia. Es tracta d\u2019una pe\u00e7a elegant i confortable, que s\u2019adapta a la perfecci\u00f3 a qualsevol tipus d\u2019espai gr\u00e0cies a la seva lleugeresa i versatilitat. El seu respatller ha estat dissenyat per adaptar-se f\u00e0cilment a l\u2019esquena i [&hellip;]<\/p>\n","protected":false},"author":1,"featured_media":0,"parent":0,"menu_order":0,"comment_status":"closed","ping_status":"closed","template":"","meta":{"footnotes":""},"class_list":["post-51312","page","type-page","status-publish","hentry"],"aioseo_notices":[],"_links":{"self":[{"href":"https:\/\/www.mirsa.es\/ca\/wp-json\/wp\/v2\/pages\/51312","targetHints":{"allow":["GET"]}}],"collection":[{"href":"https:\/\/www.mirsa.es\/ca\/wp-json\/wp\/v2\/pages"}],"about":[{"href":"https:\/\/www.mirsa.es\/ca\/wp-json\/wp\/v2\/types\/page"}],"author":[{"embeddable":true,"href":"https:\/\/www.mirsa.es\/ca\/wp-json\/wp\/v2\/users\/1"}],"replies":[{"embeddable":true,"href":"https:\/\/www.mirsa.es\/ca\/wp-json\/wp\/v2\/comments?post=51312"}],"version-history":[{"count":0,"href":"https:\/\/www.mirsa.es\/ca\/wp-json\/wp\/v2\/pages\/51312\/revisions"}],"wp:attachment":[{"href":"https:\/\/www.mirsa.es\/ca\/wp-json\/wp\/v2\/media?parent=51312"}],"curies":[{"name":"wp","href":"https:\/\/api.w.org\/{rel}","templated":true}]}}