{"id":51308,"date":"2018-02-01T18:27:46","date_gmt":"2018-02-01T17:27:46","guid":{"rendered":"http:\/\/www.mirsa.es.mialias.net\/silla-peplo-maxalto\/"},"modified":"2021-02-19T18:08:09","modified_gmt":"2021-02-19T18:08:09","slug":"silla-peplo-maxalto","status":"publish","type":"page","link":"https:\/\/www.mirsa.es\/ca\/silla-peplo-maxalto\/","title":{"rendered":"Cadira Peplo Maxalto"},"content":{"rendered":"<div class=\"wpb-content-wrapper\"><p>[vc_row][vc_column][vc_column_text]<\/p>\n<h5><img decoding=\"async\" class=\"wp-image-1077 size-large aligncenter\" title=\"Cadira Peplo Maxalto\" src=\"\/wp-content\/uploads\/2020\/07\/silla_peplo_maxalto.jpg\" alt=\"Cadira Peplo Maxalto\" width=\"100%\" height=\"400\" \/><\/h5>\n<p style=\"font-size: 16px; text-align: left;\"><strong>La cadira Peoplo de Maxalto, dissenyada pel prestigi\u00f3s Antonio Citterio, es caracteritza per la seva original estructura de l\u00ednies rectes i uniformes.<\/strong><\/p>\n<p style=\"font-size: 16px; text-align: left;\">Patentada pel prestigi\u00f3s Antonio Citterio, es tracta d\u2019una col\u00b7lecci\u00f3 elegant i vers\u00e0til que s\u2019adapta a tot tipus de necessitats.<\/p>\n<p style=\"font-size: 16px; text-align: left;\">La cadira est\u00e0 disponible en dues versions, amb i sense bra\u00e7os. Citterio ens ofereix una pe\u00e7a lleugera i polivalent, que encaixa a la perfecci\u00f3 en qualsevol tipus d\u2019ambient.<\/p>\n<p style=\"font-size: 16px; text-align: left;\">A MIRSA interiorisme &#038; mobiliari disposem d\u2019una extensa col\u00b7lecci\u00f3 de productes Maxalto. Per a m\u00e9s informaci\u00f3, visiti la nostra exposici\u00f3 o contacti amb nosaltres.<\/p>\n<p>[\/vc_column_text][vc_row_inner][vc_column_inner]<style type=\"text\/css\">#bklyn_btn_69f28344531a0 .bklyn-btn { color:#ffffff !important; background-color:black !important; }<\/style><div id=\"bklyn_btn_69f28344531a0\" class=\"bklyn-btn-holder  bklyn-btn-center bklyn-btn-tablet-center bklyn-btn-mobile-center\"><a title=\"Contacto\"   href=\"\/contacto\" target=\"_self\" class=\"bklyn-btn  bklyn-btn-icon-left bklyn-btn-normal\" ><i class=\"fa fa-envelope\"><\/i><span class=\"ut-btn-text\">M\u00e9s informaci\u00f3<\/span><\/a><\/div>[\/vc_column_inner][\/vc_row_inner][\/vc_column][\/vc_row]<\/p>\n<\/div>","protected":false},"excerpt":{"rendered":"<p>[vc_row][vc_column][vc_column_text] La cadira Peoplo de Maxalto, dissenyada pel prestigi\u00f3s Antonio Citterio, es caracteritza per la seva original estructura de l\u00ednies rectes i uniformes. Patentada pel prestigi\u00f3s Antonio Citterio, es tracta d\u2019una col\u00b7lecci\u00f3 elegant i vers\u00e0til que s\u2019adapta a tot tipus de necessitats. La cadira est\u00e0 disponible en dues versions, amb i sense bra\u00e7os. Citterio ens [&hellip;]<\/p>\n","protected":false},"author":1,"featured_media":0,"parent":0,"menu_order":0,"comment_status":"closed","ping_status":"closed","template":"","meta":{"footnotes":""},"class_list":["post-51308","page","type-page","status-publish","hentry"],"aioseo_notices":[],"_links":{"self":[{"href":"https:\/\/www.mirsa.es\/ca\/wp-json\/wp\/v2\/pages\/51308","targetHints":{"allow":["GET"]}}],"collection":[{"href":"https:\/\/www.mirsa.es\/ca\/wp-json\/wp\/v2\/pages"}],"about":[{"href":"https:\/\/www.mirsa.es\/ca\/wp-json\/wp\/v2\/types\/page"}],"author":[{"embeddable":true,"href":"https:\/\/www.mirsa.es\/ca\/wp-json\/wp\/v2\/users\/1"}],"replies":[{"embeddable":true,"href":"https:\/\/www.mirsa.es\/ca\/wp-json\/wp\/v2\/comments?post=51308"}],"version-history":[{"count":0,"href":"https:\/\/www.mirsa.es\/ca\/wp-json\/wp\/v2\/pages\/51308\/revisions"}],"wp:attachment":[{"href":"https:\/\/www.mirsa.es\/ca\/wp-json\/wp\/v2\/media?parent=51308"}],"curies":[{"name":"wp","href":"https:\/\/api.w.org\/{rel}","templated":true}]}}