{"id":51287,"date":"2018-08-11T10:50:32","date_gmt":"2018-08-11T08:50:32","guid":{"rendered":"http:\/\/www.mirsa.es.mialias.net\/silla-paper-desalto\/"},"modified":"2021-02-19T16:45:39","modified_gmt":"2021-02-19T16:45:39","slug":"silla-paper-desalto","status":"publish","type":"page","link":"https:\/\/www.mirsa.es\/ca\/silla-paper-desalto\/","title":{"rendered":"Cadira Paper Desalto"},"content":{"rendered":"<div class=\"wpb-content-wrapper\"><p>[vc_row][vc_column][vc_column_text]<\/p>\n<h5><img decoding=\"async\" class=\"wp-image-1077 size-large aligncenter\" title=\"Cadira Paper Desalto\" src=\"\/wp-content\/uploads\/2020\/07\/silla_paper_desalto.jpg\" alt=\"Cadira Paper Desalto\" width=\"100%\" height=\"400\" \/><\/h5>\n<p style=\"font-size: 16px; text-align: left;\"><strong>Paper de la firma italiana Desalto \u00e9s una acollidora cadira d\u2019estil minimalista que es caracteritza per les l\u00ednies arrodonides de la seva estructura.<\/strong><\/p>\n<p style=\"font-size: 16px; text-align: left;\">El seient est\u00e0 constru\u00eft en polipropil\u00e8 refor\u00e7at amb fibra de vidre, un material innovador i exclusiu que garanteix la m\u00e0xima comoditat.<\/p>\n<p style=\"font-size: 16px; text-align: left;\">El dissenyador s\u2019inspira en les formes de la natura per a donar vida a la cadira, que observada d\u2019aprop sembla prendre forma de p\u00e8tal.<\/p>\n<p style=\"font-size: 16px; text-align: left;\">La cadira est\u00e0 disponible en tres versions: Vertical central girat\u00f2ria, 4 potes en acer tubular i estructura de 4 potes en fusta.<\/p>\n<p style=\"font-size: 16px; text-align: left;\">A MIRSA interiorisme &#038; mobiliari som distribu\u00efdors oficials Desalto. Per a m\u00e9s informaci\u00f3, visiti el nostre Showroom o contacti amb nosaltres.<\/p>\n<p>[\/vc_column_text][vc_row_inner][vc_column_inner]<style type=\"text\/css\">#bklyn_btn_69f56782d0968 .bklyn-btn { color:#ffffff !important; background-color:black !important; }<\/style><div id=\"bklyn_btn_69f56782d0968\" class=\"bklyn-btn-holder  bklyn-btn-center bklyn-btn-tablet-center bklyn-btn-mobile-center\"><a title=\"Contacto\"   href=\"\/contacto\" target=\"_self\" class=\"bklyn-btn  bklyn-btn-icon-left bklyn-btn-normal\" ><i class=\"fa fa-envelope\"><\/i><span class=\"ut-btn-text\">M\u00e9s informaci\u00f3<\/span><\/a><\/div>[\/vc_column_inner][\/vc_row_inner][\/vc_column][\/vc_row]<\/p>\n<\/div>","protected":false},"excerpt":{"rendered":"<p>[vc_row][vc_column][vc_column_text] Paper de la firma italiana Desalto \u00e9s una acollidora cadira d\u2019estil minimalista que es caracteritza per les l\u00ednies arrodonides de la seva estructura. El seient est\u00e0 constru\u00eft en polipropil\u00e8 refor\u00e7at amb fibra de vidre, un material innovador i exclusiu que garanteix la m\u00e0xima comoditat. El dissenyador s\u2019inspira en les formes de la natura per [&hellip;]<\/p>\n","protected":false},"author":1,"featured_media":0,"parent":0,"menu_order":0,"comment_status":"closed","ping_status":"closed","template":"","meta":{"footnotes":""},"class_list":["post-51287","page","type-page","status-publish","hentry"],"aioseo_notices":[],"_links":{"self":[{"href":"https:\/\/www.mirsa.es\/ca\/wp-json\/wp\/v2\/pages\/51287","targetHints":{"allow":["GET"]}}],"collection":[{"href":"https:\/\/www.mirsa.es\/ca\/wp-json\/wp\/v2\/pages"}],"about":[{"href":"https:\/\/www.mirsa.es\/ca\/wp-json\/wp\/v2\/types\/page"}],"author":[{"embeddable":true,"href":"https:\/\/www.mirsa.es\/ca\/wp-json\/wp\/v2\/users\/1"}],"replies":[{"embeddable":true,"href":"https:\/\/www.mirsa.es\/ca\/wp-json\/wp\/v2\/comments?post=51287"}],"version-history":[{"count":0,"href":"https:\/\/www.mirsa.es\/ca\/wp-json\/wp\/v2\/pages\/51287\/revisions"}],"wp:attachment":[{"href":"https:\/\/www.mirsa.es\/ca\/wp-json\/wp\/v2\/media?parent=51287"}],"curies":[{"name":"wp","href":"https:\/\/api.w.org\/{rel}","templated":true}]}}