{"id":51272,"date":"2019-09-06T19:36:00","date_gmt":"2019-09-06T17:36:00","guid":{"rendered":"http:\/\/www.mirsa.es.mialias.net\/silla-noemi-porada\/"},"modified":"2021-02-19T16:09:49","modified_gmt":"2021-02-19T16:09:49","slug":"silla-noemi-porada","status":"publish","type":"page","link":"https:\/\/www.mirsa.es\/ca\/silla-noemi-porada\/","title":{"rendered":"Cadira Noemi Porada"},"content":{"rendered":"<div class=\"wpb-content-wrapper\"><p>[vc_row][vc_column][vc_column_text]<\/p>\n<h5><img decoding=\"async\" class=\"wp-image-1077 size-large aligncenter\" title=\"Cadira Noemi Porada\" src=\"\/wp-content\/uploads\/2020\/07\/silla_noemi_porada.jpg\" alt=\"Cadira Noemi Porada\" width=\"100%\" height=\"400\" \/><\/h5>\n<p style=\"font-size: 16px; text-align: left;\"><strong>Noemi de la prestigiosa firma italiana Porada \u00e9s una elegant i exclusiva cadira d\u2019est\u00e8tica contempor\u00e0nia, patentada pels prestigiosos dissenyadors Marell &#038; Molteni.<\/strong><\/p>\n<p style=\"font-size: 16px; text-align: left;\">Es tracta d\u2019una espectacular pe\u00e7a en fusta massissa de noguera que gr\u00e0cies a la seva estructura ergon\u00f2mica i acollidora garanteix la m\u00e0xima comoditat.<\/p>\n<p style=\"font-size: 16px; text-align: left;\">La col\u00b7lecci\u00f3 est\u00e0 disponible en diversos acabats i tapissats, oferint una gran quantitat d\u2019opcions de configuraci\u00f3.<\/p>\n<p style=\"font-size: 16px; text-align: left;\">A MIRSA interiorisme &#038; mobiliari som distribu\u00efdors oficials Porada. Per a m\u00e9s informaci\u00f3, visiti el nostre Showroom o contacti amb nosaltres.<\/p>\n<p>[\/vc_column_text][vc_row_inner][vc_column_inner]<style type=\"text\/css\">#bklyn_btn_69d189851095b .bklyn-btn { color:#ffffff !important; background-color:black !important; }<\/style><div id=\"bklyn_btn_69d189851095b\" class=\"bklyn-btn-holder  bklyn-btn-center bklyn-btn-tablet-center bklyn-btn-mobile-center\"><a title=\"Contacto\"   href=\"\/contacto\" target=\"_self\" class=\"bklyn-btn  bklyn-btn-icon-left bklyn-btn-normal\" ><i class=\"fa fa-envelope\"><\/i><span class=\"ut-btn-text\">M\u00e9s informaci\u00f3<\/span><\/a><\/div>[\/vc_column_inner][\/vc_row_inner][\/vc_column][\/vc_row]<\/p>\n<\/div>","protected":false},"excerpt":{"rendered":"<p>[vc_row][vc_column][vc_column_text] Noemi de la prestigiosa firma italiana Porada \u00e9s una elegant i exclusiva cadira d\u2019est\u00e8tica contempor\u00e0nia, patentada pels prestigiosos dissenyadors Marell &#038; Molteni. Es tracta d\u2019una espectacular pe\u00e7a en fusta massissa de noguera que gr\u00e0cies a la seva estructura ergon\u00f2mica i acollidora garanteix la m\u00e0xima comoditat. La col\u00b7lecci\u00f3 est\u00e0 disponible en diversos acabats i tapissats, [&hellip;]<\/p>\n","protected":false},"author":1,"featured_media":0,"parent":0,"menu_order":0,"comment_status":"closed","ping_status":"closed","template":"","meta":{"footnotes":""},"class_list":["post-51272","page","type-page","status-publish","hentry"],"aioseo_notices":[],"_links":{"self":[{"href":"https:\/\/www.mirsa.es\/ca\/wp-json\/wp\/v2\/pages\/51272","targetHints":{"allow":["GET"]}}],"collection":[{"href":"https:\/\/www.mirsa.es\/ca\/wp-json\/wp\/v2\/pages"}],"about":[{"href":"https:\/\/www.mirsa.es\/ca\/wp-json\/wp\/v2\/types\/page"}],"author":[{"embeddable":true,"href":"https:\/\/www.mirsa.es\/ca\/wp-json\/wp\/v2\/users\/1"}],"replies":[{"embeddable":true,"href":"https:\/\/www.mirsa.es\/ca\/wp-json\/wp\/v2\/comments?post=51272"}],"version-history":[{"count":0,"href":"https:\/\/www.mirsa.es\/ca\/wp-json\/wp\/v2\/pages\/51272\/revisions"}],"wp:attachment":[{"href":"https:\/\/www.mirsa.es\/ca\/wp-json\/wp\/v2\/media?parent=51272"}],"curies":[{"name":"wp","href":"https:\/\/api.w.org\/{rel}","templated":true}]}}