{"id":51268,"date":"2019-09-06T10:23:13","date_gmt":"2019-09-06T08:23:13","guid":{"rendered":"http:\/\/www.mirsa.es.mialias.net\/silla-nissa-porada\/"},"modified":"2021-02-19T15:52:06","modified_gmt":"2021-02-19T15:52:06","slug":"silla-nissa-porada","status":"publish","type":"page","link":"https:\/\/www.mirsa.es\/ca\/silla-nissa-porada\/","title":{"rendered":"Cadira Nissa Porada"},"content":{"rendered":"<div class=\"wpb-content-wrapper\"><p>[vc_row][vc_column][vc_column_text]<\/p>\n<h5><img decoding=\"async\" class=\"wp-image-1077 size-large aligncenter\" title=\"Cadira Nissa Porada\" src=\"\/wp-content\/uploads\/2020\/07\/silla_nissa_porada.jpg\" alt=\"Cadira Nissa Porada\" width=\"100%\" height=\"400\" \/><\/h5>\n<p style=\"font-size: 16px; text-align: left;\"><strong>Nissa \u00e9s una elegant i exclusiva cadira d\u2019est\u00e8tica contempor\u00e0nia patentada pels prestigiosos dissenyadors M. Marconato i T. Zappa per a la firma italiana Porada.<\/strong><\/p>\n<p style=\"font-size: 16px; text-align: left;\">Es tracta d\u2019una pe\u00e7a en fusta massissa de noguera que es caracteritza per la seva lleugeresa i sofisticaci\u00f3. Nissa es presenta en diversos colors i acabats, oferint aix\u00ed m\u00faltiples opcions de configuraci\u00f3.<\/p>\n<p style=\"font-size: 16px; text-align: left;\">La seva estructura lleugera i ergon\u00f2mica garanteix la m\u00e0xima comoditat, mantenint una est\u00e8tica elegant i sofisticada.<\/p>\n<p style=\"font-size: 16px; text-align: left;\">A MIRSA interiorisme &#038; mobiliari som distribu\u00efdors oficials Porada. Per a m\u00e9s informaci\u00f3, visiti el nostre Showroom o contacti amb nosaltres.<\/p>\n<p>[\/vc_column_text][vc_row_inner][vc_column_inner]<style type=\"text\/css\">#bklyn_btn_69d1bde88ccc4 .bklyn-btn { color:#ffffff !important; background-color:black !important; }<\/style><div id=\"bklyn_btn_69d1bde88ccc4\" class=\"bklyn-btn-holder  bklyn-btn-center bklyn-btn-tablet-center bklyn-btn-mobile-center\"><a title=\"Contacto\"   href=\"\/contacto\" target=\"_self\" class=\"bklyn-btn  bklyn-btn-icon-left bklyn-btn-normal\" ><i class=\"fa fa-envelope\"><\/i><span class=\"ut-btn-text\">M\u00e9s informaci\u00f3<\/span><\/a><\/div>[\/vc_column_inner][\/vc_row_inner][\/vc_column][\/vc_row]<\/p>\n<\/div>","protected":false},"excerpt":{"rendered":"<p>[vc_row][vc_column][vc_column_text] Nissa \u00e9s una elegant i exclusiva cadira d\u2019est\u00e8tica contempor\u00e0nia patentada pels prestigiosos dissenyadors M. Marconato i T. Zappa per a la firma italiana Porada. Es tracta d\u2019una pe\u00e7a en fusta massissa de noguera que es caracteritza per la seva lleugeresa i sofisticaci\u00f3. Nissa es presenta en diversos colors i acabats, oferint aix\u00ed m\u00faltiples opcions [&hellip;]<\/p>\n","protected":false},"author":1,"featured_media":0,"parent":0,"menu_order":0,"comment_status":"closed","ping_status":"closed","template":"","meta":{"footnotes":""},"class_list":["post-51268","page","type-page","status-publish","hentry"],"aioseo_notices":[],"_links":{"self":[{"href":"https:\/\/www.mirsa.es\/ca\/wp-json\/wp\/v2\/pages\/51268","targetHints":{"allow":["GET"]}}],"collection":[{"href":"https:\/\/www.mirsa.es\/ca\/wp-json\/wp\/v2\/pages"}],"about":[{"href":"https:\/\/www.mirsa.es\/ca\/wp-json\/wp\/v2\/types\/page"}],"author":[{"embeddable":true,"href":"https:\/\/www.mirsa.es\/ca\/wp-json\/wp\/v2\/users\/1"}],"replies":[{"embeddable":true,"href":"https:\/\/www.mirsa.es\/ca\/wp-json\/wp\/v2\/comments?post=51268"}],"version-history":[{"count":0,"href":"https:\/\/www.mirsa.es\/ca\/wp-json\/wp\/v2\/pages\/51268\/revisions"}],"wp:attachment":[{"href":"https:\/\/www.mirsa.es\/ca\/wp-json\/wp\/v2\/media?parent=51268"}],"curies":[{"name":"wp","href":"https:\/\/api.w.org\/{rel}","templated":true}]}}