{"id":51262,"date":"2018-08-09T18:10:49","date_gmt":"2018-08-09T16:10:49","guid":{"rendered":"http:\/\/www.mirsa.es.mialias.net\/silla-nara-desalto\/"},"modified":"2021-02-19T15:38:27","modified_gmt":"2021-02-19T15:38:27","slug":"silla-nara-desalto","status":"publish","type":"page","link":"https:\/\/www.mirsa.es\/ca\/silla-nara-desalto\/","title":{"rendered":"Cadira Nara Desalto"},"content":{"rendered":"<div class=\"wpb-content-wrapper\"><p>[vc_row][vc_column][vc_column_text]<\/p>\n<h5><img decoding=\"async\" class=\"wp-image-1077 size-large aligncenter\" title=\"Cadira Nara Desalto\" src=\"\/wp-content\/uploads\/2020\/07\/silla_nara_desalto.jpg\" alt=\"Cadira Nara Desalto\" width=\"100%\" height=\"400\" \/><\/h5>\n<p style=\"font-size: 16px; text-align: left;\"><strong>Nara de la firma italiana Desalto es una elegante silla de est\u00e9tica minimalista patentada por el prestigioso Piergiorgio Cazzaniga.<br \/>\n<\/strong><\/p>\n<p style=\"font-size: 16px; text-align: left;\">La pieza se caracteriza por sus cuatro finas patas de aluminio, que sostienen un amplio asiento y respaldo acolchado, ambos extra\u00edbles.<\/p>\n<p style=\"font-size: 16px; text-align: left;\">Se trata de una silla tapizada disponible en tela extra\u00edble, cuero o piel ecol\u00f3gica. El asiento y el respaldo se presentan en poliuretano flexible, mientras que las patas en aluminio fundido a presi\u00f3n.<\/p>\n<p style=\"font-size: 16px; text-align: left;\">En MIRSA interiorismo &#038; mobiliario somos distribuidores oficiales Desalto. Para m\u00e1s informaci\u00f3n, visite nuestro Showroom o contacte con nosotros.<\/p>\n<p>[\/vc_column_text][vc_row_inner][vc_column_inner]<style type=\"text\/css\">#bklyn_btn_69f2a95d21fd9 .bklyn-btn { color:#ffffff !important; background-color:black !important; }<\/style><div id=\"bklyn_btn_69f2a95d21fd9\" class=\"bklyn-btn-holder  bklyn-btn-center bklyn-btn-tablet-center bklyn-btn-mobile-center\"><a title=\"Contacto\"   href=\"\/contacto\" target=\"_self\" class=\"bklyn-btn  bklyn-btn-icon-left bklyn-btn-normal\" ><i class=\"fa fa-envelope\"><\/i><span class=\"ut-btn-text\">M\u00e9s informaci\u00f3<\/span><\/a><\/div>[\/vc_column_inner][\/vc_row_inner][\/vc_column][\/vc_row]<\/p>\n<\/div>","protected":false},"excerpt":{"rendered":"<p>[vc_row][vc_column][vc_column_text] Nara de la firma italiana Desalto es una elegante silla de est\u00e9tica minimalista patentada por el prestigioso Piergiorgio Cazzaniga. La pieza se caracteriza por sus cuatro finas patas de aluminio, que sostienen un amplio asiento y respaldo acolchado, ambos extra\u00edbles. Se trata de una silla tapizada disponible en tela extra\u00edble, cuero o piel ecol\u00f3gica. [&hellip;]<\/p>\n","protected":false},"author":1,"featured_media":0,"parent":0,"menu_order":0,"comment_status":"closed","ping_status":"closed","template":"","meta":{"footnotes":""},"class_list":["post-51262","page","type-page","status-publish","hentry"],"aioseo_notices":[],"_links":{"self":[{"href":"https:\/\/www.mirsa.es\/ca\/wp-json\/wp\/v2\/pages\/51262","targetHints":{"allow":["GET"]}}],"collection":[{"href":"https:\/\/www.mirsa.es\/ca\/wp-json\/wp\/v2\/pages"}],"about":[{"href":"https:\/\/www.mirsa.es\/ca\/wp-json\/wp\/v2\/types\/page"}],"author":[{"embeddable":true,"href":"https:\/\/www.mirsa.es\/ca\/wp-json\/wp\/v2\/users\/1"}],"replies":[{"embeddable":true,"href":"https:\/\/www.mirsa.es\/ca\/wp-json\/wp\/v2\/comments?post=51262"}],"version-history":[{"count":0,"href":"https:\/\/www.mirsa.es\/ca\/wp-json\/wp\/v2\/pages\/51262\/revisions"}],"wp:attachment":[{"href":"https:\/\/www.mirsa.es\/ca\/wp-json\/wp\/v2\/media?parent=51262"}],"curies":[{"name":"wp","href":"https:\/\/api.w.org\/{rel}","templated":true}]}}