{"id":51247,"date":"2019-09-06T16:32:21","date_gmt":"2019-09-06T14:32:21","guid":{"rendered":"http:\/\/www.mirsa.es.mialias.net\/silla-lolita-porada\/"},"modified":"2021-02-19T11:57:17","modified_gmt":"2021-02-19T11:57:17","slug":"silla-lolita-porada","status":"publish","type":"page","link":"https:\/\/www.mirsa.es\/ca\/silla-lolita-porada\/","title":{"rendered":"Cadira Lolita Porada"},"content":{"rendered":"<div class=\"wpb-content-wrapper\"><p>[vc_row][vc_column][vc_column_text]<\/p>\n<h5><img decoding=\"async\" class=\"wp-image-1077 size-large aligncenter\" title=\"Cadira Lolita Porada\" src=\"\/wp-content\/uploads\/2020\/07\/silla_lolita_porada.jpg\" alt=\"Cadira Lolita Porada\" width=\"100%\" height=\"400\" \/><\/h5>\n<p style=\"font-size: 16px; text-align: left;\"><strong>Lolita de la prestigiosa firma italiana de mobiliari Porada, \u00e9s una elegant i exclusiva cadira d\u2019estil contemporani patentada pel reconegut dissenyador E. Gallina.<\/strong><\/p>\n<p style=\"font-size: 16px; text-align: left;\">Es tracta d\u2019una cadira amb estructura en fusta massissa de freixe que es caracteritza per les seves l\u00ednies fluides i equilibrades.<\/p>\n<p style=\"font-size: 16px; text-align: left;\">La col\u00b7lecci\u00f3 est\u00e0 disponible en una \u00e0mplia gamma d\u2019acabats i de tapissats, adaptant-se a la perfecci\u00f3 a qualsevol mena d\u2019espai.<\/p>\n<p style=\"font-size: 16px; text-align: left;\">A MIRSA interiorisme &#038; mobiliari som distribu\u00efdors oficials Porada. Per a m\u00e9s informaci\u00f3, visiti el nostre Showroom o contacti amb nosaltres.<\/p>\n<p>[\/vc_column_text][vc_row_inner][vc_column_inner]<style type=\"text\/css\">#bklyn_btn_69f376f2749c8 .bklyn-btn { color:#ffffff !important; background-color:black !important; }<\/style><div id=\"bklyn_btn_69f376f2749c8\" class=\"bklyn-btn-holder  bklyn-btn-center bklyn-btn-tablet-center bklyn-btn-mobile-center\"><a title=\"Contacto\"   href=\"\/contacto\" target=\"_self\" class=\"bklyn-btn  bklyn-btn-icon-left bklyn-btn-normal\" ><i class=\"fa fa-envelope\"><\/i><span class=\"ut-btn-text\">M\u00e9s informaci\u00f3<\/span><\/a><\/div>[\/vc_column_inner][\/vc_row_inner][\/vc_column][\/vc_row]<\/p>\n<\/div>","protected":false},"excerpt":{"rendered":"<p>[vc_row][vc_column][vc_column_text] Lolita de la prestigiosa firma italiana de mobiliari Porada, \u00e9s una elegant i exclusiva cadira d\u2019estil contemporani patentada pel reconegut dissenyador E. Gallina. Es tracta d\u2019una cadira amb estructura en fusta massissa de freixe que es caracteritza per les seves l\u00ednies fluides i equilibrades. La col\u00b7lecci\u00f3 est\u00e0 disponible en una \u00e0mplia gamma d\u2019acabats i [&hellip;]<\/p>\n","protected":false},"author":1,"featured_media":0,"parent":0,"menu_order":0,"comment_status":"closed","ping_status":"closed","template":"","meta":{"footnotes":""},"class_list":["post-51247","page","type-page","status-publish","hentry"],"aioseo_notices":[],"_links":{"self":[{"href":"https:\/\/www.mirsa.es\/ca\/wp-json\/wp\/v2\/pages\/51247","targetHints":{"allow":["GET"]}}],"collection":[{"href":"https:\/\/www.mirsa.es\/ca\/wp-json\/wp\/v2\/pages"}],"about":[{"href":"https:\/\/www.mirsa.es\/ca\/wp-json\/wp\/v2\/types\/page"}],"author":[{"embeddable":true,"href":"https:\/\/www.mirsa.es\/ca\/wp-json\/wp\/v2\/users\/1"}],"replies":[{"embeddable":true,"href":"https:\/\/www.mirsa.es\/ca\/wp-json\/wp\/v2\/comments?post=51247"}],"version-history":[{"count":0,"href":"https:\/\/www.mirsa.es\/ca\/wp-json\/wp\/v2\/pages\/51247\/revisions"}],"wp:attachment":[{"href":"https:\/\/www.mirsa.es\/ca\/wp-json\/wp\/v2\/media?parent=51247"}],"curies":[{"name":"wp","href":"https:\/\/api.w.org\/{rel}","templated":true}]}}