{"id":51242,"date":"2019-05-31T09:50:42","date_gmt":"2019-05-31T07:50:42","guid":{"rendered":"http:\/\/www.mirsa.es.mialias.net\/silla-lip-porada\/"},"modified":"2021-02-19T11:39:37","modified_gmt":"2021-02-19T11:39:37","slug":"silla-lip-porada","status":"publish","type":"page","link":"https:\/\/www.mirsa.es\/ca\/silla-lip-porada\/","title":{"rendered":"Cadira Lip Porada"},"content":{"rendered":"<div class=\"wpb-content-wrapper\"><p>[vc_row][vc_column][vc_column_text]<\/p>\n<h5><img decoding=\"async\" class=\"wp-image-1077 size-large aligncenter\" title=\"Cadira Lip Porada\" src=\"\/wp-content\/uploads\/2020\/07\/silla_lip_porada.jpg\" alt=\"Cadira Lip Porada\" width=\"100%\" height=\"400\" \/><\/h5>\n<p style=\"font-size: 16px; text-align: left;\"><strong>Lip \u00e9s una elegant i confortable taula d\u2019estil contemporani patentada pels prestigiosos dissenyadors M. Marconatto &#038; T. Zappa per a la firma italiana Porada.<\/strong><\/p>\n<p style=\"font-size: 16px; text-align: left;\">L\u2019estructura de la pe\u00e7a est\u00e0 constru\u00efda amb fusta massissa de freixe d\u2019alta qualitat, un material exclusiu i resistent a prova de cops i ratllades.<\/p>\n<p style=\"font-size: 16px; text-align: left;\">La col\u00b7lecci\u00f3 est\u00e0 disponible en diversos colors i acabats, oferint aix\u00ed m\u00faltiples opcions personalitzaci\u00f3 i adaptant-se amb facilitat a qualsevol tipus d\u2019espai.<\/p>\n<p style=\"font-size: 16px; text-align: left;\">A MIRSA interiorisme &#038; mobiliari som distribu\u00efdors oficials Porada. Per a m\u00e9s informaci\u00f3 visiti el nostre Showroom o contacti amb nosaltres.<\/p>\n<p>[\/vc_column_text][vc_row_inner][vc_column_inner]<style type=\"text\/css\">#bklyn_btn_69f381d44fc76 .bklyn-btn { color:#ffffff !important; background-color:black !important; }<\/style><div id=\"bklyn_btn_69f381d44fc76\" class=\"bklyn-btn-holder  bklyn-btn-center bklyn-btn-tablet-center bklyn-btn-mobile-center\"><a title=\"Contacto\"   href=\"\/contacto\" target=\"_self\" class=\"bklyn-btn  bklyn-btn-icon-left bklyn-btn-normal\" ><i class=\"fa fa-envelope\"><\/i><span class=\"ut-btn-text\">M\u00e9s informaci\u00f3<\/span><\/a><\/div>[\/vc_column_inner][\/vc_row_inner][\/vc_column][\/vc_row]<\/p>\n<\/div>","protected":false},"excerpt":{"rendered":"<p>[vc_row][vc_column][vc_column_text] Lip \u00e9s una elegant i confortable taula d\u2019estil contemporani patentada pels prestigiosos dissenyadors M. Marconatto &#038; T. Zappa per a la firma italiana Porada. L\u2019estructura de la pe\u00e7a est\u00e0 constru\u00efda amb fusta massissa de freixe d\u2019alta qualitat, un material exclusiu i resistent a prova de cops i ratllades. La col\u00b7lecci\u00f3 est\u00e0 disponible en diversos [&hellip;]<\/p>\n","protected":false},"author":1,"featured_media":0,"parent":0,"menu_order":0,"comment_status":"closed","ping_status":"closed","template":"","meta":{"footnotes":""},"class_list":["post-51242","page","type-page","status-publish","hentry"],"aioseo_notices":[],"_links":{"self":[{"href":"https:\/\/www.mirsa.es\/ca\/wp-json\/wp\/v2\/pages\/51242","targetHints":{"allow":["GET"]}}],"collection":[{"href":"https:\/\/www.mirsa.es\/ca\/wp-json\/wp\/v2\/pages"}],"about":[{"href":"https:\/\/www.mirsa.es\/ca\/wp-json\/wp\/v2\/types\/page"}],"author":[{"embeddable":true,"href":"https:\/\/www.mirsa.es\/ca\/wp-json\/wp\/v2\/users\/1"}],"replies":[{"embeddable":true,"href":"https:\/\/www.mirsa.es\/ca\/wp-json\/wp\/v2\/comments?post=51242"}],"version-history":[{"count":0,"href":"https:\/\/www.mirsa.es\/ca\/wp-json\/wp\/v2\/pages\/51242\/revisions"}],"wp:attachment":[{"href":"https:\/\/www.mirsa.es\/ca\/wp-json\/wp\/v2\/media?parent=51242"}],"curies":[{"name":"wp","href":"https:\/\/api.w.org\/{rel}","templated":true}]}}