{"id":51237,"date":"2018-08-02T09:37:24","date_gmt":"2018-08-02T07:37:24","guid":{"rendered":"http:\/\/www.mirsa.es.mialias.net\/silla-lift-lago\/"},"modified":"2021-02-19T11:12:33","modified_gmt":"2021-02-19T11:12:33","slug":"silla-lift-lago","status":"publish","type":"page","link":"https:\/\/www.mirsa.es\/ca\/silla-lift-lago\/","title":{"rendered":"Cadira Lift Lago"},"content":{"rendered":"<div class=\"wpb-content-wrapper\"><p>[vc_row][vc_column][vc_column_text]<\/p>\n<h5><img decoding=\"async\" class=\"wp-image-1077 size-large aligncenter\" title=\"Cadira Lift Lago\" src=\"\/wp-content\/uploads\/2020\/07\/silla_lift_lago.jpg\" alt=\"Cadira Lift Lago\" width=\"100%\" height=\"400\"\/><\/h5>\n<p style=\"font-size: 16px; text-align: left;\"><strong>La cadira Lift de LAGO destaca pel seu elegant respatller regulable, que s\u2019adapta amb facilitat a qualsevol al\u00e7ada.<\/strong><\/p>\n<p style=\"font-size: 16px; text-align: left;\">Es tracta d\u2019una pe\u00e7a de formes cl\u00e0ssiques reinterpretades que s\u2019ajusta a les tend\u00e8ncies actuals. Lift garanteix la m\u00e0xima comoditat gr\u00e0cies al seu seient encoixinats, que permet m\u00faltiples opcions de configuraci\u00f3 per ajustar-se al m\u00e0xim a les necessitats del client.<\/p>\n<p style=\"font-size: 16px; text-align: left;\">Tant el seient com el Suport de la cadira poden personalitzar-se amb totes les pells i els teixits de LAGO.<\/p>\n<p style=\"font-size: 16px; text-align: left;\">A MIRSA interiorisme &#038; mobiliari som distribu\u00efdors oficials LAGO. Per a m\u00e9s informaci\u00f3, visiti el nostre Showroom o contacti amb nosaltres.<\/p>\n<p>[\/vc_column_text][vc_row_inner][vc_column_inner]<style type=\"text\/css\">#bklyn_btn_69d176d0b98de .bklyn-btn { color:#ffffff !important; background-color:black !important; }<\/style><div id=\"bklyn_btn_69d176d0b98de\" class=\"bklyn-btn-holder  bklyn-btn-center bklyn-btn-tablet-center bklyn-btn-mobile-center\"><a title=\"Contacto\"   href=\"\/contacto\" target=\"_self\" class=\"bklyn-btn  bklyn-btn-icon-left bklyn-btn-normal\" ><i class=\"fa fa-envelope\"><\/i><span class=\"ut-btn-text\">M\u00e9s informaci\u00f3<\/span><\/a><\/div>[\/vc_column_inner][\/vc_row_inner][\/vc_column][\/vc_row]<\/p>\n<\/div>","protected":false},"excerpt":{"rendered":"<p>[vc_row][vc_column][vc_column_text] La cadira Lift de LAGO destaca pel seu elegant respatller regulable, que s\u2019adapta amb facilitat a qualsevol al\u00e7ada. Es tracta d\u2019una pe\u00e7a de formes cl\u00e0ssiques reinterpretades que s\u2019ajusta a les tend\u00e8ncies actuals. Lift garanteix la m\u00e0xima comoditat gr\u00e0cies al seu seient encoixinats, que permet m\u00faltiples opcions de configuraci\u00f3 per ajustar-se al m\u00e0xim a les [&hellip;]<\/p>\n","protected":false},"author":1,"featured_media":0,"parent":0,"menu_order":0,"comment_status":"closed","ping_status":"closed","template":"","meta":{"footnotes":""},"class_list":["post-51237","page","type-page","status-publish","hentry"],"aioseo_notices":[],"_links":{"self":[{"href":"https:\/\/www.mirsa.es\/ca\/wp-json\/wp\/v2\/pages\/51237","targetHints":{"allow":["GET"]}}],"collection":[{"href":"https:\/\/www.mirsa.es\/ca\/wp-json\/wp\/v2\/pages"}],"about":[{"href":"https:\/\/www.mirsa.es\/ca\/wp-json\/wp\/v2\/types\/page"}],"author":[{"embeddable":true,"href":"https:\/\/www.mirsa.es\/ca\/wp-json\/wp\/v2\/users\/1"}],"replies":[{"embeddable":true,"href":"https:\/\/www.mirsa.es\/ca\/wp-json\/wp\/v2\/comments?post=51237"}],"version-history":[{"count":0,"href":"https:\/\/www.mirsa.es\/ca\/wp-json\/wp\/v2\/pages\/51237\/revisions"}],"wp:attachment":[{"href":"https:\/\/www.mirsa.es\/ca\/wp-json\/wp\/v2\/media?parent=51237"}],"curies":[{"name":"wp","href":"https:\/\/api.w.org\/{rel}","templated":true}]}}