{"id":51226,"date":"2017-05-11T13:10:37","date_gmt":"2017-05-11T11:10:37","guid":{"rendered":"http:\/\/www.mirsa.es.mialias.net\/silla-koki-desalto\/"},"modified":"2025-09-26T16:51:13","modified_gmt":"2025-09-26T16:51:13","slug":"silla-koki-desalto","status":"publish","type":"page","link":"https:\/\/www.mirsa.es\/ca\/silla-koki-desalto\/","title":{"rendered":"Cadira Koki Desalto"},"content":{"rendered":"<div class=\"wpb-content-wrapper\"><p>[vc_row][vc_column][vc_column_text]<\/p>\n<p><img decoding=\"async\" class=\"wp-image-1077 size-large aligncenter\" title=\"Cadira Koki Desalto\" src=\"\/wp-content\/uploads\/2020\/07\/silla_koki_desalto.jpg\" alt=\"Cadira Koki Desalto\" width=\"100%\" height=\"400\" \/><\/p>\n<h2 style=\"font-size: 16px; text-align: left;\"><strong>Minimalisme itali\u00e0 per a espais contemporanis<\/strong><\/h2>\n<p style=\"font-size: 16px; text-align: left;\">La cadira Koki de <a href=\"\/ca\/desalto-italia\/\">Desalto<\/a> apropa el disseny Contract a la llar, amb cadires i tamborets de linies fresques i actuals.<\/p>\n<h3>Ergonomia, confort i disseny vers\u00e0til en una sola pe\u00e7a<\/h3>\n<p style=\"font-size: 16px; text-align: left;\">El seu atractiu radica en la perfecta harmonia entre est\u00e8tica, comoditat i innovaci\u00f3n, oferint peces que destaquen desde qualsevol punt de vista.<\/p>\n<p style=\"font-size: 16px; text-align: left;\">El tamboret Koki amplia la familia partint del disseny original de la cadira, sumant funcionalitat i versatilitat.<\/p>\n<p style=\"font-size: 16px; text-align: left;\">\u00c9s apilable i compta amb una carcasa envolvent de poliuret\u00e0 integral que, juntament amb la seva estructura d\u2019hacer, assegura solidesa i durabilitat.<\/p>\n<p style=\"font-size: 16px; text-align: left;\">La cadira Koki es caracteriza pel seu disseny ergon\u00ecmic, pensat per a proporcionar confort i estabilitat incl\u00fas en un us continuat.<\/p>\n<p style=\"font-size: 16px; text-align: left;\">El seu acabat resistent i la seva est\u00e8tica contempor\u00e1nea la converteixen en una opci\u00f3 ideal tant per a espais residencials com per a oficines o sales de reunions.<\/p>\n<p style=\"font-size: 16px; text-align: left;\">En definitiva, la col\u00b7lecci\u00f3 Koki combina practicitat i disseny itali\u00e0 per a crear peces elegants, funcionals i f\u00e0cils d\u2019integrar a qualsevol ambient contemporani.<\/p>\n<h3>Conegui la col\u00b7lecci\u00f3 completa de Desalto a MIRSA<\/h3>\n<p style=\"font-size: 16px; text-align: left;\">A MIRSA interiorisme &#038; mobiliari som distribu\u00efdors oficials Desalto. Per a m\u00e9s informaci\u00f3, visiti el nostre Showroom o contacti amb nosaltres.<\/p>\n<p>[\/vc_column_text][vc_row_inner][vc_column_inner]<style type=\"text\/css\">#bklyn_btn_69d386a594fe3 .bklyn-btn { color:#ffffff !important; background-color:black !important; }<\/style><div id=\"bklyn_btn_69d386a594fe3\" class=\"bklyn-btn-holder  bklyn-btn-center bklyn-btn-tablet-center bklyn-btn-mobile-center\"><a title=\"Contacto\"   href=\"\/contacto\" target=\"_self\" class=\"bklyn-btn  bklyn-btn-icon-left bklyn-btn-normal\" ><i class=\"fa fa-envelope\"><\/i><span class=\"ut-btn-text\">M\u00e9s informaci\u00f3<\/span><\/a><\/div>[\/vc_column_inner][\/vc_row_inner][\/vc_column][\/vc_row][vc_section][vc_row][vc_column][vc_raw_html]JTNDc2NyaXB0JTIwdHlwZSUzRCUyMmFwcGxpY2F0aW9uJTJGbGQlMkJqc29uJTIyJTNFJTBBJTdCJTBBJTIwJTIwJTIyJTQwY29udGV4dCUyMiUzQSUyMCUyMmh0dHBzJTNBJTJGJTJGc2NoZW1hLm9yZyUyMiUyQyUwQSUyMCUyMCUyMiU0MHR5cGUlMjIlM0ElMjAlMjJQcm9kdWN0JTIyJTJDJTBBJTIwJTIwJTIybmFtZSUyMiUzQSUyMCUyMkNhZGlyYSUyMEtva2klMjBEZXNhbHRvJTIyJTJDJTBBJTIwJTIwJTIydXJsJTIyJTNBJTIwJTIyaHR0cHMlM0ElMkYlMkZ3d3cubWlyc2EuZXMlMkZjYSUyRnNpbGxhLWtva2ktZGVzYWx0byUyRiUyMiUyQyUwQSUyMCUyMCUyMmltYWdlJTIyJTNBJTIwJTVCJTBBJTIwJTIwJTIwJTIwJTIyaHR0cHMlM0ElMkYlMkZ3d3cubWlyc2EuZXMlMkZ3cC1jb250ZW50JTJGdXBsb2FkcyUyRjIwMjAlMkYwNyUyRnNpbGxhX2tva2lfZGVzYWx0by5qcGclMjIlMEElMjAlMjAlNUQlMkMlMEElMjAlMjAlMjJkZXNjcmlwdGlvbiUyMiUzQSUyMCUyMkRlc2NvYnJlaXhpJTIwbGElMjBjYWRpcmElMjBLb2tpJTIwZGUlMjBEZXNhbHRvJTIwYSUyME1JUlNBLiUyME1pbmltYWxpc21lJTIwY29udGVtcG9yYW5pJTJDJTIwZXJnb25vbWlhJTIwaSUyMHZlcnNhdGlsaXRhdCUyMGVuJTIwdW4lMjBkaXNzZW55JTIwaXRhbGklQzMlQTAlMjBlbGVnYW50JTIwaSUyMGZ1bmNpb25hbC4lMjIlMkMlMEElMjAlMjAlMjJicmFuZCUyMiUzQSUyMCU3QiUyMCUwQSUyMCUyMCUyMCUyMCUyMiU0MHR5cGUlMjIlM0ElMjAlMjJCcmFuZCUyMiUyQyUyMCUwQSUyMCUyMCUyMCUyMCUyMm5hbWUlMjIlM0ElMjAlMjJEZXNhbHRvJTIyJTIwJTBBJTIwJTIwJTdEJTJDJTBBJTIwJTIwJTIybW9kZWwlMjIlM0ElMjAlMjJLb2tpJTIyJTJDJTBBJTIwJTIwJTIybWF0ZXJpYWwlMjIlM0ElMjAlMjJQb2xpdXJldCVDMyVBMCUyMGludGVncmFsJTIwaSUyMGVzdHJ1Y3R1cmElMjBkJUUyJTgwJTk5YWNlciUyMiUwQSU3RCUwQSUzQyUyRnNjcmlwdCUzRQ==[\/vc_raw_html][\/vc_column][\/vc_row][\/vc_section]<\/p>\n<\/div>","protected":false},"excerpt":{"rendered":"<p>[vc_row][vc_column][vc_column_text] Minimalisme itali\u00e0 per a espais contemporanis La cadira Koki de Desalto apropa el disseny Contract a la llar, amb cadires i tamborets de linies fresques i actuals. Ergonomia, confort i disseny vers\u00e0til en una sola pe\u00e7a El seu atractiu radica en la perfecta harmonia entre est\u00e8tica, comoditat i innovaci\u00f3n, oferint peces que destaquen desde [&hellip;]<\/p>\n","protected":false},"author":1,"featured_media":0,"parent":0,"menu_order":0,"comment_status":"closed","ping_status":"closed","template":"","meta":{"footnotes":""},"class_list":["post-51226","page","type-page","status-publish","hentry"],"aioseo_notices":[],"_links":{"self":[{"href":"https:\/\/www.mirsa.es\/ca\/wp-json\/wp\/v2\/pages\/51226","targetHints":{"allow":["GET"]}}],"collection":[{"href":"https:\/\/www.mirsa.es\/ca\/wp-json\/wp\/v2\/pages"}],"about":[{"href":"https:\/\/www.mirsa.es\/ca\/wp-json\/wp\/v2\/types\/page"}],"author":[{"embeddable":true,"href":"https:\/\/www.mirsa.es\/ca\/wp-json\/wp\/v2\/users\/1"}],"replies":[{"embeddable":true,"href":"https:\/\/www.mirsa.es\/ca\/wp-json\/wp\/v2\/comments?post=51226"}],"version-history":[{"count":0,"href":"https:\/\/www.mirsa.es\/ca\/wp-json\/wp\/v2\/pages\/51226\/revisions"}],"wp:attachment":[{"href":"https:\/\/www.mirsa.es\/ca\/wp-json\/wp\/v2\/media?parent=51226"}],"curies":[{"name":"wp","href":"https:\/\/api.w.org\/{rel}","templated":true}]}}