{"id":51217,"date":"2017-05-10T10:58:18","date_gmt":"2017-05-10T08:58:18","guid":{"rendered":"http:\/\/www.mirsa.es.mialias.net\/silla-jens-bb-italia\/"},"modified":"2021-02-19T09:58:06","modified_gmt":"2021-02-19T09:58:06","slug":"silla-jens-bb-italia","status":"publish","type":"page","link":"https:\/\/www.mirsa.es\/ca\/silla-jens-bb-italia\/","title":{"rendered":"Cadira Jens B&#038;B Italia"},"content":{"rendered":"<div class=\"wpb-content-wrapper\"><p>[vc_row][vc_column][vc_column_text]<\/p>\n<h5><img decoding=\"async\" class=\"wp-image-1077 size-large aligncenter\" title=\"Cadira Jens B&#038;B Italia\" src=\"\/wp-content\/uploads\/2020\/07\/silla_jens_bb_italia_portada.jpg\" alt=\"Cadira Jens B&#038;B Italia\" width=\"100%\" height=\"400\" \/><\/h5>\n<p style=\"font-size: 16px; text-align: left;\"><strong>La cadira Jens de B&#038;B Italia \u00e9s una espectacular pe\u00e7a dissenyada per Antonio Citterio inspirada en el disseny representatiu dels anys 50.<br \/>\n<\/strong><\/p>\n<p style=\"font-size: 16px; text-align: left;\">El dissenyador reinterpreta l\u2019estil cl\u00e0ssic de les cadires xineses de meitats del segle XX, redescubrint l\u2019artesania de la fusta corbada i afegint-li una ess\u00e8ncia m\u00e9s fresca i contempor\u00e0nea.<\/p>\n<p style=\"font-size: 16px; text-align: left;\">Jens est\u00e0 disponible en dues modalitats diferentsm en funci\u00f3 del tipus de fusta amb el que ha estat dissenyada: fusta de roure o weng\u00e9 natural.\n<\/p>\n<p style=\"font-size: 16px; text-align: left;\">Al nostre Showroom disposem d\u2019una amplia selecci\u00f3n de col\u00b7leccions B&#038;B Italia. Per a m\u00e9s informaci\u00f3n sobre la col\u00b7lecci\u00f3, contacti amb nosaltres o visiti la nostra exposici\u00f3.<\/p>\n<p>[\/vc_column_text][vc_row_inner][vc_column_inner]<style type=\"text\/css\">#bklyn_btn_69f2c0c26ae87 .bklyn-btn { color:#ffffff !important; background-color:black !important; }<\/style><div id=\"bklyn_btn_69f2c0c26ae87\" class=\"bklyn-btn-holder  bklyn-btn-center bklyn-btn-tablet-center bklyn-btn-mobile-center\"><a title=\"Contacto\"   href=\"\/contacto\" target=\"_self\" class=\"bklyn-btn  bklyn-btn-icon-left bklyn-btn-normal\" ><i class=\"fa fa-envelope\"><\/i><span class=\"ut-btn-text\">M\u00e9s informaci\u00f3<\/span><\/a><\/div>[\/vc_column_inner][\/vc_row_inner][\/vc_column][\/vc_row]<\/p>\n<\/div>","protected":false},"excerpt":{"rendered":"<p>[vc_row][vc_column][vc_column_text] La cadira Jens de B&#038;B Italia \u00e9s una espectacular pe\u00e7a dissenyada per Antonio Citterio inspirada en el disseny representatiu dels anys 50. El dissenyador reinterpreta l\u2019estil cl\u00e0ssic de les cadires xineses de meitats del segle XX, redescubrint l\u2019artesania de la fusta corbada i afegint-li una ess\u00e8ncia m\u00e9s fresca i contempor\u00e0nea. Jens est\u00e0 disponible en [&hellip;]<\/p>\n","protected":false},"author":1,"featured_media":0,"parent":0,"menu_order":0,"comment_status":"closed","ping_status":"closed","template":"","meta":{"footnotes":""},"class_list":["post-51217","page","type-page","status-publish","hentry"],"aioseo_notices":[],"_links":{"self":[{"href":"https:\/\/www.mirsa.es\/ca\/wp-json\/wp\/v2\/pages\/51217","targetHints":{"allow":["GET"]}}],"collection":[{"href":"https:\/\/www.mirsa.es\/ca\/wp-json\/wp\/v2\/pages"}],"about":[{"href":"https:\/\/www.mirsa.es\/ca\/wp-json\/wp\/v2\/types\/page"}],"author":[{"embeddable":true,"href":"https:\/\/www.mirsa.es\/ca\/wp-json\/wp\/v2\/users\/1"}],"replies":[{"embeddable":true,"href":"https:\/\/www.mirsa.es\/ca\/wp-json\/wp\/v2\/comments?post=51217"}],"version-history":[{"count":0,"href":"https:\/\/www.mirsa.es\/ca\/wp-json\/wp\/v2\/pages\/51217\/revisions"}],"wp:attachment":[{"href":"https:\/\/www.mirsa.es\/ca\/wp-json\/wp\/v2\/media?parent=51217"}],"curies":[{"name":"wp","href":"https:\/\/api.w.org\/{rel}","templated":true}]}}