{"id":51206,"date":"2017-05-10T20:23:57","date_gmt":"2017-05-10T18:23:57","guid":{"rendered":"http:\/\/www.mirsa.es.mialias.net\/silla-ionis-porada\/"},"modified":"2021-02-19T09:33:19","modified_gmt":"2021-02-19T09:33:19","slug":"silla-ionis-porada","status":"publish","type":"page","link":"https:\/\/www.mirsa.es\/ca\/silla-ionis-porada\/","title":{"rendered":"Cadira Ionis Porada"},"content":{"rendered":"<div class=\"wpb-content-wrapper\"><p>[vc_row][vc_column][vc_column_text]<\/p>\n<h5><img decoding=\"async\" class=\"wp-image-1077 size-large aligncenter\" title=\"Cadira Ionis Porada\" src=\"\/wp-content\/uploads\/2020\/07\/silla_ionis_porada_portada.jpg\" alt=\"Cadira Ionis Porada\" width=\"100%\" height=\"400\" \/><\/h5>\n<p style=\"font-size: 16px; text-align: left;\"><strong>La cadira Ionis de Porada \u00e9s una pe\u00e7a d\u2019estil cl\u00e0ssic dissenyada pels reconeguts Gabriele i Oscar Buratti.<\/strong><\/p>\n<p style=\"font-size: 16px; text-align: left;\">Es tracta d\u2019una cadira amb estructura de fusta massissa de noguera i un elegant seient en cuoietto, ideal per acomodar-se.<\/p>\n<p style=\"font-size: 16px; text-align: left;\">Ionis s\u2019adapta a la perfecci\u00f3 a ambients de l\u00ednea tradicional, gr\u00e0cies als seus volums uniformes i equilibrats, garantint al m\u00e0xim el confort.\n<\/p>\n<p style=\"font-size: 16px; text-align: left;\">A MIRSA interiorisme &#038; mobiliari som distribu\u00efdors oficials Porada. Per a m\u00e9s informaci\u00f3n visiti el nostre Showroom o contacti amb nosaltres.\n<\/p>\n<p>[\/vc_column_text][vc_row_inner][vc_column_inner]<style type=\"text\/css\">#bklyn_btn_69d13834a8a42 .bklyn-btn { color:#ffffff !important; background-color:black !important; }<\/style><div id=\"bklyn_btn_69d13834a8a42\" class=\"bklyn-btn-holder  bklyn-btn-center bklyn-btn-tablet-center bklyn-btn-mobile-center\"><a title=\"Contacto\"   href=\"\/contacto\" target=\"_self\" class=\"bklyn-btn  bklyn-btn-icon-left bklyn-btn-normal\" ><i class=\"fa fa-envelope\"><\/i><span class=\"ut-btn-text\">M\u00e9s informaci\u00f3<\/span><\/a><\/div>[\/vc_column_inner][\/vc_row_inner][\/vc_column][\/vc_row]<\/p>\n<\/div>","protected":false},"excerpt":{"rendered":"<p>[vc_row][vc_column][vc_column_text] La cadira Ionis de Porada \u00e9s una pe\u00e7a d\u2019estil cl\u00e0ssic dissenyada pels reconeguts Gabriele i Oscar Buratti. Es tracta d\u2019una cadira amb estructura de fusta massissa de noguera i un elegant seient en cuoietto, ideal per acomodar-se. Ionis s\u2019adapta a la perfecci\u00f3 a ambients de l\u00ednea tradicional, gr\u00e0cies als seus volums uniformes i equilibrats, [&hellip;]<\/p>\n","protected":false},"author":1,"featured_media":0,"parent":0,"menu_order":0,"comment_status":"closed","ping_status":"closed","template":"","meta":{"footnotes":""},"class_list":["post-51206","page","type-page","status-publish","hentry"],"aioseo_notices":[],"_links":{"self":[{"href":"https:\/\/www.mirsa.es\/ca\/wp-json\/wp\/v2\/pages\/51206","targetHints":{"allow":["GET"]}}],"collection":[{"href":"https:\/\/www.mirsa.es\/ca\/wp-json\/wp\/v2\/pages"}],"about":[{"href":"https:\/\/www.mirsa.es\/ca\/wp-json\/wp\/v2\/types\/page"}],"author":[{"embeddable":true,"href":"https:\/\/www.mirsa.es\/ca\/wp-json\/wp\/v2\/users\/1"}],"replies":[{"embeddable":true,"href":"https:\/\/www.mirsa.es\/ca\/wp-json\/wp\/v2\/comments?post=51206"}],"version-history":[{"count":0,"href":"https:\/\/www.mirsa.es\/ca\/wp-json\/wp\/v2\/pages\/51206\/revisions"}],"wp:attachment":[{"href":"https:\/\/www.mirsa.es\/ca\/wp-json\/wp\/v2\/media?parent=51206"}],"curies":[{"name":"wp","href":"https:\/\/api.w.org\/{rel}","templated":true}]}}