{"id":51180,"date":"2019-08-16T10:13:12","date_gmt":"2019-08-16T08:13:12","guid":{"rendered":"http:\/\/www.mirsa.es.mialias.net\/silla-garbo-porada\/"},"modified":"2021-02-18T17:57:21","modified_gmt":"2021-02-18T17:57:21","slug":"silla-garbo-porada","status":"publish","type":"page","link":"https:\/\/www.mirsa.es\/ca\/silla-garbo-porada\/","title":{"rendered":"Silla Garbo Porada"},"content":{"rendered":"<div class=\"wpb-content-wrapper\"><p>[vc_row][vc_column][vc_column_text]<\/p>\n<h5><img decoding=\"async\" class=\"wp-image-1077 size-large aligncenter\" title=\"Cadira Garbo Porada\" src=\"\/wp-content\/uploads\/2020\/07\/silla_garbo_porada.jpg\" alt=\"Cadira Garbo Porada\" width=\"100%\" height=\"400\" \/><\/h5>\n<p style=\"font-size: 16px; text-align: left;\"><strong>Garbo de la firma italiana Porada \u00e9s una elegant i majestuosa cadira que destaca per la peculiar forma dels recolza bra\u00e7os, que recorda a una caracola.<\/strong><\/p>\n<p style=\"font-size: 16px; text-align: left;\">Patentada pel prestigi\u00f3s dissenyador T. Colzani, la col\u00b7lecci\u00f3 es presenta en estructura massissa de freixe. Pels entapissats dels seients i dels respatllers, la firma disposa d\u2019una \u00e0mplia gamma de teles i acabats.<\/p>\n<p style=\"font-size: 16px; text-align: left;\">Es tracta d\u2019una pe\u00e7a vers\u00e0til i polivalent, que gr\u00e0cies a les m\u00faltiples opcions de personalitzaci\u00f3 que ofereix, encaixa amb facilitat a qualsevol mena d\u2019espai.<\/p>\n<p style=\"font-size: 16px; text-align: left;\">A MIRSA interiorisme &#038; mobiliari som distribu\u00efdors oficials Porada. Per a m\u00e9s informaci\u00f3, contacti amb nosaltres o visiti la nostra exposici\u00f3.\n<\/p>\n<p>[\/vc_column_text][vc_row_inner][vc_column_inner]<style type=\"text\/css\">#bklyn_btn_69d20305713d7 .bklyn-btn { color:#ffffff !important; background-color:black !important; }<\/style><div id=\"bklyn_btn_69d20305713d7\" class=\"bklyn-btn-holder  bklyn-btn-center bklyn-btn-tablet-center bklyn-btn-mobile-center\"><a title=\"Contacto\"   href=\"\/contacto\" target=\"_self\" class=\"bklyn-btn  bklyn-btn-icon-left bklyn-btn-normal\" ><i class=\"fa fa-envelope\"><\/i><span class=\"ut-btn-text\">M\u00e9s informaci\u00f3<\/span><\/a><\/div>[\/vc_column_inner][\/vc_row_inner][\/vc_column][\/vc_row]<\/p>\n<\/div>","protected":false},"excerpt":{"rendered":"<p>[vc_row][vc_column][vc_column_text] Garbo de la firma italiana Porada \u00e9s una elegant i majestuosa cadira que destaca per la peculiar forma dels recolza bra\u00e7os, que recorda a una caracola. Patentada pel prestigi\u00f3s dissenyador T. Colzani, la col\u00b7lecci\u00f3 es presenta en estructura massissa de freixe. Pels entapissats dels seients i dels respatllers, la firma disposa d\u2019una \u00e0mplia gamma [&hellip;]<\/p>\n","protected":false},"author":1,"featured_media":0,"parent":0,"menu_order":0,"comment_status":"closed","ping_status":"closed","template":"","meta":{"footnotes":""},"class_list":["post-51180","page","type-page","status-publish","hentry"],"aioseo_notices":[],"_links":{"self":[{"href":"https:\/\/www.mirsa.es\/ca\/wp-json\/wp\/v2\/pages\/51180","targetHints":{"allow":["GET"]}}],"collection":[{"href":"https:\/\/www.mirsa.es\/ca\/wp-json\/wp\/v2\/pages"}],"about":[{"href":"https:\/\/www.mirsa.es\/ca\/wp-json\/wp\/v2\/types\/page"}],"author":[{"embeddable":true,"href":"https:\/\/www.mirsa.es\/ca\/wp-json\/wp\/v2\/users\/1"}],"replies":[{"embeddable":true,"href":"https:\/\/www.mirsa.es\/ca\/wp-json\/wp\/v2\/comments?post=51180"}],"version-history":[{"count":0,"href":"https:\/\/www.mirsa.es\/ca\/wp-json\/wp\/v2\/pages\/51180\/revisions"}],"wp:attachment":[{"href":"https:\/\/www.mirsa.es\/ca\/wp-json\/wp\/v2\/media?parent=51180"}],"curies":[{"name":"wp","href":"https:\/\/api.w.org\/{rel}","templated":true}]}}