{"id":51154,"date":"2017-11-09T11:12:30","date_gmt":"2017-11-09T10:12:30","guid":{"rendered":"http:\/\/www.mirsa.es.mialias.net\/silla-eunice-maxalto\/"},"modified":"2021-02-18T16:34:58","modified_gmt":"2021-02-18T16:34:58","slug":"silla-eunice-maxalto","status":"publish","type":"page","link":"https:\/\/www.mirsa.es\/ca\/silla-eunice-maxalto\/","title":{"rendered":"Cadira Eunice Maxalto"},"content":{"rendered":"<div class=\"wpb-content-wrapper\"><p>[vc_row][vc_column][vc_column_text]<\/p>\n<h5><img decoding=\"async\" class=\"wp-image-1077 size-large aligncenter\" title=\"Cadira Eunice Maxalto\" src=\"\/wp-content\/uploads\/2020\/07\/silla_eunice_maxalto.jpg\" alt=\"Cadira Eunice Maxalto\" width=\"100%\" height=\"400\"\/><\/h5>\n<p style=\"font-size: 16px; text-align: left;\"><strong>La cadira Eunice de Maxalto destaca per la seva est\u00e8tica elegant i refinada que l\u2019ha portat a convertir-se en una de les peces m\u00e9s admirades de la firma.<\/strong><\/p>\n<p style=\"font-size: 16px; text-align: left;\">Presentada al 1996 pel reconegut Antonio Citterio, amb el pas dels anys s\u2019ha convertit en una de les col\u00b7leccions m\u00e9s ic\u00f2niques de Maxalto.<\/p>\n<p style=\"font-size: 16px; text-align: left;\">Disposa d\u2019un seient c\u00f2mode i acollidor gr\u00e0cies al seu recobriment de plomes. Les potes poden presentar-se en acer cromat o n\u00edquel bronzejat.\n<\/p>\n<p style=\"font-size: 16px; text-align: left;\">A MIRSA interiorisme &#038; mobiliari disposem d\u2019una extensa col\u00b7lecci\u00f3 de mobles Maxalto. Per a m\u00e9s informaci\u00f3, visiti el nostre Showroom o contacti amb nosaltres.<\/p>\n<p>[\/vc_column_text][vc_row_inner][vc_column_inner]<style type=\"text\/css\">#bklyn_btn_69d1b295234f0 .bklyn-btn { color:#ffffff !important; background-color:black !important; }<\/style><div id=\"bklyn_btn_69d1b295234f0\" class=\"bklyn-btn-holder  bklyn-btn-center bklyn-btn-tablet-center bklyn-btn-mobile-center\"><a title=\"Contacto\"   href=\"\/contacto\" target=\"_self\" class=\"bklyn-btn  bklyn-btn-icon-left bklyn-btn-normal\" ><i class=\"fa fa-envelope\"><\/i><span class=\"ut-btn-text\">M\u00e9s informaci\u00f3<\/span><\/a><\/div>[\/vc_column_inner][\/vc_row_inner][\/vc_column][\/vc_row]<\/p>\n<\/div>","protected":false},"excerpt":{"rendered":"<p>[vc_row][vc_column][vc_column_text] La cadira Eunice de Maxalto destaca per la seva est\u00e8tica elegant i refinada que l\u2019ha portat a convertir-se en una de les peces m\u00e9s admirades de la firma. Presentada al 1996 pel reconegut Antonio Citterio, amb el pas dels anys s\u2019ha convertit en una de les col\u00b7leccions m\u00e9s ic\u00f2niques de Maxalto. Disposa d\u2019un seient [&hellip;]<\/p>\n","protected":false},"author":1,"featured_media":0,"parent":0,"menu_order":0,"comment_status":"closed","ping_status":"closed","template":"","meta":{"footnotes":""},"class_list":["post-51154","page","type-page","status-publish","hentry"],"aioseo_notices":[],"_links":{"self":[{"href":"https:\/\/www.mirsa.es\/ca\/wp-json\/wp\/v2\/pages\/51154","targetHints":{"allow":["GET"]}}],"collection":[{"href":"https:\/\/www.mirsa.es\/ca\/wp-json\/wp\/v2\/pages"}],"about":[{"href":"https:\/\/www.mirsa.es\/ca\/wp-json\/wp\/v2\/types\/page"}],"author":[{"embeddable":true,"href":"https:\/\/www.mirsa.es\/ca\/wp-json\/wp\/v2\/users\/1"}],"replies":[{"embeddable":true,"href":"https:\/\/www.mirsa.es\/ca\/wp-json\/wp\/v2\/comments?post=51154"}],"version-history":[{"count":0,"href":"https:\/\/www.mirsa.es\/ca\/wp-json\/wp\/v2\/pages\/51154\/revisions"}],"wp:attachment":[{"href":"https:\/\/www.mirsa.es\/ca\/wp-json\/wp\/v2\/media?parent=51154"}],"curies":[{"name":"wp","href":"https:\/\/api.w.org\/{rel}","templated":true}]}}