{"id":51133,"date":"2019-08-16T18:06:12","date_gmt":"2019-08-16T16:06:12","guid":{"rendered":"http:\/\/www.mirsa.es.mialias.net\/silla-emily-arketipo\/"},"modified":"2021-02-18T12:20:42","modified_gmt":"2021-02-18T12:20:42","slug":"silla-emily-arketipo","status":"publish","type":"page","link":"https:\/\/www.mirsa.es\/ca\/silla-emily-arketipo\/","title":{"rendered":"Cadira Emily Arketipo"},"content":{"rendered":"<div class=\"wpb-content-wrapper\"><p>[vc_row][vc_column][vc_column_text]<\/p>\n<h5><img decoding=\"async\" class=\"wp-image-1077 size-large aligncenter\" title=\"Cadira Emily Arketipo\" src=\"\/wp-content\/uploads\/2020\/07\/silla_emily_porada.jpg\" alt=\"Cadira Emily Arketipo\" width=\"100%\" height=\"400\" \/><\/h5>\n<p style=\"font-size: 16px; text-align: left;\"><strong>Emily de la prestigiosa firma italiana Arketipo Firenze \u00e9s una espectacular cadira d\u2019estil contemporani patentada pel prestigi\u00f3s estudi de disseny Manzoni &#038; Tapinassi.<\/strong><\/p>\n<p style=\"font-size: 16px; text-align: left;\">La pe\u00e7a destaca per la seva geometria rigorosa que disposa d\u2019un ampli seient amb respatller baix reversible, que garanteix la m\u00e0xima comoditat.\n<\/p>\n<p style=\"font-size: 16px; text-align: left;\">Es tracta d\u2019una cadira vers\u00e0til i polivalent, que encaixa a la perfecci\u00f3 en qualsevol tipus d\u2019espais gr\u00e0cies a la seva \u00e0mplia gamma d\u2019acabats.<\/p>\n<p style=\"font-size: 16px; text-align: left;\">A MIRSA interiorisme &#038; mobiliari som distribu\u00efdors oficials Arketipo. Per a m\u00e9s informaci\u00f3, visiti el nostre Showroom o contacti amb nosaltres.<\/p>\n<p>[\/vc_column_text][vc_row_inner][vc_column_inner]<style type=\"text\/css\">#bklyn_btn_69d2564b1cccd .bklyn-btn { color:#ffffff !important; background-color:black !important; }<\/style><div id=\"bklyn_btn_69d2564b1cccd\" class=\"bklyn-btn-holder  bklyn-btn-center bklyn-btn-tablet-center bklyn-btn-mobile-center\"><a title=\"Contacto\"   href=\"\/contacto\" target=\"_self\" class=\"bklyn-btn  bklyn-btn-icon-left bklyn-btn-normal\" ><i class=\"fa fa-envelope\"><\/i><span class=\"ut-btn-text\">M\u00e9s informaci\u00f3<\/span><\/a><\/div>[\/vc_column_inner][\/vc_row_inner][\/vc_column][\/vc_row]<\/p>\n<\/div>","protected":false},"excerpt":{"rendered":"<p>[vc_row][vc_column][vc_column_text] Emily de la prestigiosa firma italiana Arketipo Firenze \u00e9s una espectacular cadira d\u2019estil contemporani patentada pel prestigi\u00f3s estudi de disseny Manzoni &#038; Tapinassi. La pe\u00e7a destaca per la seva geometria rigorosa que disposa d\u2019un ampli seient amb respatller baix reversible, que garanteix la m\u00e0xima comoditat. Es tracta d\u2019una cadira vers\u00e0til i polivalent, que encaixa [&hellip;]<\/p>\n","protected":false},"author":1,"featured_media":0,"parent":0,"menu_order":0,"comment_status":"closed","ping_status":"closed","template":"","meta":{"footnotes":""},"class_list":["post-51133","page","type-page","status-publish","hentry"],"aioseo_notices":[],"_links":{"self":[{"href":"https:\/\/www.mirsa.es\/ca\/wp-json\/wp\/v2\/pages\/51133","targetHints":{"allow":["GET"]}}],"collection":[{"href":"https:\/\/www.mirsa.es\/ca\/wp-json\/wp\/v2\/pages"}],"about":[{"href":"https:\/\/www.mirsa.es\/ca\/wp-json\/wp\/v2\/types\/page"}],"author":[{"embeddable":true,"href":"https:\/\/www.mirsa.es\/ca\/wp-json\/wp\/v2\/users\/1"}],"replies":[{"embeddable":true,"href":"https:\/\/www.mirsa.es\/ca\/wp-json\/wp\/v2\/comments?post=51133"}],"version-history":[{"count":0,"href":"https:\/\/www.mirsa.es\/ca\/wp-json\/wp\/v2\/pages\/51133\/revisions"}],"wp:attachment":[{"href":"https:\/\/www.mirsa.es\/ca\/wp-json\/wp\/v2\/media?parent=51133"}],"curies":[{"name":"wp","href":"https:\/\/api.w.org\/{rel}","templated":true}]}}