{"id":51118,"date":"2019-02-28T11:42:36","date_gmt":"2019-02-28T10:42:36","guid":{"rendered":"http:\/\/www.mirsa.es.mialias.net\/silla-dua-kristalia\/"},"modified":"2021-02-18T11:04:44","modified_gmt":"2021-02-18T11:04:44","slug":"silla-dua-kristalia","status":"publish","type":"page","link":"https:\/\/www.mirsa.es\/ca\/silla-dua-kristalia\/","title":{"rendered":"Cadira Dua Kristalia"},"content":{"rendered":"<div class=\"wpb-content-wrapper\"><p>[vc_row][vc_column][vc_column_text]<\/p>\n<h5><img decoding=\"async\" class=\"wp-image-1077 size-large aligncenter\" title=\"Cadira Dua Kristalia\" src=\"\/wp-content\/uploads\/2020\/07\/silla_dua_kristalia.jpg\" alt=\"Cadira Dua Kristalia\" width=\"100%\" height=\"400\" \/><\/h5>\n<p style=\"font-size: 16px; text-align: left;\"><strong>Dua de Kristalia \u00e9s una espectacular cadira de disseny contemporani patentada pel prestigi\u00f3s estudi d\u2019interiorisme Alemany La\u00fcfer &#038; Keichel.<\/strong><\/p>\n<p style=\"font-size: 16px; text-align: left;\">Es tracta d\u2019una cadira vers\u00e0til i polivalent, que es caracteritza per la seva estructura de l\u00ednies suaus i envolvents. El n\u00famero 2 adquireix un gran protagonisme en aquesta col\u00b7lecci\u00f3, determinant el seu nom i les dues superf\u00edcies el\u00b7l\u00edptiques del seient i el respatller.<\/p>\n<p style=\"font-size: 16px; text-align: left;\">La seva acollidora estructura ha estat dissenyada per a garantir la m\u00e0xima comoditat, adaptant-se a la perfecci\u00f3 al cos i afavorint el descans de l\u2019esquena.<\/p>\n<p style=\"font-size: 16px; text-align: left;\">La cadira est\u00e0 disponible en una gran quantitat de colors i acabats, adaptant-se amb facilitat a qualsevol tipus de projecte. A MIRSA interiorisme &#038; mobiliari som distribu\u00efdors oficials Kristalia. Per a m\u00e9s informaci\u00f3, visiti el nostre Showroom o contacti amb nosaltres.<\/p>\n<p>[\/vc_column_text][vc_row_inner][vc_column_inner]<style type=\"text\/css\">#bklyn_btn_69d1d205cd859 .bklyn-btn { color:#ffffff !important; background-color:black !important; }<\/style><div id=\"bklyn_btn_69d1d205cd859\" class=\"bklyn-btn-holder  bklyn-btn-center bklyn-btn-tablet-center bklyn-btn-mobile-center\"><a title=\"Contacto\"   href=\"\/contacto\" target=\"_self\" class=\"bklyn-btn  bklyn-btn-icon-left bklyn-btn-normal\" ><i class=\"fa fa-envelope\"><\/i><span class=\"ut-btn-text\">M\u00e9s informaci\u00f3<\/span><\/a><\/div>[\/vc_column_inner][\/vc_row_inner][\/vc_column][\/vc_row]<\/p>\n<\/div>","protected":false},"excerpt":{"rendered":"<p>[vc_row][vc_column][vc_column_text] Dua de Kristalia \u00e9s una espectacular cadira de disseny contemporani patentada pel prestigi\u00f3s estudi d\u2019interiorisme Alemany La\u00fcfer &#038; Keichel. Es tracta d\u2019una cadira vers\u00e0til i polivalent, que es caracteritza per la seva estructura de l\u00ednies suaus i envolvents. El n\u00famero 2 adquireix un gran protagonisme en aquesta col\u00b7lecci\u00f3, determinant el seu nom i les [&hellip;]<\/p>\n","protected":false},"author":1,"featured_media":0,"parent":0,"menu_order":0,"comment_status":"closed","ping_status":"closed","template":"","meta":{"footnotes":""},"class_list":["post-51118","page","type-page","status-publish","hentry"],"aioseo_notices":[],"_links":{"self":[{"href":"https:\/\/www.mirsa.es\/ca\/wp-json\/wp\/v2\/pages\/51118","targetHints":{"allow":["GET"]}}],"collection":[{"href":"https:\/\/www.mirsa.es\/ca\/wp-json\/wp\/v2\/pages"}],"about":[{"href":"https:\/\/www.mirsa.es\/ca\/wp-json\/wp\/v2\/types\/page"}],"author":[{"embeddable":true,"href":"https:\/\/www.mirsa.es\/ca\/wp-json\/wp\/v2\/users\/1"}],"replies":[{"embeddable":true,"href":"https:\/\/www.mirsa.es\/ca\/wp-json\/wp\/v2\/comments?post=51118"}],"version-history":[{"count":0,"href":"https:\/\/www.mirsa.es\/ca\/wp-json\/wp\/v2\/pages\/51118\/revisions"}],"wp:attachment":[{"href":"https:\/\/www.mirsa.es\/ca\/wp-json\/wp\/v2\/media?parent=51118"}],"curies":[{"name":"wp","href":"https:\/\/api.w.org\/{rel}","templated":true}]}}