{"id":51097,"date":"2020-09-12T16:27:38","date_gmt":"2020-09-12T16:27:38","guid":{"rendered":"http:\/\/www.mirsa.es.mialias.net\/silla-cutter-bb-italia\/"},"modified":"2021-02-18T08:48:09","modified_gmt":"2021-02-18T08:48:09","slug":"silla-cutter-bb-italia","status":"publish","type":"page","link":"https:\/\/www.mirsa.es\/ca\/silla-cutter-bb-italia\/","title":{"rendered":"Cadira Cutter B&#038;B Italia"},"content":{"rendered":"<div class=\"wpb-content-wrapper\"><p>[vc_row][vc_column][vc_column_text]<\/p>\n<h5><img decoding=\"async\" class=\"wp-image-1077 size-large aligncenter\" title=\"Cadira Cutter B&#038;B Italia\" src=\"\/wp-content\/uploads\/2020\/09\/silla_cutter_bb_italia.jpg\" alt=\"Cadira Cutter B&#038;B Italia\" width=\"100%\" height=\"400\"\/><\/h5>\n<p style=\"font-size: 16px; text-align: left;\"><strong>Cutter de la prestigiosa firma B&#038;B Italia \u00e9s una elegant i exclusiva cadira d\u2019estil contemporani patentada pel reconegut dissenyador Mario Bellini.<\/strong><\/p>\n<p style=\"font-size: 16px; text-align: left;\">La pe\u00e7a destaca per la seva est\u00e8tica lleugera i minimalista, que fa de Cutter un seient confortable i lleuger, que encaixa a la perfecci\u00f3 al sal\u00f3 o en el menjador.<\/p>\n<p style=\"font-size: 16px; text-align: left;\">Gr\u00e0cies al seu sofisticat nucli d\u2019acer harm\u00f2nic, la seva estructura garanteix la m\u00e0xima comoditat, sense renunciar a la bellesa est\u00e8tica que acompanya a totes les col\u00b7leccions de la firma.<\/p>\n<p style=\"font-size: 16px; text-align: left;\">A MIRSA interiorisme &#038; mobiliari som distribu\u00efdors oficials B&#038;B Italia. Per a m\u00e9s informaci\u00f3, visiti en nostre Showroom o contacti amb nosaltres.\n<\/p>\n<p>[\/vc_column_text][vc_row_inner][vc_column_inner]<style type=\"text\/css\">#bklyn_btn_69d253b348cc8 .bklyn-btn { color:#ffffff !important; background-color:black !important; }<\/style><div id=\"bklyn_btn_69d253b348cc8\" class=\"bklyn-btn-holder  bklyn-btn-center bklyn-btn-tablet-center bklyn-btn-mobile-center\"><a title=\"Contacto\"   href=\"\/contacto\" target=\"_self\" class=\"bklyn-btn  bklyn-btn-icon-left bklyn-btn-normal\" ><i class=\"fa fa-envelope\"><\/i><span class=\"ut-btn-text\">M\u00e9s informaci\u00f3<\/span><\/a><\/div>[\/vc_column_inner][\/vc_row_inner][\/vc_column][\/vc_row]<\/p>\n<\/div>","protected":false},"excerpt":{"rendered":"<p>[vc_row][vc_column][vc_column_text] Cutter de la prestigiosa firma B&#038;B Italia \u00e9s una elegant i exclusiva cadira d\u2019estil contemporani patentada pel reconegut dissenyador Mario Bellini. La pe\u00e7a destaca per la seva est\u00e8tica lleugera i minimalista, que fa de Cutter un seient confortable i lleuger, que encaixa a la perfecci\u00f3 al sal\u00f3 o en el menjador. Gr\u00e0cies al seu [&hellip;]<\/p>\n","protected":false},"author":1,"featured_media":0,"parent":0,"menu_order":0,"comment_status":"closed","ping_status":"closed","template":"","meta":{"footnotes":""},"class_list":["post-51097","page","type-page","status-publish","hentry"],"aioseo_notices":[],"_links":{"self":[{"href":"https:\/\/www.mirsa.es\/ca\/wp-json\/wp\/v2\/pages\/51097","targetHints":{"allow":["GET"]}}],"collection":[{"href":"https:\/\/www.mirsa.es\/ca\/wp-json\/wp\/v2\/pages"}],"about":[{"href":"https:\/\/www.mirsa.es\/ca\/wp-json\/wp\/v2\/types\/page"}],"author":[{"embeddable":true,"href":"https:\/\/www.mirsa.es\/ca\/wp-json\/wp\/v2\/users\/1"}],"replies":[{"embeddable":true,"href":"https:\/\/www.mirsa.es\/ca\/wp-json\/wp\/v2\/comments?post=51097"}],"version-history":[{"count":0,"href":"https:\/\/www.mirsa.es\/ca\/wp-json\/wp\/v2\/pages\/51097\/revisions"}],"wp:attachment":[{"href":"https:\/\/www.mirsa.es\/ca\/wp-json\/wp\/v2\/media?parent=51097"}],"curies":[{"name":"wp","href":"https:\/\/api.w.org\/{rel}","templated":true}]}}