{"id":51092,"date":"2019-01-19T12:31:56","date_gmt":"2019-01-19T11:31:56","guid":{"rendered":"http:\/\/www.mirsa.es.mialias.net\/silla-cosmos-bb-italia\/"},"modified":"2021-02-17T18:14:47","modified_gmt":"2021-02-17T18:14:47","slug":"silla-cosmos-bb-italia","status":"publish","type":"page","link":"https:\/\/www.mirsa.es\/ca\/silla-cosmos-bb-italia\/","title":{"rendered":"Cadira Cosmos B&#038;B Italia"},"content":{"rendered":"<div class=\"wpb-content-wrapper\"><p>[vc_row][vc_column][vc_column_text]<\/p>\n<h5><img decoding=\"async\" class=\"wp-image-1077 size-large aligncenter\" title=\"Cadira Cosmos B&#038;B Italia\" src=\"\/wp-content\/uploads\/2020\/07\/silla_cosmos_bb_italia_portada.jpg\" alt=\"Cadira Cosmos B&#038;B Italia\" width=\"100%\" height=\"400\" \/><\/h5>\n<p style=\"font-size: 16px; text-align: left;\"><strong>Cosmos de la firma B&#038;B Italia \u00e9s una espectacular cadira de disseny contemporani patentada pel prestigi\u00f3s Jeffrey Bernett.<br \/>\n<\/strong><\/p>\n<p style=\"font-size: 16px; text-align: left;\">La col\u00b7lecci\u00f3 representa una evoluci\u00f3 natural de la cadira Metropolitan, que en aquesta ocasi\u00f3 es presenta amb una tapisseria diferent i en diversos acabats. Cosmos est\u00e0 disponible en versi\u00f3 cl\u00e0ssica i girat\u00f2ria.<\/p>\n<p style=\"font-size: 16px; text-align: left;\">Es tracta d\u2019una cadira elegant, lleugera i apilable que, gr\u00e0cies a la seva versatilitat, encaixa a la perfecci\u00f3 en qualsevol tipus d\u2019ambient..<\/p>\n<p style=\"font-size: 16px; text-align: left;\">A MIRSA interiorisme &#038; mobiliari som distribu\u00efdors oficials B&#038;B Italia. Per a m\u00e9s informaci\u00f3, visiti el nostre Showroom o contacti amb nosaltres..<\/p>\n<p>[\/vc_column_text][vc_row_inner][vc_column_inner]<style type=\"text\/css\">#bklyn_btn_69f498ae9abc9 .bklyn-btn { color:#ffffff !important; background-color:black !important; }<\/style><div id=\"bklyn_btn_69f498ae9abc9\" class=\"bklyn-btn-holder  bklyn-btn-center bklyn-btn-tablet-center bklyn-btn-mobile-center\"><a title=\"Contacto\"   href=\"\/contacto\" target=\"_self\" class=\"bklyn-btn  bklyn-btn-icon-left bklyn-btn-normal\" ><i class=\"fa fa-envelope\"><\/i><span class=\"ut-btn-text\">M\u00e9s informaci\u00f3<\/span><\/a><\/div>[\/vc_column_inner][\/vc_row_inner][\/vc_column][\/vc_row]<\/p>\n<\/div>","protected":false},"excerpt":{"rendered":"<p>[vc_row][vc_column][vc_column_text] Cosmos de la firma B&#038;B Italia \u00e9s una espectacular cadira de disseny contemporani patentada pel prestigi\u00f3s Jeffrey Bernett. La col\u00b7lecci\u00f3 representa una evoluci\u00f3 natural de la cadira Metropolitan, que en aquesta ocasi\u00f3 es presenta amb una tapisseria diferent i en diversos acabats. Cosmos est\u00e0 disponible en versi\u00f3 cl\u00e0ssica i girat\u00f2ria. Es tracta d\u2019una cadira [&hellip;]<\/p>\n","protected":false},"author":1,"featured_media":0,"parent":0,"menu_order":0,"comment_status":"closed","ping_status":"closed","template":"","meta":{"footnotes":""},"class_list":["post-51092","page","type-page","status-publish","hentry"],"aioseo_notices":[],"_links":{"self":[{"href":"https:\/\/www.mirsa.es\/ca\/wp-json\/wp\/v2\/pages\/51092","targetHints":{"allow":["GET"]}}],"collection":[{"href":"https:\/\/www.mirsa.es\/ca\/wp-json\/wp\/v2\/pages"}],"about":[{"href":"https:\/\/www.mirsa.es\/ca\/wp-json\/wp\/v2\/types\/page"}],"author":[{"embeddable":true,"href":"https:\/\/www.mirsa.es\/ca\/wp-json\/wp\/v2\/users\/1"}],"replies":[{"embeddable":true,"href":"https:\/\/www.mirsa.es\/ca\/wp-json\/wp\/v2\/comments?post=51092"}],"version-history":[{"count":0,"href":"https:\/\/www.mirsa.es\/ca\/wp-json\/wp\/v2\/pages\/51092\/revisions"}],"wp:attachment":[{"href":"https:\/\/www.mirsa.es\/ca\/wp-json\/wp\/v2\/media?parent=51092"}],"curies":[{"name":"wp","href":"https:\/\/api.w.org\/{rel}","templated":true}]}}