{"id":51054,"date":"2017-05-11T11:03:00","date_gmt":"2017-05-11T09:03:00","guid":{"rendered":"http:\/\/www.mirsa.es.mialias.net\/silla-celine-porada\/"},"modified":"2021-02-17T16:10:21","modified_gmt":"2021-02-17T16:10:21","slug":"silla-celine-porada","status":"publish","type":"page","link":"https:\/\/www.mirsa.es\/ca\/silla-celine-porada\/","title":{"rendered":"Cadira Celine Porada"},"content":{"rendered":"<div class=\"wpb-content-wrapper\"><p>[vc_row][vc_column][vc_column_text]<\/p>\n<h5><img decoding=\"async\" class=\"wp-image-1077 size-large aligncenter\" title=\"Cadira Celine Porada\" src=\"\/wp-content\/uploads\/2020\/07\/silla_ionis_porada_portada.jpg\" alt=\"Cadira Celine Porada\" width=\"100%\" height=\"400\" \/><\/h5>\n<p style=\"font-size: 16px; text-align: left;\"><strong>La cadira Celine de la firma italiana Porada \u00e9s una exclusiva pe\u00e7a de disseny patentada pel prestigi\u00f3s Carlo Ballabio.<\/strong><\/p>\n<p style=\"font-size: 16px; text-align: left;\">Es tracta d\u2019una cadira d\u2019estructura en fusta d\u2019alta qualitat de noguera o freixe que es caracteritza per l\u2019est\u00e8tica cl\u00e0ssica i uniforme, evitant estrid\u00e8ncies.<\/p>\n<p style=\"font-size: 16px; text-align: left;\">Celine encaixa a la perfecci\u00f3 a salons d\u2019ambientaci\u00f3 cl\u00e0ssica, oferint la m\u00e0xima comoditat gr\u00e0cies a l\u2019eleg\u00e0ncia i distinci\u00f3 de la seva estructura ergon\u00f2mica.<\/p>\n<p style=\"font-size: 16px; text-align: left;\">A MIRSA interiorisme &#038; mobiliari som distribu\u00efdors oficials Porada. Per a m\u00e9s informaci\u00f3 sobre la col\u00b7lecci\u00f3, visiti el nostre Showroom o contacti amb nosaltres.<\/p>\n<p>[\/vc_column_text][vc_row_inner][vc_column_inner]<style type=\"text\/css\">#bklyn_btn_69d1388c6913a .bklyn-btn { color:#ffffff !important; background-color:black !important; }<\/style><div id=\"bklyn_btn_69d1388c6913a\" class=\"bklyn-btn-holder  bklyn-btn-center bklyn-btn-tablet-center bklyn-btn-mobile-center\"><a title=\"Contacto\"   href=\"\/contacto\" target=\"_self\" class=\"bklyn-btn  bklyn-btn-icon-left bklyn-btn-normal\" ><i class=\"fa fa-envelope\"><\/i><span class=\"ut-btn-text\">M\u00e9s informaci\u00f3<\/span><\/a><\/div>[\/vc_column_inner][\/vc_row_inner][\/vc_column][\/vc_row]<\/p>\n<\/div>","protected":false},"excerpt":{"rendered":"<p>[vc_row][vc_column][vc_column_text] La cadira Celine de la firma italiana Porada \u00e9s una exclusiva pe\u00e7a de disseny patentada pel prestigi\u00f3s Carlo Ballabio. Es tracta d\u2019una cadira d\u2019estructura en fusta d\u2019alta qualitat de noguera o freixe que es caracteritza per l\u2019est\u00e8tica cl\u00e0ssica i uniforme, evitant estrid\u00e8ncies. Celine encaixa a la perfecci\u00f3 a salons d\u2019ambientaci\u00f3 cl\u00e0ssica, oferint la m\u00e0xima [&hellip;]<\/p>\n","protected":false},"author":1,"featured_media":0,"parent":0,"menu_order":0,"comment_status":"closed","ping_status":"closed","template":"","meta":{"footnotes":""},"class_list":["post-51054","page","type-page","status-publish","hentry"],"aioseo_notices":[],"_links":{"self":[{"href":"https:\/\/www.mirsa.es\/ca\/wp-json\/wp\/v2\/pages\/51054","targetHints":{"allow":["GET"]}}],"collection":[{"href":"https:\/\/www.mirsa.es\/ca\/wp-json\/wp\/v2\/pages"}],"about":[{"href":"https:\/\/www.mirsa.es\/ca\/wp-json\/wp\/v2\/types\/page"}],"author":[{"embeddable":true,"href":"https:\/\/www.mirsa.es\/ca\/wp-json\/wp\/v2\/users\/1"}],"replies":[{"embeddable":true,"href":"https:\/\/www.mirsa.es\/ca\/wp-json\/wp\/v2\/comments?post=51054"}],"version-history":[{"count":0,"href":"https:\/\/www.mirsa.es\/ca\/wp-json\/wp\/v2\/pages\/51054\/revisions"}],"wp:attachment":[{"href":"https:\/\/www.mirsa.es\/ca\/wp-json\/wp\/v2\/media?parent=51054"}],"curies":[{"name":"wp","href":"https:\/\/api.w.org\/{rel}","templated":true}]}}