{"id":51036,"date":"2018-11-15T12:35:59","date_gmt":"2018-11-15T11:35:59","guid":{"rendered":"http:\/\/www.mirsa.es.mialias.net\/silla-brooklyn-vondom\/"},"modified":"2021-02-17T12:45:04","modified_gmt":"2021-02-17T12:45:04","slug":"silla-brooklyn-vondom","status":"publish","type":"page","link":"https:\/\/www.mirsa.es\/ca\/silla-brooklyn-vondom\/","title":{"rendered":"Silla Brooklyn Vondom"},"content":{"rendered":"<div class=\"wpb-content-wrapper\"><p>[vc_row][vc_column][vc_column_text]<\/p>\n<h5><img decoding=\"async\" class=\"wp-image-1077 size-large aligncenter\" title=\"Silla Brooklyn Vondom\" src=\"\/wp-content\/uploads\/2020\/08\/silla_brooklyn_vondom.jpg\" alt=\"Silla Brooklyn Vondom\" width=\"100%\" height=\"400\" \/><\/h5>\n<p style=\"font-size: 16px; text-align: left;\"><strong>Brooklyn, patentada por el prestigioso dise\u00f1ador Eugeni Quitllet para la firma Vondom, es una espectacular silla de exterior de estilo contempor\u00e1neo.<\/strong><\/p>\n<p style=\"font-size: 16px; text-align: left;\">La pieza es una combinaci\u00f3n perfecta entre l\u00edneas rectas y curvas que forman unos espectaculares arcos que recuerdan al famoso puente de New York.<\/p>\n<p style=\"font-size: 16px; text-align: left;\">El autor de piezas tan ic\u00f3nicas como la silla Masters de Kartell o la mesa Injoy de Dedon nos presenta en esta ocasi\u00f3n una silla de dise\u00f1o urbano que se adapta a la perfecci\u00f3n a cualquier espacio.<\/p>\n<p style=\"font-size: 16px; text-align: left;\">En MIRSA interiorismo &#038; mobiliario somos distribuidores oficiales Vondom. Para m\u00e1s informaci\u00f3n, visite nuestro Showroom o contacte con nosotros.<\/p>\n<p>[\/vc_column_text][vc_row_inner][vc_column_inner]<style type=\"text\/css\">#bklyn_btn_69d24afde9731 .bklyn-btn { color:#ffffff !important; background-color:black !important; }<\/style><div id=\"bklyn_btn_69d24afde9731\" class=\"bklyn-btn-holder  bklyn-btn-center bklyn-btn-tablet-center bklyn-btn-mobile-center\"><a title=\"Contacto\"   href=\"\/contacto\" target=\"_self\" class=\"bklyn-btn  bklyn-btn-icon-left bklyn-btn-normal\" ><i class=\"fa fa-envelope\"><\/i><span class=\"ut-btn-text\">M\u00e1s informaci\u00f3n<\/span><\/a><\/div>[\/vc_column_inner][\/vc_row_inner][\/vc_column][\/vc_row]<\/p>\n<\/div>","protected":false},"excerpt":{"rendered":"<p>[vc_row][vc_column][vc_column_text] Brooklyn, patentada por el prestigioso dise\u00f1ador Eugeni Quitllet para la firma Vondom, es una espectacular silla de exterior de estilo contempor\u00e1neo. La pieza es una combinaci\u00f3n perfecta entre l\u00edneas rectas y curvas que forman unos espectaculares arcos que recuerdan al famoso puente de New York. El autor de piezas tan ic\u00f3nicas como la silla [&hellip;]<\/p>\n","protected":false},"author":1,"featured_media":0,"parent":0,"menu_order":0,"comment_status":"closed","ping_status":"closed","template":"","meta":{"footnotes":""},"class_list":["post-51036","page","type-page","status-publish","hentry"],"aioseo_notices":[],"_links":{"self":[{"href":"https:\/\/www.mirsa.es\/ca\/wp-json\/wp\/v2\/pages\/51036","targetHints":{"allow":["GET"]}}],"collection":[{"href":"https:\/\/www.mirsa.es\/ca\/wp-json\/wp\/v2\/pages"}],"about":[{"href":"https:\/\/www.mirsa.es\/ca\/wp-json\/wp\/v2\/types\/page"}],"author":[{"embeddable":true,"href":"https:\/\/www.mirsa.es\/ca\/wp-json\/wp\/v2\/users\/1"}],"replies":[{"embeddable":true,"href":"https:\/\/www.mirsa.es\/ca\/wp-json\/wp\/v2\/comments?post=51036"}],"version-history":[{"count":0,"href":"https:\/\/www.mirsa.es\/ca\/wp-json\/wp\/v2\/pages\/51036\/revisions"}],"wp:attachment":[{"href":"https:\/\/www.mirsa.es\/ca\/wp-json\/wp\/v2\/media?parent=51036"}],"curies":[{"name":"wp","href":"https:\/\/api.w.org\/{rel}","templated":true}]}}