{"id":51015,"date":"2020-07-29T17:22:56","date_gmt":"2020-07-29T17:22:56","guid":{"rendered":"http:\/\/www.mirsa.es.mialias.net\/silla-aurelia-cattelan-italia\/"},"modified":"2021-02-17T11:37:12","modified_gmt":"2021-02-17T11:37:12","slug":"silla-aurelia-cattelan-italia","status":"publish","type":"page","link":"https:\/\/www.mirsa.es\/ca\/silla-aurelia-cattelan-italia\/","title":{"rendered":"Cadira Aurelia Cattelan Italia"},"content":{"rendered":"<div class=\"wpb-content-wrapper\"><p>[vc_row][vc_column][vc_column_text]<\/p>\n<h5><img decoding=\"async\" class=\"wp-image-1077 size-large aligncenter\" title=\"Cadira Aurelia Cattelan Italia\" src=\"\/wp-content\/uploads\/2020\/07\/silla_aurelia_cattelan_italia.jpg\" alt=\"Cadira Aurelia Cattelan Italia\" width=\"100%\" height=\"400\" \/><\/h5>\n<p style=\"font-size: 16px; text-align: left;\"><strong>Aurelia de la prestigiosa firma Cattelan Italia \u00e9s una elegant i exclusiva cadira d\u2019estil contemporani patentada pel reconegut dissenyador Emanuele Zenere.<\/strong><\/p>\n<p style=\"font-size: 16px; text-align: left;\">Es tracta d\u2019una cadira amb estructura en acer entapissada en escuma de poliuret\u00e0. El revestiment est\u00e0 disponible en una \u00e0mplia gamma de teixits, synthetic nubuck, micro nubuck o pell.<\/p>\n<p style=\"font-size: 16px; text-align: left;\">Gr\u00e0cies a les m\u00faltiples opcions de configuraci\u00f3 i personalitzaci\u00f3 que ofereix, la cadira s\u2019adapta amb facilitat a qualsevol mena d\u2019espai.\n<\/p>\n<p style=\"font-size: 16px; text-align: left;\">A MIRSA interiorisme &#038; mobiliari som distribu\u00efdors oficials Cattelan Italia. Per a m\u00e9s informaci\u00f3, visiti el nostre Showroom o contacti amb nosaltres.<\/p>\n<p>[\/vc_column_text][vc_row_inner][vc_column_inner]<style type=\"text\/css\">#bklyn_btn_69f3da18b4e1e .bklyn-btn { color:#ffffff !important; background-color:black !important; }<\/style><div id=\"bklyn_btn_69f3da18b4e1e\" class=\"bklyn-btn-holder  bklyn-btn-center bklyn-btn-tablet-center bklyn-btn-mobile-center\"><a title=\"Contacto\"   href=\"\/contacto\" target=\"_self\" class=\"bklyn-btn  bklyn-btn-icon-left bklyn-btn-normal\" ><i class=\"fa fa-envelope\"><\/i><span class=\"ut-btn-text\">M\u00e9s informaci\u00f3<\/span><\/a><\/div>[\/vc_column_inner][\/vc_row_inner][\/vc_column][\/vc_row]<\/p>\n<\/div>","protected":false},"excerpt":{"rendered":"<p>[vc_row][vc_column][vc_column_text] Aurelia de la prestigiosa firma Cattelan Italia \u00e9s una elegant i exclusiva cadira d\u2019estil contemporani patentada pel reconegut dissenyador Emanuele Zenere. Es tracta d\u2019una cadira amb estructura en acer entapissada en escuma de poliuret\u00e0. El revestiment est\u00e0 disponible en una \u00e0mplia gamma de teixits, synthetic nubuck, micro nubuck o pell. Gr\u00e0cies a les m\u00faltiples [&hellip;]<\/p>\n","protected":false},"author":1,"featured_media":0,"parent":0,"menu_order":0,"comment_status":"closed","ping_status":"closed","template":"","meta":{"footnotes":""},"class_list":["post-51015","page","type-page","status-publish","hentry"],"aioseo_notices":[],"_links":{"self":[{"href":"https:\/\/www.mirsa.es\/ca\/wp-json\/wp\/v2\/pages\/51015","targetHints":{"allow":["GET"]}}],"collection":[{"href":"https:\/\/www.mirsa.es\/ca\/wp-json\/wp\/v2\/pages"}],"about":[{"href":"https:\/\/www.mirsa.es\/ca\/wp-json\/wp\/v2\/types\/page"}],"author":[{"embeddable":true,"href":"https:\/\/www.mirsa.es\/ca\/wp-json\/wp\/v2\/users\/1"}],"replies":[{"embeddable":true,"href":"https:\/\/www.mirsa.es\/ca\/wp-json\/wp\/v2\/comments?post=51015"}],"version-history":[{"count":0,"href":"https:\/\/www.mirsa.es\/ca\/wp-json\/wp\/v2\/pages\/51015\/revisions"}],"wp:attachment":[{"href":"https:\/\/www.mirsa.es\/ca\/wp-json\/wp\/v2\/media?parent=51015"}],"curies":[{"name":"wp","href":"https:\/\/api.w.org\/{rel}","templated":true}]}}