{"id":50989,"date":"2019-08-08T17:10:09","date_gmt":"2019-08-08T15:10:09","guid":{"rendered":"http:\/\/www.mirsa.es.mialias.net\/silla-anxie-porada\/"},"modified":"2021-02-17T09:02:39","modified_gmt":"2021-02-17T09:02:39","slug":"silla-anxie-porada","status":"publish","type":"page","link":"https:\/\/www.mirsa.es\/ca\/silla-anxie-porada\/","title":{"rendered":"Cadira Anxie Porada"},"content":{"rendered":"<div class=\"wpb-content-wrapper\"><p>[vc_row][vc_column][vc_column_text]<\/p>\n<h5><img decoding=\"async\" class=\"wp-image-1077 size-large aligncenter\" title=\"Cadira Anxie Porada\" src=\"\/wp-content\/uploads\/2020\/07\/silla_anxie_porada.jpg\" alt=\"Cadira Anxie Porada\" width=\"100%\" height=\"400\" \/><\/h5>\n<p style=\"font-size: 16px; text-align: left;\"><strong>Anxie de la prestigiosa firma italiana porada \u00e9s una elegant i exclusiva cadira d\u2019estil contemporani patentada pels reconeguts dissenyadors M. Marconato i T. Zappa.<\/strong><\/p>\n<p style=\"font-size: 16px; text-align: left;\">La cadira destaca per la inclinaci\u00f3 de les seves potes posteriors, que mitjan\u00e7ant la seva estructura arquejada transmet una sorprenent sensaci\u00f3 de lleugeresa i celeritat, com si la pe\u00e7a estigu\u00e9s en moviment.<\/p>\n<p style=\"font-size: 16px; text-align: left;\">La pe\u00e7a es presenta en fusta massissa de noguera, mentre que per l\u2019entapissat del seient i del respatller la firma posa a disposici\u00f3 d\u2019Anxie el seu ampli ventall de teles i acabats.<\/p>\n<p style=\"font-size: 16px; text-align: left;\">A MIRSA interiorisme &#038; mobiliari som distribu\u00efdors oficial Porada. Per a m\u00e9s informaci\u00f3 visiti el nostre Showroom o contacti amb nosaltres.\n<\/p>\n<p>[\/vc_column_text][vc_row_inner][vc_column_inner]<style type=\"text\/css\">#bklyn_btn_69d21d0b08378 .bklyn-btn { color:#ffffff !important; background-color:black !important; }<\/style><div id=\"bklyn_btn_69d21d0b08378\" class=\"bklyn-btn-holder  bklyn-btn-center bklyn-btn-tablet-center bklyn-btn-mobile-center\"><a title=\"Contacto\"   href=\"\/contacto\" target=\"_self\" class=\"bklyn-btn  bklyn-btn-icon-left bklyn-btn-normal\" ><i class=\"fa fa-envelope\"><\/i><span class=\"ut-btn-text\">M\u00e9s informaci\u00f3<\/span><\/a><\/div>[\/vc_column_inner][\/vc_row_inner][\/vc_column][\/vc_row]<\/p>\n<\/div>","protected":false},"excerpt":{"rendered":"<p>[vc_row][vc_column][vc_column_text] Anxie de la prestigiosa firma italiana porada \u00e9s una elegant i exclusiva cadira d\u2019estil contemporani patentada pels reconeguts dissenyadors M. Marconato i T. Zappa. La cadira destaca per la inclinaci\u00f3 de les seves potes posteriors, que mitjan\u00e7ant la seva estructura arquejada transmet una sorprenent sensaci\u00f3 de lleugeresa i celeritat, com si la pe\u00e7a estigu\u00e9s [&hellip;]<\/p>\n","protected":false},"author":1,"featured_media":0,"parent":0,"menu_order":0,"comment_status":"closed","ping_status":"closed","template":"","meta":{"footnotes":""},"class_list":["post-50989","page","type-page","status-publish","hentry"],"aioseo_notices":[],"_links":{"self":[{"href":"https:\/\/www.mirsa.es\/ca\/wp-json\/wp\/v2\/pages\/50989","targetHints":{"allow":["GET"]}}],"collection":[{"href":"https:\/\/www.mirsa.es\/ca\/wp-json\/wp\/v2\/pages"}],"about":[{"href":"https:\/\/www.mirsa.es\/ca\/wp-json\/wp\/v2\/types\/page"}],"author":[{"embeddable":true,"href":"https:\/\/www.mirsa.es\/ca\/wp-json\/wp\/v2\/users\/1"}],"replies":[{"embeddable":true,"href":"https:\/\/www.mirsa.es\/ca\/wp-json\/wp\/v2\/comments?post=50989"}],"version-history":[{"count":0,"href":"https:\/\/www.mirsa.es\/ca\/wp-json\/wp\/v2\/pages\/50989\/revisions"}],"wp:attachment":[{"href":"https:\/\/www.mirsa.es\/ca\/wp-json\/wp\/v2\/media?parent=50989"}],"curies":[{"name":"wp","href":"https:\/\/api.w.org\/{rel}","templated":true}]}}