{"id":50984,"date":"2019-08-08T10:48:43","date_gmt":"2019-08-08T08:48:43","guid":{"rendered":"http:\/\/www.mirsa.es.mialias.net\/silla-andy-porada\/"},"modified":"2021-02-17T08:48:49","modified_gmt":"2021-02-17T08:48:49","slug":"silla-andy-porada","status":"publish","type":"page","link":"https:\/\/www.mirsa.es\/ca\/silla-andy-porada\/","title":{"rendered":"Cadira Andy Porada"},"content":{"rendered":"<div class=\"wpb-content-wrapper\"><p>[vc_row][vc_column][vc_column_text]<\/p>\n<h5><img decoding=\"async\" class=\"wp-image-1077 size-large aligncenter\" title=\"Cadira Andy Porada\" src=\"\/wp-content\/uploads\/2020\/07\/silla_andy_porada.jpg\" alt=\"Cadira Andy Porada\" width=\"100%\" height=\"400\" \/><\/h5>\n<p style=\"font-size: 16px; text-align: left;\"><strong>Andy de la prestigiosa firma italiana Porada \u00e9s una espectacular cadira d&#8217;estil contemporani dissenyada pel restigi\u00f3s C. Ballabio.<br \/>\n<\/strong><\/p>\n<p style=\"font-size: 16px; text-align: left;\">La pe\u00e7a destaca per la seva estructura ergon\u00f2mica de freixe que aporta eleg\u00e0ncia i distinci\u00f3, i que garanteix la m\u00e0xima comoditat.<\/p>\n<p style=\"font-size: 16px; text-align: left;\">La col\u00b7lecci\u00f3 disposa d\u2019una \u00e0mplia gamma de teles i acabats, adaptant-se amb facilitat a qualsevol tipus d\u2019espai.<\/p>\n<p style=\"font-size: 16px; text-align: left;\">A MIRSA interiorisme &#038; mobiliari som distribu\u00efdors oficials Porada. Per a m\u00e9s informaci\u00f3, visiti el nostre Showroom o contacti amb nosaltres.\n<\/p>\n<p>[\/vc_column_text][vc_row_inner][vc_column_inner]<style type=\"text\/css\">#bklyn_btn_69d2a342cbc5e .bklyn-btn { color:#ffffff !important; background-color:black !important; }<\/style><div id=\"bklyn_btn_69d2a342cbc5e\" class=\"bklyn-btn-holder  bklyn-btn-center bklyn-btn-tablet-center bklyn-btn-mobile-center\"><a title=\"Contacto\"   href=\"\/contacto\" target=\"_self\" class=\"bklyn-btn  bklyn-btn-icon-left bklyn-btn-normal\" ><i class=\"fa fa-envelope\"><\/i><span class=\"ut-btn-text\">M\u00e9s informaci\u00f3<\/span><\/a><\/div>[\/vc_column_inner][\/vc_row_inner][\/vc_column][\/vc_row]<\/p>\n<\/div>","protected":false},"excerpt":{"rendered":"<p>[vc_row][vc_column][vc_column_text] Andy de la prestigiosa firma italiana Porada \u00e9s una espectacular cadira d&#8217;estil contemporani dissenyada pel restigi\u00f3s C. Ballabio. La pe\u00e7a destaca per la seva estructura ergon\u00f2mica de freixe que aporta eleg\u00e0ncia i distinci\u00f3, i que garanteix la m\u00e0xima comoditat. La col\u00b7lecci\u00f3 disposa d\u2019una \u00e0mplia gamma de teles i acabats, adaptant-se amb facilitat a qualsevol [&hellip;]<\/p>\n","protected":false},"author":1,"featured_media":0,"parent":0,"menu_order":0,"comment_status":"closed","ping_status":"closed","template":"","meta":{"footnotes":""},"class_list":["post-50984","page","type-page","status-publish","hentry"],"aioseo_notices":[],"_links":{"self":[{"href":"https:\/\/www.mirsa.es\/ca\/wp-json\/wp\/v2\/pages\/50984","targetHints":{"allow":["GET"]}}],"collection":[{"href":"https:\/\/www.mirsa.es\/ca\/wp-json\/wp\/v2\/pages"}],"about":[{"href":"https:\/\/www.mirsa.es\/ca\/wp-json\/wp\/v2\/types\/page"}],"author":[{"embeddable":true,"href":"https:\/\/www.mirsa.es\/ca\/wp-json\/wp\/v2\/users\/1"}],"replies":[{"embeddable":true,"href":"https:\/\/www.mirsa.es\/ca\/wp-json\/wp\/v2\/comments?post=50984"}],"version-history":[{"count":0,"href":"https:\/\/www.mirsa.es\/ca\/wp-json\/wp\/v2\/pages\/50984\/revisions"}],"wp:attachment":[{"href":"https:\/\/www.mirsa.es\/ca\/wp-json\/wp\/v2\/media?parent=50984"}],"curies":[{"name":"wp","href":"https:\/\/api.w.org\/{rel}","templated":true}]}}