{"id":50958,"date":"2018-08-09T11:00:53","date_gmt":"2018-08-09T09:00:53","guid":{"rendered":"http:\/\/www.mirsa.es.mialias.net\/silla-288-desalto\/"},"modified":"2021-02-16T17:22:20","modified_gmt":"2021-02-16T17:22:20","slug":"silla-288-desalto","status":"publish","type":"page","link":"https:\/\/www.mirsa.es\/ca\/silla-288-desalto\/","title":{"rendered":"Silla 288 Desalto"},"content":{"rendered":"<div class=\"wpb-content-wrapper\"><p>[vc_row][vc_column][vc_column_text]<\/p>\n<h5><img decoding=\"async\" class=\"wp-image-1077 size-large aligncenter\" title=\"Silla 288 Desalto\" src=\"\/wp-content\/uploads\/2020\/07\/silla_288_desalto.jpg\" alt=\"Silla 288 Desalto\" width=\"100%\" height=\"400\" \/><\/h5>\n<p style=\"font-size: 16px; text-align: left;\"><strong>288 de la firma italiana Desalto es una pr\u00e1ctica silla de dise\u00f1o patentada por Pocci + Dondoli en 2009.<\/strong><\/p>\n<p style=\"font-size: 16px; text-align: left;\">La silla se caracteriza por su dise\u00f1o suave de l\u00edneas elegantes, un proyecto limpio y funcional realizado con nylon mediante la tecnolog\u00eda \u201cair-molding\u201d.<\/p>\n<p style=\"font-size: 16px; text-align: left;\">Se trata de una silla apilable, pr\u00e1ctica y funcional que encaja a la perfecci\u00f3n en cualquier tipo de ambiente, incluso en espacios exteriores. 288 es el n\u00famero de perforaciones presentes en su estructura.<\/p>\n<p style=\"font-size: 16px; text-align: left;\">En MIRSA interiorismo &#038; mobiliario disponemos de un extenso cat\u00e1logo de productos Desalto. Para m\u00e1s informaci\u00f3n, visite nuestro Showroom o contacte con nosotros.<\/p>\n<p>[\/vc_column_text][vc_row_inner][vc_column_inner]<style type=\"text\/css\">#bklyn_btn_69f385120cce2 .bklyn-btn { color:#ffffff !important; background-color:black !important; }<\/style><div id=\"bklyn_btn_69f385120cce2\" class=\"bklyn-btn-holder  bklyn-btn-center bklyn-btn-tablet-center bklyn-btn-mobile-center\"><a title=\"Contacto\"   href=\"\/contacto\" target=\"_self\" class=\"bklyn-btn  bklyn-btn-icon-left bklyn-btn-normal\" ><i class=\"fa fa-envelope\"><\/i><span class=\"ut-btn-text\">M\u00e9s informaci\u00f3<\/span><\/a><\/div>[\/vc_column_inner][\/vc_row_inner][\/vc_column][\/vc_row]<\/p>\n<\/div>","protected":false},"excerpt":{"rendered":"<p>[vc_row][vc_column][vc_column_text] 288 de la firma italiana Desalto es una pr\u00e1ctica silla de dise\u00f1o patentada por Pocci + Dondoli en 2009. La silla se caracteriza por su dise\u00f1o suave de l\u00edneas elegantes, un proyecto limpio y funcional realizado con nylon mediante la tecnolog\u00eda \u201cair-molding\u201d. Se trata de una silla apilable, pr\u00e1ctica y funcional que encaja a [&hellip;]<\/p>\n","protected":false},"author":1,"featured_media":0,"parent":0,"menu_order":0,"comment_status":"closed","ping_status":"closed","template":"","meta":{"footnotes":""},"class_list":["post-50958","page","type-page","status-publish","hentry"],"aioseo_notices":[],"_links":{"self":[{"href":"https:\/\/www.mirsa.es\/ca\/wp-json\/wp\/v2\/pages\/50958","targetHints":{"allow":["GET"]}}],"collection":[{"href":"https:\/\/www.mirsa.es\/ca\/wp-json\/wp\/v2\/pages"}],"about":[{"href":"https:\/\/www.mirsa.es\/ca\/wp-json\/wp\/v2\/types\/page"}],"author":[{"embeddable":true,"href":"https:\/\/www.mirsa.es\/ca\/wp-json\/wp\/v2\/users\/1"}],"replies":[{"embeddable":true,"href":"https:\/\/www.mirsa.es\/ca\/wp-json\/wp\/v2\/comments?post=50958"}],"version-history":[{"count":0,"href":"https:\/\/www.mirsa.es\/ca\/wp-json\/wp\/v2\/pages\/50958\/revisions"}],"wp:attachment":[{"href":"https:\/\/www.mirsa.es\/ca\/wp-json\/wp\/v2\/media?parent=50958"}],"curies":[{"name":"wp","href":"https:\/\/api.w.org\/{rel}","templated":true}]}}