{"id":50954,"date":"2020-07-18T15:35:44","date_gmt":"2020-07-18T15:35:44","guid":{"rendered":"http:\/\/www.mirsa.es.mialias.net\/sigma-cattelan-italia\/"},"modified":"2021-02-16T17:07:55","modified_gmt":"2021-02-16T17:07:55","slug":"sigma-cattelan-italia","status":"publish","type":"page","link":"https:\/\/www.mirsa.es\/ca\/sigma-cattelan-italia\/","title":{"rendered":"Sigma Cattelan Italia"},"content":{"rendered":"<div class=\"wpb-content-wrapper\"><p>[vc_row][vc_column][vc_column_text]<\/p>\n<h5><img decoding=\"async\" class=\"wp-image-1077 size-large aligncenter\" title=\"Sigma Cattelan Italia\" src=\"\/wp-content\/uploads\/2020\/07\/mesa_sigma_cattelan_italia.jpg\" alt=\"Sigma Cattelan Italia\" width=\"100%\" height=\"400\" \/><\/h5>\n<p style=\"font-size: 16px; text-align: left;\"><strong>Sigma de la prestigiosa firma Cattelan Italia \u00e9s una espectacular taula d\u2019estil contemporani patentada pel reconegut dissenyador Philip Jackson.<\/strong><\/p>\n<p style=\"font-size: 16px; text-align: left;\">Es tracta d\u2019una pe\u00e7a elegant i exclusiva, que destaca per la seva resistent base en metall envernissat transparent. El taulell es presenta en fusta de roure fumat o de roure natural amb cantells irregulars.<\/p>\n<p style=\"font-size: 16px; text-align: left;\">La col\u00b7lecci\u00f3 est\u00e0 disponible en una \u00e0mplia gamma d\u2019acabats, oferint aix\u00ed m\u00faltiples opcions de configuraci\u00f3 i adaptant-se amb facilitat a qualsevol mena d\u2019espais.<\/p>\n<p style=\"font-size: 16px; text-align: left;\">A MIRSA interiorisme &#038; mobiliari som distribu\u00efdors oficials Cattelan Italia. Per a m\u00e9s informaci\u00f3, visiti el nostre Showroom o contacti amb nosaltres.<\/p>\n<p>[\/vc_column_text][vc_row_inner][vc_column_inner]<style type=\"text\/css\">#bklyn_btn_69d1f5c882854 .bklyn-btn { color:#ffffff !important; background-color:black !important; }<\/style><div id=\"bklyn_btn_69d1f5c882854\" class=\"bklyn-btn-holder  bklyn-btn-center bklyn-btn-tablet-center bklyn-btn-mobile-center\"><a title=\"Contacto\"   href=\"\/contacto\" target=\"_self\" class=\"bklyn-btn  bklyn-btn-icon-left bklyn-btn-normal\" ><i class=\"fa fa-envelope\"><\/i><span class=\"ut-btn-text\">M\u00e9s informaci\u00f3<\/span><\/a><\/div>[\/vc_column_inner][\/vc_row_inner][\/vc_column][\/vc_row]<\/p>\n<\/div>","protected":false},"excerpt":{"rendered":"<p>[vc_row][vc_column][vc_column_text] Sigma de la prestigiosa firma Cattelan Italia \u00e9s una espectacular taula d\u2019estil contemporani patentada pel reconegut dissenyador Philip Jackson. Es tracta d\u2019una pe\u00e7a elegant i exclusiva, que destaca per la seva resistent base en metall envernissat transparent. El taulell es presenta en fusta de roure fumat o de roure natural amb cantells irregulars. La [&hellip;]<\/p>\n","protected":false},"author":1,"featured_media":0,"parent":0,"menu_order":0,"comment_status":"closed","ping_status":"closed","template":"","meta":{"footnotes":""},"class_list":["post-50954","page","type-page","status-publish","hentry"],"aioseo_notices":[],"_links":{"self":[{"href":"https:\/\/www.mirsa.es\/ca\/wp-json\/wp\/v2\/pages\/50954","targetHints":{"allow":["GET"]}}],"collection":[{"href":"https:\/\/www.mirsa.es\/ca\/wp-json\/wp\/v2\/pages"}],"about":[{"href":"https:\/\/www.mirsa.es\/ca\/wp-json\/wp\/v2\/types\/page"}],"author":[{"embeddable":true,"href":"https:\/\/www.mirsa.es\/ca\/wp-json\/wp\/v2\/users\/1"}],"replies":[{"embeddable":true,"href":"https:\/\/www.mirsa.es\/ca\/wp-json\/wp\/v2\/comments?post=50954"}],"version-history":[{"count":0,"href":"https:\/\/www.mirsa.es\/ca\/wp-json\/wp\/v2\/pages\/50954\/revisions"}],"wp:attachment":[{"href":"https:\/\/www.mirsa.es\/ca\/wp-json\/wp\/v2\/media?parent=50954"}],"curies":[{"name":"wp","href":"https:\/\/api.w.org\/{rel}","templated":true}]}}