{"id":50948,"date":"2019-08-06T19:13:28","date_gmt":"2019-08-06T17:13:28","guid":{"rendered":"http:\/\/www.mirsa.es.mialias.net\/shang-riva-1920\/"},"modified":"2021-02-16T16:47:47","modified_gmt":"2021-02-16T16:47:47","slug":"shang-riva-1920","status":"publish","type":"page","link":"https:\/\/www.mirsa.es\/ca\/shang-riva-1920\/","title":{"rendered":"Shang Riva 1920"},"content":{"rendered":"<div class=\"wpb-content-wrapper\"><p>[vc_row][vc_column][vc_column_text]<\/p>\n<h5><img decoding=\"async\" class=\"wp-image-1077 size-large aligncenter\" title=\"Shang - Riva 1920\" src=\"\/wp-content\/uploads\/2020\/07\/shang_riva_1920.jpg\" alt=\"Shang - Riva 1920\" width=\"100%\" height=\"400\" \/><\/h5>\n<p style=\"font-size: 16px; text-align: left;\"><strong>Shang de la prestigiosa firma italiana Riva 1920 \u00e9s una espectacular taula rodona d\u2019estil contemporani patentada pels prestigiosos dissenyadors Giuliano i Gabriele Cappelletti.<\/strong><\/p>\n<p style=\"font-size: 16px; text-align: left;\">La pe\u00e7a destaca pel seu espectacular taulell de fusta contraxapada amb cantells de fusta massissa que representa el s\u00edmbol de l\u2019infinit.<\/p>\n<p style=\"font-size: 16px; text-align: left;\">Shang es presenta en acabats d\u2019oli y cera natural d\u2019origen vegetal amb extractes de pi, integrant-se amb facilitat en qualsevol mena d\u2019espai.<\/p>\n<p style=\"font-size: 16px; text-align: left;\">A MIRSA interiorisme &#038; mobiliari som distribu\u00efdors oficials Riva 1920. Per a m\u00e9s informaci\u00f3, visiti el nostre Showroom o contacti amb nosaltres.\n<\/p>\n<p>[\/vc_column_text][vc_row_inner][vc_column_inner]<style type=\"text\/css\">#bklyn_btn_69f5093572832 .bklyn-btn { color:#ffffff !important; background-color:black !important; }<\/style><div id=\"bklyn_btn_69f5093572832\" class=\"bklyn-btn-holder  bklyn-btn-center bklyn-btn-tablet-center bklyn-btn-mobile-center\"><a title=\"Contacto\"   href=\"\/contacto\" target=\"_self\" class=\"bklyn-btn  bklyn-btn-icon-left bklyn-btn-normal\" ><i class=\"fa fa-envelope\"><\/i><span class=\"ut-btn-text\">M\u00e9s informaci\u00f3<\/span><\/a><\/div>[\/vc_column_inner][\/vc_row_inner][\/vc_column][\/vc_row]<\/p>\n<\/div>","protected":false},"excerpt":{"rendered":"<p>[vc_row][vc_column][vc_column_text] Shang de la prestigiosa firma italiana Riva 1920 \u00e9s una espectacular taula rodona d\u2019estil contemporani patentada pels prestigiosos dissenyadors Giuliano i Gabriele Cappelletti. La pe\u00e7a destaca pel seu espectacular taulell de fusta contraxapada amb cantells de fusta massissa que representa el s\u00edmbol de l\u2019infinit. Shang es presenta en acabats d\u2019oli y cera natural d\u2019origen [&hellip;]<\/p>\n","protected":false},"author":1,"featured_media":0,"parent":0,"menu_order":0,"comment_status":"closed","ping_status":"closed","template":"","meta":{"footnotes":""},"class_list":["post-50948","page","type-page","status-publish","hentry"],"aioseo_notices":[],"_links":{"self":[{"href":"https:\/\/www.mirsa.es\/ca\/wp-json\/wp\/v2\/pages\/50948","targetHints":{"allow":["GET"]}}],"collection":[{"href":"https:\/\/www.mirsa.es\/ca\/wp-json\/wp\/v2\/pages"}],"about":[{"href":"https:\/\/www.mirsa.es\/ca\/wp-json\/wp\/v2\/types\/page"}],"author":[{"embeddable":true,"href":"https:\/\/www.mirsa.es\/ca\/wp-json\/wp\/v2\/users\/1"}],"replies":[{"embeddable":true,"href":"https:\/\/www.mirsa.es\/ca\/wp-json\/wp\/v2\/comments?post=50948"}],"version-history":[{"count":0,"href":"https:\/\/www.mirsa.es\/ca\/wp-json\/wp\/v2\/pages\/50948\/revisions"}],"wp:attachment":[{"href":"https:\/\/www.mirsa.es\/ca\/wp-json\/wp\/v2\/media?parent=50948"}],"curies":[{"name":"wp","href":"https:\/\/api.w.org\/{rel}","templated":true}]}}