{"id":50940,"date":"2019-04-13T11:37:20","date_gmt":"2019-04-13T09:37:20","guid":{"rendered":"http:\/\/www.mirsa.es.mialias.net\/shade-outdoor-nanimarquina\/"},"modified":"2021-02-16T11:23:13","modified_gmt":"2021-02-16T11:23:13","slug":"shade-outdoor-nanimarquina","status":"publish","type":"page","link":"https:\/\/www.mirsa.es\/ca\/shade-outdoor-nanimarquina\/","title":{"rendered":"Shade Outdoor Nanimarquina"},"content":{"rendered":"<div class=\"wpb-content-wrapper\"><p>[vc_row][vc_column][vc_column_text]<\/p>\n<h5><img decoding=\"async\" class=\"wp-image-1077 size-large aligncenter\" title=\"Shade Outdoor Nanimarquina\" src=\"\/wp-content\/uploads\/2020\/08\/shade_outdoor_nanimarquiina.jpg\" alt=\"Shade Outdoor Nanimarquina\" width=\"100%\" height=\"400\"\/><\/h5>\n<p style=\"font-size: 16px; text-align: left;\"><strong>Shade Outdoor \u00e9s la versi\u00f3 d\u2019exterior de la ic\u00f2nica col\u00b7lecci\u00f3 Shade de la firma Nanimarquina, patentada per la prestigiosa dissenyadora Beg\u00fcm Cana \u00d6zg\u00fcr.<\/strong><\/p>\n<p style=\"font-size: 16px; text-align: left;\">Igual que en la col\u00b7lecci\u00f3 original, la seva versi\u00f3 per a jard\u00ed i Terrassa destaca per la seva exquisida senzillesa, producte d\u2019un elaborat desenvolupament t\u00e8cnic.<\/p>\n<p style=\"font-size: 16px; text-align: left;\">A la catifa conflueixen dos espectaculars degradats al mateix pla, format per 6 tonalitats diferents que donen vida a la col\u00b7lecci\u00f3.<\/p>\n<p style=\"font-size: 16px; text-align: left;\">A MIRSA interiorisme &#038; mobiliari som distribu\u00efdors oficials Nanimarquina. Per a m\u00e9s informaci\u00f3, visiti el nostre Showroom o contacti amb nosaltres.<\/p>\n<p>[\/vc_column_text][vc_row_inner][vc_column_inner]<style type=\"text\/css\">#bklyn_btn_69d1deb32b251 .bklyn-btn { color:#ffffff !important; background-color:black !important; }<\/style><div id=\"bklyn_btn_69d1deb32b251\" class=\"bklyn-btn-holder  bklyn-btn-center bklyn-btn-tablet-center bklyn-btn-mobile-center\"><a title=\"Contacto\"   href=\"\/contacto\" target=\"_self\" class=\"bklyn-btn  bklyn-btn-icon-left bklyn-btn-normal\" ><i class=\"fa fa-envelope\"><\/i><span class=\"ut-btn-text\">M\u00e9s informaci\u00f3<\/span><\/a><\/div>[\/vc_column_inner][\/vc_row_inner][\/vc_column][\/vc_row]<\/p>\n<\/div>","protected":false},"excerpt":{"rendered":"<p>[vc_row][vc_column][vc_column_text] Shade Outdoor \u00e9s la versi\u00f3 d\u2019exterior de la ic\u00f2nica col\u00b7lecci\u00f3 Shade de la firma Nanimarquina, patentada per la prestigiosa dissenyadora Beg\u00fcm Cana \u00d6zg\u00fcr. Igual que en la col\u00b7lecci\u00f3 original, la seva versi\u00f3 per a jard\u00ed i Terrassa destaca per la seva exquisida senzillesa, producte d\u2019un elaborat desenvolupament t\u00e8cnic. A la catifa conflueixen dos espectaculars [&hellip;]<\/p>\n","protected":false},"author":1,"featured_media":0,"parent":0,"menu_order":0,"comment_status":"closed","ping_status":"closed","template":"","meta":{"footnotes":""},"class_list":["post-50940","page","type-page","status-publish","hentry"],"aioseo_notices":[],"_links":{"self":[{"href":"https:\/\/www.mirsa.es\/ca\/wp-json\/wp\/v2\/pages\/50940","targetHints":{"allow":["GET"]}}],"collection":[{"href":"https:\/\/www.mirsa.es\/ca\/wp-json\/wp\/v2\/pages"}],"about":[{"href":"https:\/\/www.mirsa.es\/ca\/wp-json\/wp\/v2\/types\/page"}],"author":[{"embeddable":true,"href":"https:\/\/www.mirsa.es\/ca\/wp-json\/wp\/v2\/users\/1"}],"replies":[{"embeddable":true,"href":"https:\/\/www.mirsa.es\/ca\/wp-json\/wp\/v2\/comments?post=50940"}],"version-history":[{"count":0,"href":"https:\/\/www.mirsa.es\/ca\/wp-json\/wp\/v2\/pages\/50940\/revisions"}],"wp:attachment":[{"href":"https:\/\/www.mirsa.es\/ca\/wp-json\/wp\/v2\/media?parent=50940"}],"curies":[{"name":"wp","href":"https:\/\/api.w.org\/{rel}","templated":true}]}}