{"id":50934,"date":"2018-06-27T10:59:52","date_gmt":"2018-06-27T08:59:52","guid":{"rendered":"http:\/\/www.mirsa.es.mialias.net\/sellex-muebles\/"},"modified":"2024-05-22T16:05:10","modified_gmt":"2024-05-22T16:05:10","slug":"sellex-muebles","status":"publish","type":"page","link":"https:\/\/www.mirsa.es\/ca\/sellex-muebles\/","title":{"rendered":"Sellex Mobles"},"content":{"rendered":"<div class=\"wpb-content-wrapper\"><p>[vc_row css=&#8221;.vc_custom_1583596731269{margin-left: -50px !important;}&#8221;][vc_column][vc_column_text]<a href=\"javascript:history.go(-1)\" onmouseover=\"self.status=document.referrer;return true\" style=\"color: black;\">Enrere<\/a>[\/vc_column_text][\/vc_column][\/vc_row][vc_row][vc_column][vc_column_text]<\/p>\n<h5><img decoding=\"async\" class=\"wp-image-1077 size-large aligncenter\" title=\"Sellex Mobles\" src=\"\/wp-content\/uploads\/2020\/06\/sellex_muebles.jpg\" alt=\"Sellex Mobles\" width=\"100%\" height=\"400\" \/><\/h5>\n<p style=\"font-size: 16px; text-align: left;\"><strong>Sellex \u00e9s una reconeguda firma fundada a Sant Sebasti\u00e0 al 1977, dedicada a la producci\u00f3 de mobiliari i elements de disseny per a la llar i projectes contract.<\/strong><\/p>\n<p style=\"font-size: 16px; text-align: left;\">Des dels seus inicis la marca s\u2019ha caracteritzat per l\u2019est\u00e8tica escandinava de totes les seves col\u00b7leccions, inspirant-se en la firma sueca Innovator i convertint-se en un dels principals distribu\u00efdors de mobiliari n\u00f2rdic a Espanya.<\/p>\n<p style=\"font-size: 16px; text-align: left;\">La marca es va convertir r\u00e0pidament en un referent del disseny al nostre pa\u00eds, exportant a m\u00e9s algunes de les marques de disseny escandinau m\u00e9s prestigioses del m\u00f3n: Fritz Hansen, Nelo, Hyllinge\u2026<\/p>\n<p style=\"font-size: 16px; text-align: left;\">Actualment Sellex ha obtingut nombrosos reconeixements i les seves col\u00b7leccions s\u00f3n apreciades per la seva elegancia i distinci\u00f3. La firma exporta els seus productes a m\u00e9s de 30 pa\u00efsos de tot el m\u00f3n.<\/p>\n<p style=\"font-size: 16px; text-align: left;\">A MIRSA interiorisme &#038; mobiliari disposem d\u2019una extensa gamma de productes Sellex. Per a m\u00e9s informaci\u00f3, visiti el nostre Showroom o contacti amb nosaltres.<\/p>\n<p>[\/vc_column_text][vc_row_inner][vc_column_inner width=&#8221;1\/3&#8243;][\/vc_column_inner][vc_column_inner width=&#8221;1\/3&#8243;]<style type=\"text\/css\">#bklyn_btn_6a09225383057 .bklyn-btn { color:#ffffff !important; background-color:black !important; }<\/style><div id=\"bklyn_btn_6a09225383057\" class=\"bklyn-btn-holder  bklyn-btn-center bklyn-btn-tablet-center bklyn-btn-mobile-center\"><a title=\"Contacto\"   href=\"\/contacto\" target=\"_self\" class=\"bklyn-btn  bklyn-btn-icon-left bklyn-btn-normal\" ><i class=\"fa fa-envelope\"><\/i><span class=\"ut-btn-text\">M\u00e9s informaci\u00f3<\/span><\/a><\/div>[\/vc_column_inner][vc_column_inner width=&#8221;1\/3&#8243;][\/vc_column_inner][\/vc_row_inner][\/vc_column][\/vc_row]<\/p>\n<\/div>","protected":false},"excerpt":{"rendered":"<p>[vc_row css=&#8221;.vc_custom_1583596731269{margin-left: -50px !important;}&#8221;][vc_column][vc_column_text]Enrere[\/vc_column_text][\/vc_column][\/vc_row][vc_row][vc_column][vc_column_text] Sellex \u00e9s una reconeguda firma fundada a Sant Sebasti\u00e0 al 1977, dedicada a la producci\u00f3 de mobiliari i elements de disseny per a la llar i projectes contract. Des dels seus inicis la marca s\u2019ha caracteritzat per l\u2019est\u00e8tica escandinava de totes les seves col\u00b7leccions, inspirant-se en la firma sueca Innovator i [&hellip;]<\/p>\n","protected":false},"author":1,"featured_media":0,"parent":0,"menu_order":0,"comment_status":"closed","ping_status":"closed","template":"","meta":{"footnotes":""},"class_list":["post-50934","page","type-page","status-publish","hentry"],"aioseo_notices":[],"_links":{"self":[{"href":"https:\/\/www.mirsa.es\/ca\/wp-json\/wp\/v2\/pages\/50934","targetHints":{"allow":["GET"]}}],"collection":[{"href":"https:\/\/www.mirsa.es\/ca\/wp-json\/wp\/v2\/pages"}],"about":[{"href":"https:\/\/www.mirsa.es\/ca\/wp-json\/wp\/v2\/types\/page"}],"author":[{"embeddable":true,"href":"https:\/\/www.mirsa.es\/ca\/wp-json\/wp\/v2\/users\/1"}],"replies":[{"embeddable":true,"href":"https:\/\/www.mirsa.es\/ca\/wp-json\/wp\/v2\/comments?post=50934"}],"version-history":[{"count":0,"href":"https:\/\/www.mirsa.es\/ca\/wp-json\/wp\/v2\/pages\/50934\/revisions"}],"wp:attachment":[{"href":"https:\/\/www.mirsa.es\/ca\/wp-json\/wp\/v2\/media?parent=50934"}],"curies":[{"name":"wp","href":"https:\/\/api.w.org\/{rel}","templated":true}]}}