{"id":50925,"date":"2019-02-16T18:51:53","date_gmt":"2019-02-16T17:51:53","guid":{"rendered":"http:\/\/www.mirsa.es.mialias.net\/segis-muebles\/"},"modified":"2021-02-16T10:07:42","modified_gmt":"2021-02-16T10:07:42","slug":"segis-muebles","status":"publish","type":"page","link":"https:\/\/www.mirsa.es\/ca\/segis-muebles\/","title":{"rendered":"Segis Mobles"},"content":{"rendered":"<div class=\"wpb-content-wrapper\"><p>[vc_row css=&#8221;.vc_custom_1583596731269{margin-left: -50px !important;}&#8221;][vc_column][vc_column_text]<a href=\"javascript:history.go(-1)\" onmouseover=\"self.status=document.referrer;return true\" style=\"color: black;\">Atr\u00e1s<\/a>[\/vc_column_text][\/vc_column][\/vc_row][vc_row][vc_column][vc_column_text]<\/p>\n<h5><img decoding=\"async\" class=\"wp-image-1077 size-large aligncenter\" title=\"Segis Mobles\" src=\"\/wp-content\/uploads\/2021\/02\/segis-muebles.jpg\" alt=\"Segis Mobles\" width=\"100%\" height=\"400\" \/><\/h5>\n<p style=\"font-size: 16px; text-align: left;\"><strong>Segis \u00e9s una reconeguda firma italiana dedicada a la producci\u00f3 i distribuci\u00f3 de mobiliari contemporani d\u2019alta gamma fundada l\u2019any 1980, que es caracteritza per l\u2019eleg\u00e0ncia i funcionalitat de totes les seves col\u00b7leccions.<\/strong><\/p>\n<p style=\"font-size: 16px; text-align: left;\">Durant l\u2019\u00faltima d\u00e8cada, Segis s\u2019ha consolidat com un referent del disseny internacional gr\u00e0cies a la seva aposta per la innovaci\u00f3, presentant col\u00b7leccions funcionals d\u2019un gran rigor est\u00e8tic.<\/p>\n<p style=\"font-size: 16px; text-align: left;\">L\u2019est\u00e8tica dels productes Segis s\u00f3n conseq\u00fc\u00e8ncia de la perfecta combinaci\u00f3 entre diferents t\u00e8cniques productives i creatives, portades a terme per alguns dels dissenyadors m\u00e9s prestigiosos del moment.<\/p>\n<p style=\"font-size: 16px; text-align: left;\">A MIRSA interiorisme &#038; mobiliari som distribu\u00efdors oficials Segis. Per a m\u00e9s informaci\u00f3, visiti el nostre Showroom o contacti amb nosaltres.\n<\/p>\n<p>[\/vc_column_text][vc_row_inner][vc_column_inner width=&#8221;1\/3&#8243;]<style type=\"text\/css\">#bklyn_btn_69d25e14b1599 .bklyn-btn { color:#ffffff !important; background-color:black !important; }<\/style><div id=\"bklyn_btn_69d25e14b1599\" class=\"bklyn-btn-holder  bklyn-btn-center bklyn-btn-tablet-center bklyn-btn-mobile-center\"><a title=\"Productos Segis\"   href=\"\/catalogo-productos\/?shrPrm=es\/8201494\/products\/2\/3210002\/3101305\/1\" target=\"_self\" class=\"bklyn-btn  bklyn-btn-icon-left bklyn-btn-normal\" ><i class=\"BklynIcons-Search\"><\/i><span class=\"ut-btn-text\">Productes<\/span><\/a><\/div>[\/vc_column_inner][vc_column_inner width=&#8221;1\/3&#8243;]<style type=\"text\/css\">#bklyn_btn_69d25e14b1605 .bklyn-btn { color:#ffffff !important; background-color:black !important; }<\/style><div id=\"bklyn_btn_69d25e14b1605\" class=\"bklyn-btn-holder  bklyn-btn-center bklyn-btn-tablet-center bklyn-btn-mobile-center\"><a title=\"Cat\u00e1logos\"   href=\"\/catalogo-productos\/?shrPrm=es\/8201494\/pdf\/3101305\" target=\"_self\" class=\"bklyn-btn  bklyn-btn-icon-left bklyn-btn-normal\" ><i class=\"BklynIcons-Download\"><\/i><span class=\"ut-btn-text\">Cat\u00e0legs<\/span><\/a><\/div>[\/vc_column_inner][vc_column_inner width=&#8221;1\/3&#8243;]<style type=\"text\/css\">#bklyn_btn_69d25e14b1646 .bklyn-btn { color:#ffffff !important; background-color:black !important; }<\/style><div id=\"bklyn_btn_69d25e14b1646\" class=\"bklyn-btn-holder  bklyn-btn-center bklyn-btn-tablet-center bklyn-btn-mobile-center\"><a title=\"Contacto\"   href=\"\/contacto\" target=\"_self\" class=\"bklyn-btn  bklyn-btn-icon-left bklyn-btn-normal\" ><i class=\"fa fa-envelope\"><\/i><span class=\"ut-btn-text\">M\u00e9s informaci\u00f3<\/span><\/a><\/div>[\/vc_column_inner][\/vc_row_inner][\/vc_column][\/vc_row][vc_section][vc_row full_width=&#8221;stretch_row_content&#8221;][vc_column][vc_column_text]<iframe id=\"shrFrm\" style=\"width: 100%; margin: 0; border: none; overflow: hidden;\"><\/iframe><br \/>\n<script src=\"https:\/\/vsr.architonic.com\/assets\/js\/shared\/jquery.responsiveiframe.js\"><\/script><br \/>\n<script type='text\/javascript'>jQuery(document).ready(function(){ var regex=new RegExp('[?&]shrPrm=([^&#]*)'); var res=regex.exec(window.location.href); var shrPrm=(res!=null?decodeURIComponent(res[1]):''); if(''!=shrPrm) document.getElementById('shrFrm').src='https:\/\/vsr.architonic.com\/'+shrPrm; else document.getElementById('shrFrm').src='https:\/\/vsr.architonic.com\/es\/8201494\/collections\/3101305\/1'; });(function(e){e(function(){e('#shrFrm').responsiveIframe()})})(jQuery);<\/script>[\/vc_column_text][\/vc_column][\/vc_row][\/vc_section]<\/p>\n<\/div>","protected":false},"excerpt":{"rendered":"<p>[vc_row css=&#8221;.vc_custom_1583596731269{margin-left: -50px !important;}&#8221;][vc_column][vc_column_text]Atr\u00e1s[\/vc_column_text][\/vc_column][\/vc_row][vc_row][vc_column][vc_column_text] Segis \u00e9s una reconeguda firma italiana dedicada a la producci\u00f3 i distribuci\u00f3 de mobiliari contemporani d\u2019alta gamma fundada l\u2019any 1980, que es caracteritza per l\u2019eleg\u00e0ncia i funcionalitat de totes les seves col\u00b7leccions. Durant l\u2019\u00faltima d\u00e8cada, Segis s\u2019ha consolidat com un referent del disseny internacional gr\u00e0cies a la seva aposta per la [&hellip;]<\/p>\n","protected":false},"author":1,"featured_media":0,"parent":0,"menu_order":0,"comment_status":"closed","ping_status":"closed","template":"","meta":{"footnotes":""},"class_list":["post-50925","page","type-page","status-publish","hentry"],"aioseo_notices":[],"_links":{"self":[{"href":"https:\/\/www.mirsa.es\/ca\/wp-json\/wp\/v2\/pages\/50925","targetHints":{"allow":["GET"]}}],"collection":[{"href":"https:\/\/www.mirsa.es\/ca\/wp-json\/wp\/v2\/pages"}],"about":[{"href":"https:\/\/www.mirsa.es\/ca\/wp-json\/wp\/v2\/types\/page"}],"author":[{"embeddable":true,"href":"https:\/\/www.mirsa.es\/ca\/wp-json\/wp\/v2\/users\/1"}],"replies":[{"embeddable":true,"href":"https:\/\/www.mirsa.es\/ca\/wp-json\/wp\/v2\/comments?post=50925"}],"version-history":[{"count":0,"href":"https:\/\/www.mirsa.es\/ca\/wp-json\/wp\/v2\/pages\/50925\/revisions"}],"wp:attachment":[{"href":"https:\/\/www.mirsa.es\/ca\/wp-json\/wp\/v2\/media?parent=50925"}],"curies":[{"name":"wp","href":"https:\/\/api.w.org\/{rel}","templated":true}]}}