{"id":50905,"date":"2017-09-22T18:15:09","date_gmt":"2017-09-22T16:15:09","guid":{"rendered":"http:\/\/www.mirsa.es.mialias.net\/seayou-dedon\/"},"modified":"2021-02-13T18:06:51","modified_gmt":"2021-02-13T18:06:51","slug":"seayou-dedon","status":"publish","type":"page","link":"https:\/\/www.mirsa.es\/ca\/seayou-dedon\/","title":{"rendered":"Seayou Dedon"},"content":{"rendered":"<div class=\"wpb-content-wrapper\"><p>[vc_row][vc_column][vc_column_text]<\/p>\n<h5><img decoding=\"async\" class=\"wp-image-1077 size-large aligncenter\" title=\"Seayou Dedon\" src=\"\/wp-content\/uploads\/2020\/08\/silla_seayou_dedon.jpg\" alt=\"Seayou Dedon\" width=\"100%\" height=\"400\" \/><\/h5>\n<p style=\"font-size: 16px; text-align: left;\"><strong>La cadira Plegable Seayou de Dedon \u00e9s una de les grans novetats de la firma per a la propera temporada.<\/strong><\/p>\n<p style=\"font-size: 16px; text-align: left;\">Dissenyada pel reconegut Jean-Marie Massaud, es tracta d\u2019una pe\u00e7a plegable elegant i pr\u00e0ctica que destaca per la seva gran versatilitat i polival\u00e8ncia.<\/p>\n<p style=\"font-size: 16px; text-align: left;\">Jean-Marie Massaud reinterpreta la cl\u00e0ssica tumbona, adaptant-la als nous temps i oferint una est\u00e8tica refinada i lleugera.<\/p>\n<p style=\"font-size: 16px; text-align: left;\">Seayou est\u00e0 disponible en diversos acabats i combinacions de tela, el que li permet ajustar-se perfectament a qualsevol tipus d\u2019espai exterior.\n<\/p>\n<p style=\"font-size: 16px; text-align: left;\">A MIRSA interiorisme &#038; mobiliari disposem d\u2019un extens cat\u00e0leg de mobles Dedon. Per a m\u00e9s informaci\u00f3, visiti la nostra exposici\u00f3 o contacti amb nosaltres.<\/p>\n<p>[\/vc_column_text][vc_row_inner][vc_column_inner]<style type=\"text\/css\">#bklyn_btn_69d1e053512fc .bklyn-btn { color:#ffffff !important; background-color:black !important; }<\/style><div id=\"bklyn_btn_69d1e053512fc\" class=\"bklyn-btn-holder  bklyn-btn-center bklyn-btn-tablet-center bklyn-btn-mobile-center\"><a title=\"Contacto\"   href=\"\/contacto\" target=\"_self\" class=\"bklyn-btn  bklyn-btn-icon-left bklyn-btn-normal\" ><i class=\"fa fa-envelope\"><\/i><span class=\"ut-btn-text\">M\u00e9s informaci\u00f3<\/span><\/a><\/div>[\/vc_column_inner][\/vc_row_inner][\/vc_column][\/vc_row]<\/p>\n<\/div>","protected":false},"excerpt":{"rendered":"<p>[vc_row][vc_column][vc_column_text] La cadira Plegable Seayou de Dedon \u00e9s una de les grans novetats de la firma per a la propera temporada. Dissenyada pel reconegut Jean-Marie Massaud, es tracta d\u2019una pe\u00e7a plegable elegant i pr\u00e0ctica que destaca per la seva gran versatilitat i polival\u00e8ncia. Jean-Marie Massaud reinterpreta la cl\u00e0ssica tumbona, adaptant-la als nous temps i oferint [&hellip;]<\/p>\n","protected":false},"author":1,"featured_media":0,"parent":0,"menu_order":0,"comment_status":"closed","ping_status":"closed","template":"","meta":{"footnotes":""},"class_list":["post-50905","page","type-page","status-publish","hentry"],"aioseo_notices":[],"_links":{"self":[{"href":"https:\/\/www.mirsa.es\/ca\/wp-json\/wp\/v2\/pages\/50905","targetHints":{"allow":["GET"]}}],"collection":[{"href":"https:\/\/www.mirsa.es\/ca\/wp-json\/wp\/v2\/pages"}],"about":[{"href":"https:\/\/www.mirsa.es\/ca\/wp-json\/wp\/v2\/types\/page"}],"author":[{"embeddable":true,"href":"https:\/\/www.mirsa.es\/ca\/wp-json\/wp\/v2\/users\/1"}],"replies":[{"embeddable":true,"href":"https:\/\/www.mirsa.es\/ca\/wp-json\/wp\/v2\/comments?post=50905"}],"version-history":[{"count":0,"href":"https:\/\/www.mirsa.es\/ca\/wp-json\/wp\/v2\/pages\/50905\/revisions"}],"wp:attachment":[{"href":"https:\/\/www.mirsa.es\/ca\/wp-json\/wp\/v2\/media?parent=50905"}],"curies":[{"name":"wp","href":"https:\/\/api.w.org\/{rel}","templated":true}]}}