{"id":50889,"date":"2018-06-26T19:00:33","date_gmt":"2018-06-26T17:00:33","guid":{"rendered":"http:\/\/www.mirsa.es.mialias.net\/scab-design-muebles\/"},"modified":"2022-09-28T15:27:37","modified_gmt":"2022-09-28T15:27:37","slug":"scab-design-muebles","status":"publish","type":"page","link":"https:\/\/www.mirsa.es\/ca\/scab-design-muebles\/","title":{"rendered":"Scab Design Mobles"},"content":{"rendered":"<div class=\"wpb-content-wrapper\"><p>[vc_row css=&#8221;.vc_custom_1583596731269{margin-left: -50px !important;}&#8221;][vc_column][vc_column_text]<a href=\"javascript:history.go(-1)\" onmouseover=\"self.status=document.referrer;return true\" style=\"color: black;\">Enrere<\/a>[\/vc_column_text][\/vc_column][\/vc_row][vc_row][vc_column][vc_column_text]<\/p>\n<h5><img decoding=\"async\" class=\"wp-image-1077 size-large aligncenter\" title=\"Scab Design Mobles\" src=\"\/wp-content\/uploads\/2020\/06\/scab_design_muebles.jpg\" alt=\"Scab Design Mobles\" width=\"100%\" height=\"400\" \/><\/h5>\n<p style=\"font-size: 16px; text-align: left;\"><strong>Scab Design \u00e9s una reconeguda firma de disseny itali\u00e0 fundada al 1957 que destaca per la gran qualitat de totes les seves col\u00b7leccions.<br \/>\n<\/strong><\/p>\n<p style=\"font-size: 16px; text-align: left;\">L\u2019\u00e0mplia experi\u00e8ncia en el sector de la marca aix\u00ed com l\u2019estil contemporani i equilibrat de les seves peces l\u2019han convertit en una refer\u00e8ncia mundial en el m\u00f3n del disseny.<\/p>\n<p style=\"font-size: 16px; text-align: left;\">Pionera en el tractament de materials termopl\u00e0stics, Scab ja investigava als anys 70 noves t\u00e8cniques de producci\u00f3 per a les seves col\u00b7leccions. Alguns dels dissenyadors italians m\u00e9s prestigiosos han treballat per a la marca, sota la direcci\u00f3 art\u00edstica i creativa de l\u2019arquitecta Luisa Battaglia.<\/p>\n<p style=\"font-size: 16px; text-align: left;\">Un gran equip d\u2019arquitectes, dissenyadors i enginyers especialitzats supervisen cada producte que es fabrica, adoptant un esperit artesanal dins el marc de la producci\u00f3 a gran escala.<\/p>\n<p style=\"font-size: 16px; text-align: left;\">A MIRSA interiorisme &#038; mobiliari som distribu\u00efdors oficials Scab Design. Per a m\u00e9s informaci\u00f3, visiti el nostre Showroom o contacti amb nosaltres.<\/p>\n<p>[\/vc_column_text][vc_row_inner][vc_column_inner width=&#8221;1\/3&#8243;]<style type=\"text\/css\">#bklyn_btn_6a092147e7977 .bklyn-btn { color:#ffffff !important; background-color:black !important; }<\/style><div id=\"bklyn_btn_6a092147e7977\" class=\"bklyn-btn-holder  bklyn-btn-center bklyn-btn-tablet-center bklyn-btn-mobile-center\"><a title=\"Scab Design Mobles\"   href=\"\/catalogo-productos\/?shrPrm=es\/8201494\/products\/2\/3210002\/1?usage=&#038;productgroup=&#038;manufacturer=3103397&#038;designer=\" target=\"_self\" class=\"bklyn-btn  bklyn-btn-icon-left bklyn-btn-normal\" ><i class=\"BklynIcons-Search\"><\/i><span class=\"ut-btn-text\">Productes<\/span><\/a><\/div>[\/vc_column_inner][vc_column_inner width=&#8221;1\/3&#8243;]<style type=\"text\/css\">#bklyn_btn_6a092147e79fe .bklyn-btn { color:#ffffff !important; background-color:black !important; }<\/style><div id=\"bklyn_btn_6a092147e79fe\" class=\"bklyn-btn-holder  bklyn-btn-center bklyn-btn-tablet-center bklyn-btn-mobile-center\"><a title=\"Scab Design Cat\u00e1logos\"   href=\"https:\/\/www.scabdesign.com\/index.php?route=opextensions\/category&#038;catid=56\" target=\"_self\" class=\"bklyn-btn  bklyn-btn-icon-left bklyn-btn-normal\" ><i class=\"BklynIcons-Download\"><\/i><span class=\"ut-btn-text\">Cat\u00e0legs<\/span><\/a><\/div>[\/vc_column_inner][vc_column_inner width=&#8221;1\/3&#8243;]<style type=\"text\/css\">#bklyn_btn_6a092147e7a46 .bklyn-btn { color:#ffffff !important; background-color:black !important; }<\/style><div id=\"bklyn_btn_6a092147e7a46\" class=\"bklyn-btn-holder  bklyn-btn-center bklyn-btn-tablet-center bklyn-btn-mobile-center\"><a title=\"Contacto\"   href=\"\/contacto\" target=\"_self\" class=\"bklyn-btn  bklyn-btn-icon-left bklyn-btn-normal\" ><i class=\"fa fa-envelope\"><\/i><span class=\"ut-btn-text\">M\u00e9s informaci\u00f3<\/span><\/a><\/div>[\/vc_column_inner][\/vc_row_inner][\/vc_column][\/vc_row][vc_section][vc_row full_width=&#8221;stretch_row_content&#8221;][vc_column][vc_column_text]<iframe id=\"shrFrm\" style=\"width: 100%; margin: 0; border: none; overflow: hidden;\"><\/iframe><br \/>\n<script src=\"https:\/\/vsr.architonic.com\/assets\/js\/shared\/jquery.responsiveiframe_inhp.js\"><\/script><br \/>\n<script type='text\/javascript'>jQuery(document).ready(function(){ var regex=new RegExp('[?&]shrPrm=([^&#]*)'); var res=regex.exec(window.location.href); var shrPrm=(res!=null?decodeURIComponent(res[1]):''); if(''!=shrPrm) document.getElementById('shrFrm').src='https:\/\/vsr.architonic.com\/'+shrPrm; else document.getElementById('shrFrm').src='https:\/\/vsr.architonic.com\/es\/8201494\/collections\/3103397\/1'; });(function(e){e(function(){e('#shrFrm').responsiveIframe()})})(jQuery);<\/script>[\/vc_column_text][\/vc_column][\/vc_row][\/vc_section]<\/p>\n<\/div>","protected":false},"excerpt":{"rendered":"<p>[vc_row css=&#8221;.vc_custom_1583596731269{margin-left: -50px !important;}&#8221;][vc_column][vc_column_text]Enrere[\/vc_column_text][\/vc_column][\/vc_row][vc_row][vc_column][vc_column_text] Scab Design \u00e9s una reconeguda firma de disseny itali\u00e0 fundada al 1957 que destaca per la gran qualitat de totes les seves col\u00b7leccions. L\u2019\u00e0mplia experi\u00e8ncia en el sector de la marca aix\u00ed com l\u2019estil contemporani i equilibrat de les seves peces l\u2019han convertit en una refer\u00e8ncia mundial en el m\u00f3n del [&hellip;]<\/p>\n","protected":false},"author":1,"featured_media":0,"parent":0,"menu_order":0,"comment_status":"closed","ping_status":"closed","template":"","meta":{"footnotes":""},"class_list":["post-50889","page","type-page","status-publish","hentry"],"aioseo_notices":[],"_links":{"self":[{"href":"https:\/\/www.mirsa.es\/ca\/wp-json\/wp\/v2\/pages\/50889","targetHints":{"allow":["GET"]}}],"collection":[{"href":"https:\/\/www.mirsa.es\/ca\/wp-json\/wp\/v2\/pages"}],"about":[{"href":"https:\/\/www.mirsa.es\/ca\/wp-json\/wp\/v2\/types\/page"}],"author":[{"embeddable":true,"href":"https:\/\/www.mirsa.es\/ca\/wp-json\/wp\/v2\/users\/1"}],"replies":[{"embeddable":true,"href":"https:\/\/www.mirsa.es\/ca\/wp-json\/wp\/v2\/comments?post=50889"}],"version-history":[{"count":0,"href":"https:\/\/www.mirsa.es\/ca\/wp-json\/wp\/v2\/pages\/50889\/revisions"}],"wp:attachment":[{"href":"https:\/\/www.mirsa.es\/ca\/wp-json\/wp\/v2\/media?parent=50889"}],"curies":[{"name":"wp","href":"https:\/\/api.w.org\/{rel}","templated":true}]}}