{"id":50810,"date":"2018-06-23T17:32:14","date_gmt":"2018-06-23T15:32:14","guid":{"rendered":"http:\/\/www.mirsa.es.mialias.net\/rubelli-telas\/"},"modified":"2021-02-12T15:44:04","modified_gmt":"2021-02-12T15:44:04","slug":"rubelli-telas","status":"publish","type":"page","link":"https:\/\/www.mirsa.es\/ca\/rubelli-telas\/","title":{"rendered":"Rubelli Teixits"},"content":{"rendered":"<div class=\"wpb-content-wrapper\"><p>[vc_row css=&#8221;.vc_custom_1583596731269{margin-left: -50px !important;}&#8221;][vc_column][vc_column_text]<a href=\"javascript:history.go(-1)\" onmouseover=\"self.status=document.referrer;return true\" style=\"color: black;\">Atr\u00e1s<\/a>[\/vc_column_text][\/vc_column][\/vc_row][vc_row][vc_column][vc_column_text]<\/p>\n<h5><img decoding=\"async\" class=\"wp-image-1077 size-large aligncenter\" title=\"Rubelli Teixits\" src=\"\/wp-content\/uploads\/2021\/02\/rubelli_tejidos.jpg\" alt=\"Rubelli Teixits\" width=\"100%\" height=\"400\" \/><\/h5>\n<p style=\"font-size: 16px; text-align: left;\"><strong>Rubelli \u00e9s una prestigiosa firma veneciana fundada al 1889 especialitzada en la fabricaci\u00f3 de teles d\u2019alta gamma i altres productes de decoraci\u00f3.<\/strong><\/p>\n<p style=\"font-size: 16px; text-align: left;\">La firma disposa de la seva pr\u00f2pia f\u00e0brica amb telers d\u2019\u00faltima generaci\u00f3 que es combinen amb t\u00e8cniques tradicionals per a obtenir un producte \u00fanic de gran qualitat. Actualment Rubelli est\u00e0 present a Ven\u00e8cia, Mil\u00e0, Roma, Paris. Londres, Bruseles, Mosc\u00fa\u2026 i s\u2019ha convertit en una refer\u00e8ncia mundial en el sector del t\u00e8xtil.<\/p>\n<p style=\"font-size: 16px; text-align: left;\">A MIRSA interiorisme &#038; mobiliari disposem d\u2019una extensa gamma de teixits Rubelli. Per a m\u00e9s informaci\u00f3, visiti el nostre Showroom o contacti amb nosaltres.<\/p>\n<p>[\/vc_column_text][vc_row_inner][vc_column_inner width=&#8221;1\/3&#8243;]<style type=\"text\/css\">#bklyn_btn_69d18703875df .bklyn-btn { color:#ffffff !important; background-color:black !important; }<\/style><div id=\"bklyn_btn_69d18703875df\" class=\"bklyn-btn-holder  bklyn-btn-center bklyn-btn-tablet-center bklyn-btn-mobile-center\"><a title=\"Productos Rubelli\"   href=\"\/catalogo-productos\/?shrPrm=es\/8201494\/products\/2\/3210002\/3100860\/1\" target=\"_self\" class=\"bklyn-btn  bklyn-btn-icon-left bklyn-btn-normal\" ><i class=\"BklynIcons-Search\"><\/i><span class=\"ut-btn-text\">Productes<\/span><\/a><\/div>[\/vc_column_inner][vc_column_inner width=&#8221;1\/3&#8243;]<style type=\"text\/css\">#bklyn_btn_69d1870387644 .bklyn-btn { color:#ffffff !important; background-color:black !important; }<\/style><div id=\"bklyn_btn_69d1870387644\" class=\"bklyn-btn-holder  bklyn-btn-center bklyn-btn-tablet-center bklyn-btn-mobile-center\"><a title=\"Cat\u00e1logos Rubelli\"   href=\"\/catalogo-productos\/?shrPrm=es\/8201494\/pdf\/3100161\" target=\"_self\" class=\"bklyn-btn  bklyn-btn-icon-left bklyn-btn-normal\" ><i class=\"BklynIcons-Download\"><\/i><span class=\"ut-btn-text\">Cat\u00e0legs<\/span><\/a><\/div>[\/vc_column_inner][vc_column_inner width=&#8221;1\/3&#8243;]<style type=\"text\/css\">#bklyn_btn_69d1870387696 .bklyn-btn { color:#ffffff !important; background-color:black !important; }<\/style><div id=\"bklyn_btn_69d1870387696\" class=\"bklyn-btn-holder  bklyn-btn-center bklyn-btn-tablet-center bklyn-btn-mobile-center\"><a title=\"Contacto\"   href=\"\/contacto\" target=\"_self\" class=\"bklyn-btn  bklyn-btn-icon-left bklyn-btn-normal\" ><i class=\"fa fa-envelope\"><\/i><span class=\"ut-btn-text\">M\u00e9s informaci\u00f3<\/span><\/a><\/div>[\/vc_column_inner][\/vc_row_inner][\/vc_column][\/vc_row][vc_section][vc_row full_width=&#8221;stretch_row_content&#8221;][vc_column][vc_column_text]<iframe id=\"shrFrm\" style=\"width: 100%; margin: 0; border: none; overflow: hidden;\"><\/iframe><br \/>\n<script src=\"https:\/\/vsr.architonic.com\/assets\/js\/shared\/jquery.responsiveiframe.js\"><\/script><br \/>\n<script type='text\/javascript'>jQuery(document).ready(function(){ var regex=new RegExp('[?&]shrPrm=([^&#]*)'); var res=regex.exec(window.location.href); var shrPrm=(res!=null?decodeURIComponent(res[1]):''); if(''!=shrPrm) document.getElementById('shrFrm').src='https:\/\/vsr.architonic.com\/'+shrPrm; else document.getElementById('shrFrm').src='https:\/\/vsr.architonic.com\/es\/8201494\/collections\/3101393\/1'; });(function(e){e(function(){e('#shrFrm').responsiveIframe()})})(jQuery);<\/script>[\/vc_column_text][\/vc_column][\/vc_row][\/vc_section]<\/p>\n<\/div>","protected":false},"excerpt":{"rendered":"<p>[vc_row css=&#8221;.vc_custom_1583596731269{margin-left: -50px !important;}&#8221;][vc_column][vc_column_text]Atr\u00e1s[\/vc_column_text][\/vc_column][\/vc_row][vc_row][vc_column][vc_column_text] Rubelli \u00e9s una prestigiosa firma veneciana fundada al 1889 especialitzada en la fabricaci\u00f3 de teles d\u2019alta gamma i altres productes de decoraci\u00f3. La firma disposa de la seva pr\u00f2pia f\u00e0brica amb telers d\u2019\u00faltima generaci\u00f3 que es combinen amb t\u00e8cniques tradicionals per a obtenir un producte \u00fanic de gran qualitat. Actualment Rubelli [&hellip;]<\/p>\n","protected":false},"author":1,"featured_media":0,"parent":0,"menu_order":0,"comment_status":"closed","ping_status":"closed","template":"","meta":{"footnotes":""},"class_list":["post-50810","page","type-page","status-publish","hentry"],"aioseo_notices":[],"_links":{"self":[{"href":"https:\/\/www.mirsa.es\/ca\/wp-json\/wp\/v2\/pages\/50810","targetHints":{"allow":["GET"]}}],"collection":[{"href":"https:\/\/www.mirsa.es\/ca\/wp-json\/wp\/v2\/pages"}],"about":[{"href":"https:\/\/www.mirsa.es\/ca\/wp-json\/wp\/v2\/types\/page"}],"author":[{"embeddable":true,"href":"https:\/\/www.mirsa.es\/ca\/wp-json\/wp\/v2\/users\/1"}],"replies":[{"embeddable":true,"href":"https:\/\/www.mirsa.es\/ca\/wp-json\/wp\/v2\/comments?post=50810"}],"version-history":[{"count":0,"href":"https:\/\/www.mirsa.es\/ca\/wp-json\/wp\/v2\/pages\/50810\/revisions"}],"wp:attachment":[{"href":"https:\/\/www.mirsa.es\/ca\/wp-json\/wp\/v2\/media?parent=50810"}],"curies":[{"name":"wp","href":"https:\/\/api.w.org\/{rel}","templated":true}]}}