{"id":50787,"date":"2019-01-05T12:13:21","date_gmt":"2019-01-05T11:13:21","guid":{"rendered":"http:\/\/www.mirsa.es.mialias.net\/ron-gilad-colecciones\/"},"modified":"2024-06-07T11:01:58","modified_gmt":"2024-06-07T11:01:58","slug":"ron-gilad-colecciones","status":"publish","type":"page","link":"https:\/\/www.mirsa.es\/ca\/ron-gilad-colecciones\/","title":{"rendered":"Ron Gilad Col\u00b7leccions"},"content":{"rendered":"<div class=\"wpb-content-wrapper\"><p>[vc_section][vc_row full_width=&#8221;stretch_row_content&#8221;][vc_column][vc_column_text]<a style=\"color:black;\" href=\"javascript:history.go(-1)\" onmouseover=\"self.status=document.referrer;return true\">Atr\u00e1s<\/a>[\/vc_column_text][\/vc_column][\/vc_row][vc_row full_width=&#8221;stretch_row_content&#8221; css=&#8221;.vc_custom_1589961005492{margin-top: -15px !important;}&#8221;][vc_column width=&#8221;1\/3&#8243;]<div  class=\"wpb_content_element   clearfix\"><style type=\"text\/css\">#ut_am_6a09239e8e3d9 { opacity: 1; }#ut_am_wrap_6a09239e8e3da { text-align: left; }@media (min-width: 768px) and (max-width: 1024px) { #ut_am_wrap_6a09239e8e3da { text-align: left !important; } }@media (max-width: 767px) { #ut_am_wrap_6a09239e8e3da { text-align: center !important; } }<\/style><div id=\"ut_am_wrap_6a09239e8e3da\" class=\"ut-image-gallery-image \"><div id=\"ut_reveal_6a09239e8e3db\"  data-appear-top-offset=\"auto\" class=\"ut-animated-image-item ut-image-gallery-item ut-animation-done \"><a class=\"ut-deactivated-link\" href=\"#\"><div class=\"ut-animated-image-zoom\">\r\n        <div class=\"ut-element-glitch-wrap\">\r\n\r\n            \r\n        <style type=\"text\/css\">\r\n\r\n                        \r\n        @media (min-width: 1025px) {\r\n\r\n        #ut-element-glitch-6a09239e8e3fe941409945-30299 .ut-glitch-single-element {\r\n                                            \r\n                }\r\n        }\r\n\r\n        @media (min-width: 768px) and (max-width: 1024px) {\r\n\r\n        #ut-element-glitch-6a09239e8e3fe941409945-30299 .ut-glitch-single-element {\r\n                                                \r\n                    }\r\n        }\r\n\r\n        @media (max-width: 767px) {\r\n\r\n        #ut-element-glitch-6a09239e8e3fe941409945-30299 .ut-glitch-single-element {\r\n                                                \r\n                    }\r\n        }\r\n\r\n        \r\n        <\/style>\r\n\r\n        \r\n            <div id=\"ut-element-glitch-6a09239e8e3fe941409945-30299\" class=\" ut-element-glitch ut-glitch-none ut-element-glitch-permanent\">\r\n                <div class=\"ut-glitch-single-element ut-lozad skip-lazy\" data-background-image=\"https:\/\/www.mirsa.es\/wp-content\/uploads\/2020\/05\/ron_gilad.jpg\"><\/div>\r\n                <div class=\"ut-glitch-single-element ut-lozad skip-lazy\" data-background-image=\"https:\/\/www.mirsa.es\/wp-content\/uploads\/2020\/05\/ron_gilad.jpg\"><\/div>\r\n                <div class=\"ut-glitch-single-element ut-lozad skip-lazy\" data-background-image=\"https:\/\/www.mirsa.es\/wp-content\/uploads\/2020\/05\/ron_gilad.jpg\"><\/div>\r\n                <div class=\"ut-glitch-single-element ut-lozad skip-lazy\" data-background-image=\"https:\/\/www.mirsa.es\/wp-content\/uploads\/2020\/05\/ron_gilad.jpg\"><\/div>\r\n                <div class=\"ut-glitch-single-element ut-lozad skip-lazy\" data-background-image=\"https:\/\/www.mirsa.es\/wp-content\/uploads\/2020\/05\/ron_gilad.jpg\"><\/div>\r\n            <\/div>\r\n\r\n        <\/div>\r\n\r\n        <img loading=\"lazy\" decoding=\"async\" class=\"ut-lazy skip-lazy ut-animated-image \"  id=\"ut_am_6a09239e8e3d9\" src=\"data:image\/svg+xml;charset=utf-8,%3Csvg xmlns%3D'http%3A%2F%2Fwww.w3.org%2F2000%2Fsvg' viewBox%3D'0 0 600 600'%2F%3E\" data-src=\"https:\/\/www.mirsa.es\/wp-content\/uploads\/2020\/05\/ron_gilad.jpg\" width=\"600\" height=\"600\" alt=\"\"\/><\/div><\/a><\/div><\/div><\/div>[\/vc_column][vc_column width=&#8221;2\/3&#8243;][vc_column_text]Ron Gilad \u00e9s un prestigi\u00f3s arquitecte i dissenyador nascut al 1972 a Tel Aviv, que destaca pel seu talent i la seva creativitat.<\/p>\n<p>L&#8217;estil de Gilad \u00e9s una combinaci\u00f3 \u00fanica entre l&#8217;abstracte i el formal, un estil propi diferenciat que l&#8217;ha consolidat com un dels millors dissenyadors actuals.<\/p>\n<p>A It\u00e0lia s&#8217;ha convertit en tot un referent del disseny, i ha col\u00b7laborat amb importants firmes del pa\u00eds com Molteni &amp; C, Flos, Adele-C, De Castelli, Nodus o Salvatori.<\/p>\n<p>Les seves creacions han estat exposades en algunes de les exposicions m\u00e9s prestigioses del m\u00f3n, com per exemple en el Museu d&#8217;Art de Tel Aviv aix\u00ed com en diverses exposicions internacionals com per exemple en el Metroplitan de Nova York.<\/p>\n<p>Al 2013 va ser guardonat amb el Wallpaper Design Award i amb el Elle D\u00e9cor International Design Award, dos dels reconeixements m\u00e9s importants que existeixen en el m\u00f3n del disseny.<\/p>\n<p>A MIRSA interiorisme &amp; mobiliari disposem d&#8217;una selecci\u00f3 de les millors col\u00b7leccions de Ron Gilad. Per a m\u00e9s informaci\u00f3 visiti el nostre Showroom o contacti amb nosaltres.<br \/>\n[\/vc_column_text][\/vc_column][\/vc_row][vc_row full_width=&#8221;stretch_row_content_no_spaces&#8221; css=&#8221;.vc_custom_1589960397272{margin-top: -20px !important;}&#8221;][vc_column][vc_separator color=&#8221;custom&#8221; accent_color=&#8221;#c7c2ba&#8221;][\/vc_column][\/vc_row][vc_row full_width=&#8221;stretch_row_content&#8221; css=&#8221;.vc_custom_1589964968246{margin-top: -20px !important;}&#8221;][vc_column][vc_column_text]<iframe id=\"embedded-ads-iframe-website\" width=\"100%\" height=\"600\" data-originsrc=\"https:\/\/mirsa.daloom.com\/es\/productos\/disenadore_ron-gilad\"><\/iframe><br \/>\n<script defer src=\"https:\/\/mirsa.daloom.com\/js\/parent-embedded-script.min.js\"><\/script>[\/vc_column_text][\/vc_column][\/vc_row][\/vc_section]<\/p>\n<\/div>","protected":false},"excerpt":{"rendered":"<p>[vc_section][vc_row full_width=&#8221;stretch_row_content&#8221;][vc_column][vc_column_text]Atr\u00e1s[\/vc_column_text][\/vc_column][\/vc_row][vc_row full_width=&#8221;stretch_row_content&#8221; css=&#8221;.vc_custom_1589961005492{margin-top: -15px !important;}&#8221;][vc_column width=&#8221;1\/3&#8243;][\/vc_column][vc_column width=&#8221;2\/3&#8243;][vc_column_text]Ron Gilad \u00e9s un prestigi\u00f3s arquitecte i dissenyador nascut al 1972 a Tel Aviv, que destaca pel seu talent i la seva creativitat. L&#8217;estil de Gilad \u00e9s una combinaci\u00f3 \u00fanica entre l&#8217;abstracte i el formal, un estil propi diferenciat que l&#8217;ha consolidat com un dels millors dissenyadors actuals. [&hellip;]<\/p>\n","protected":false},"author":1,"featured_media":0,"parent":0,"menu_order":0,"comment_status":"closed","ping_status":"closed","template":"","meta":{"footnotes":""},"class_list":["post-50787","page","type-page","status-publish","hentry"],"aioseo_notices":[],"_links":{"self":[{"href":"https:\/\/www.mirsa.es\/ca\/wp-json\/wp\/v2\/pages\/50787","targetHints":{"allow":["GET"]}}],"collection":[{"href":"https:\/\/www.mirsa.es\/ca\/wp-json\/wp\/v2\/pages"}],"about":[{"href":"https:\/\/www.mirsa.es\/ca\/wp-json\/wp\/v2\/types\/page"}],"author":[{"embeddable":true,"href":"https:\/\/www.mirsa.es\/ca\/wp-json\/wp\/v2\/users\/1"}],"replies":[{"embeddable":true,"href":"https:\/\/www.mirsa.es\/ca\/wp-json\/wp\/v2\/comments?post=50787"}],"version-history":[{"count":0,"href":"https:\/\/www.mirsa.es\/ca\/wp-json\/wp\/v2\/pages\/50787\/revisions"}],"wp:attachment":[{"href":"https:\/\/www.mirsa.es\/ca\/wp-json\/wp\/v2\/media?parent=50787"}],"curies":[{"name":"wp","href":"https:\/\/api.w.org\/{rel}","templated":true}]}}