{"id":50783,"date":"2019-01-04T20:07:09","date_gmt":"2019-01-04T19:07:09","guid":{"rendered":"http:\/\/www.mirsa.es.mialias.net\/ron-arad-colecciones\/"},"modified":"2024-06-07T10:50:00","modified_gmt":"2024-06-07T10:50:00","slug":"ron-arad-colecciones","status":"publish","type":"page","link":"https:\/\/www.mirsa.es\/ca\/ron-arad-colecciones\/","title":{"rendered":"Ron Arad Col\u00b7leccions"},"content":{"rendered":"<div class=\"wpb-content-wrapper\"><p>[vc_section][vc_row full_width=&#8221;stretch_row_content&#8221;][vc_column][vc_column_text]<a style=\"color:black;\" href=\"javascript:history.go(-1)\" onmouseover=\"self.status=document.referrer;return true\">Enrere<\/a>[\/vc_column_text][\/vc_column][\/vc_row][vc_row full_width=&#8221;stretch_row_content&#8221; css=&#8221;.vc_custom_1589961005492{margin-top: -15px !important;}&#8221;][vc_column width=&#8221;1\/3&#8243;]<div  class=\"wpb_content_element   clearfix\"><style type=\"text\/css\">#ut_am_6a09239d9c7e6 { opacity: 1; }#ut_am_wrap_6a09239d9c7e7 { text-align: left; }@media (min-width: 768px) and (max-width: 1024px) { #ut_am_wrap_6a09239d9c7e7 { text-align: left !important; } }@media (max-width: 767px) { #ut_am_wrap_6a09239d9c7e7 { text-align: center !important; } }<\/style><div id=\"ut_am_wrap_6a09239d9c7e7\" class=\"ut-image-gallery-image \"><div id=\"ut_reveal_6a09239d9c7e8\"  data-appear-top-offset=\"auto\" class=\"ut-animated-image-item ut-image-gallery-item ut-animation-done \"><a class=\"ut-deactivated-link\" href=\"#\"><div class=\"ut-animated-image-zoom\">\r\n        <div class=\"ut-element-glitch-wrap\">\r\n\r\n            \r\n        <style type=\"text\/css\">\r\n\r\n                        \r\n        @media (min-width: 1025px) {\r\n\r\n        #ut-element-glitch-6a09239d9c80a666847665-30298 .ut-glitch-single-element {\r\n                                            \r\n                }\r\n        }\r\n\r\n        @media (min-width: 768px) and (max-width: 1024px) {\r\n\r\n        #ut-element-glitch-6a09239d9c80a666847665-30298 .ut-glitch-single-element {\r\n                                                \r\n                    }\r\n        }\r\n\r\n        @media (max-width: 767px) {\r\n\r\n        #ut-element-glitch-6a09239d9c80a666847665-30298 .ut-glitch-single-element {\r\n                                                \r\n                    }\r\n        }\r\n\r\n        \r\n        <\/style>\r\n\r\n        \r\n            <div id=\"ut-element-glitch-6a09239d9c80a666847665-30298\" class=\" ut-element-glitch ut-glitch-none ut-element-glitch-permanent\">\r\n                <div class=\"ut-glitch-single-element ut-lozad skip-lazy\" data-background-image=\"https:\/\/www.mirsa.es\/wp-content\/uploads\/2020\/05\/ron_arad.jpg\"><\/div>\r\n                <div class=\"ut-glitch-single-element ut-lozad skip-lazy\" data-background-image=\"https:\/\/www.mirsa.es\/wp-content\/uploads\/2020\/05\/ron_arad.jpg\"><\/div>\r\n                <div class=\"ut-glitch-single-element ut-lozad skip-lazy\" data-background-image=\"https:\/\/www.mirsa.es\/wp-content\/uploads\/2020\/05\/ron_arad.jpg\"><\/div>\r\n                <div class=\"ut-glitch-single-element ut-lozad skip-lazy\" data-background-image=\"https:\/\/www.mirsa.es\/wp-content\/uploads\/2020\/05\/ron_arad.jpg\"><\/div>\r\n                <div class=\"ut-glitch-single-element ut-lozad skip-lazy\" data-background-image=\"https:\/\/www.mirsa.es\/wp-content\/uploads\/2020\/05\/ron_arad.jpg\"><\/div>\r\n            <\/div>\r\n\r\n        <\/div>\r\n\r\n        <img loading=\"lazy\" decoding=\"async\" class=\"ut-lazy skip-lazy ut-animated-image \"  id=\"ut_am_6a09239d9c7e6\" src=\"data:image\/svg+xml;charset=utf-8,%3Csvg xmlns%3D'http%3A%2F%2Fwww.w3.org%2F2000%2Fsvg' viewBox%3D'0 0 600 600'%2F%3E\" data-src=\"https:\/\/www.mirsa.es\/wp-content\/uploads\/2020\/05\/ron_arad.jpg\" width=\"600\" height=\"600\" alt=\"\"\/><\/div><\/a><\/div><\/div><\/div>[\/vc_column][vc_column width=&#8221;2\/3&#8243;][vc_column_text]Ron Arad \u00e9s un reconegut dissenyador i arquitecte nascut a Tel Aviv l&#8217;any 1951, que es caracteritza pel seu estil innovador i contemporani.<\/p>\n<p>Entre 1971 i 1973 estudia a la prestigiosa Ad\u00e8mia de Belles Arts de Jerusalem. Al finalitzar els seus estudis a Israel es despla\u00e7a a Londres per a comen\u00e7ar la carrera d&#8217;arquitectura.<\/p>\n<p>Es tracta d&#8217;un artista amb un estil propi dif\u00edcil de definir, que \u00e9s caracteritza per la seva peculiar manera d&#8217;abordar les formes i els volums, potenciant les estructures lliures i sense fronteres.<\/p>\n<p>Els primers projectes d&#8217;Arad com a dissenyador van veure la llum al 1981, amb la ic\u00f2nica cadira Rover, un seient folrat a partir del cuir del tot terreny Rover V8 que es subjectava al terra gr\u00e0cies a dos suports d&#8217;acer.<\/p>\n<p>Al 1989 funda el seu propi estudi conjuntament amb Caroline Thorman, i es dedica en exclusiva a la realitzaci\u00f3 de projectes d&#8217;arquitectura i disseny a Londres.<\/p>\n<p>Al 1994 presenta una de les seves col\u00b7leccions m\u00e9s famoses, la ic\u00f2nica prestatgeria Bookworm, encara comercialitzada avui dia per Kartell. Del 1997 al 2009 va ser el responsable del Departament de Disseny del prestigi\u00f3s Royal College of Art de Londres.<\/p>\n<p>Dels seus projectes arquitect\u00f2nics destaquen els seus treballs per a la firma automobil\u00edstica Maserati o el disseny dels grans magatzems Selfridges de Londres. Arad ha treballat per a algunes de les firmes m\u00e9s prestigioses de mobiliari i il\u00b7luminaci\u00f3 com Vitra, Kartell, Alessi, Flos o Artemide.<\/p>\n<p>A MIRSA interiorisme &amp; mobiliari disposem d&#8217;una selecci\u00f3 de les millors col\u00b7leccions de Ron Arad. Per a m\u00e9s informaci\u00f3, visiti el nostre Showroom o contacti amb nosaltres.<br \/>\n[\/vc_column_text][\/vc_column][\/vc_row][vc_row full_width=&#8221;stretch_row_content_no_spaces&#8221; css=&#8221;.vc_custom_1589960397272{margin-top: -20px !important;}&#8221;][vc_column][vc_separator color=&#8221;custom&#8221; accent_color=&#8221;#c7c2ba&#8221;][\/vc_column][\/vc_row][vc_row full_width=&#8221;stretch_row_content&#8221; css=&#8221;.vc_custom_1589964968246{margin-top: -20px !important;}&#8221;][vc_column][vc_column_text]<iframe id=\"embedded-ads-iframe-website\" width=\"100%\" height=\"600\" data-originsrc=\"https:\/\/mirsa.daloom.com\/es\/productos\/disenadore_ron-arad\"><\/iframe><br \/>\n<script defer src=\"https:\/\/mirsa.daloom.com\/js\/parent-embedded-script.min.js\"><\/script>[\/vc_column_text][\/vc_column][\/vc_row][\/vc_section]<\/p>\n<\/div>","protected":false},"excerpt":{"rendered":"<p>[vc_section][vc_row full_width=&#8221;stretch_row_content&#8221;][vc_column][vc_column_text]Enrere[\/vc_column_text][\/vc_column][\/vc_row][vc_row full_width=&#8221;stretch_row_content&#8221; css=&#8221;.vc_custom_1589961005492{margin-top: -15px !important;}&#8221;][vc_column width=&#8221;1\/3&#8243;][\/vc_column][vc_column width=&#8221;2\/3&#8243;][vc_column_text]Ron Arad \u00e9s un reconegut dissenyador i arquitecte nascut a Tel Aviv l&#8217;any 1951, que es caracteritza pel seu estil innovador i contemporani. Entre 1971 i 1973 estudia a la prestigiosa Ad\u00e8mia de Belles Arts de Jerusalem. Al finalitzar els seus estudis a Israel es despla\u00e7a a Londres [&hellip;]<\/p>\n","protected":false},"author":1,"featured_media":0,"parent":0,"menu_order":0,"comment_status":"closed","ping_status":"closed","template":"","meta":{"footnotes":""},"class_list":["post-50783","page","type-page","status-publish","hentry"],"aioseo_notices":[],"_links":{"self":[{"href":"https:\/\/www.mirsa.es\/ca\/wp-json\/wp\/v2\/pages\/50783","targetHints":{"allow":["GET"]}}],"collection":[{"href":"https:\/\/www.mirsa.es\/ca\/wp-json\/wp\/v2\/pages"}],"about":[{"href":"https:\/\/www.mirsa.es\/ca\/wp-json\/wp\/v2\/types\/page"}],"author":[{"embeddable":true,"href":"https:\/\/www.mirsa.es\/ca\/wp-json\/wp\/v2\/users\/1"}],"replies":[{"embeddable":true,"href":"https:\/\/www.mirsa.es\/ca\/wp-json\/wp\/v2\/comments?post=50783"}],"version-history":[{"count":0,"href":"https:\/\/www.mirsa.es\/ca\/wp-json\/wp\/v2\/pages\/50783\/revisions"}],"wp:attachment":[{"href":"https:\/\/www.mirsa.es\/ca\/wp-json\/wp\/v2\/media?parent=50783"}],"curies":[{"name":"wp","href":"https:\/\/api.w.org\/{rel}","templated":true}]}}