{"id":50771,"date":"2018-06-22T19:27:37","date_gmt":"2018-06-22T17:27:37","guid":{"rendered":"http:\/\/www.mirsa.es.mialias.net\/roda-muebles-exterior\/"},"modified":"2021-02-11T18:00:26","modified_gmt":"2021-02-11T18:00:26","slug":"roda-muebles-exterior","status":"publish","type":"page","link":"https:\/\/www.mirsa.es\/ca\/roda-muebles-exterior\/","title":{"rendered":"Roda Mobles Exterior"},"content":{"rendered":"<div class=\"wpb-content-wrapper\"><p>[vc_row css=&#8221;.vc_custom_1583596731269{margin-left: -50px !important;}&#8221;][vc_column][vc_column_text]<a href=\"javascript:history.go(-1)\" onmouseover=\"self.status=document.referrer;return true\" style=\"color: black;\">Atr\u00e1s<\/a>[\/vc_column_text][\/vc_column][\/vc_row][vc_row][vc_column][vc_column_text]<\/p>\n<h5><img decoding=\"async\" class=\"wp-image-1077 size-large aligncenter\" title=\"Roda Mobles Exterior\" src=\"\/wp-content\/uploads\/2021\/02\/roda_muebles_exterior.jpg\" alt=\"Roda Mobles Exterior\" width=\"100%\" height=\"400\" \/><\/h5>\n<p style=\"font-size: 16px; text-align: left;\"><strong>Roda \u00e9s una reconeguda firma de prestigi internacional dedicada a la fabricaci\u00f3 i distribuci\u00f3 de mobiliari d\u2019exterior d\u2019alta gamma.<\/strong><\/p>\n<p style=\"font-size: 16px; text-align: left;\">Les seves col\u00b7leccions destaquen pel seu marcat estil sofisticat i cosmopolita, que ofereix tot tipus de solucions per a jardins i exteriors, gr\u00e0cies a la versatilitat de totes les seves peces.<\/p>\n<p style=\"font-size: 16px; text-align: left;\">M\u00e9s de 20 anys d\u2019experi\u00e8ncia i nombrosos reconeixements, han convertit a la marca en tot un referent internacional del mobiliari outdoor. A MIRSA interiorisme &#038; mobiliari som distribu\u00efdors oficials Roda. Per a m\u00e9s informaci\u00f3, visiti el nostre Showroom o contacti amb nosaltres.<\/p>\n<p>[\/vc_column_text][vc_row_inner][vc_column_inner]<style type=\"text\/css\">#bklyn_btn_69d25d7da6e52 .bklyn-btn { color:#ffffff !important; background-color:black !important; }<\/style><div id=\"bklyn_btn_69d25d7da6e52\" class=\"bklyn-btn-holder  bklyn-btn-center bklyn-btn-tablet-center bklyn-btn-mobile-center\"><a title=\"Contacto\"   href=\"\/contacto\" target=\"_self\" class=\"bklyn-btn  bklyn-btn-icon-left bklyn-btn-normal\" ><i class=\"fa fa-envelope\"><\/i><span class=\"ut-btn-text\">M\u00e9s informaci\u00f3<\/span><\/a><\/div>[\/vc_column_inner][\/vc_row_inner][\/vc_column][\/vc_row]<\/p>\n<\/div>","protected":false},"excerpt":{"rendered":"<p>[vc_row css=&#8221;.vc_custom_1583596731269{margin-left: -50px !important;}&#8221;][vc_column][vc_column_text]Atr\u00e1s[\/vc_column_text][\/vc_column][\/vc_row][vc_row][vc_column][vc_column_text] Roda \u00e9s una reconeguda firma de prestigi internacional dedicada a la fabricaci\u00f3 i distribuci\u00f3 de mobiliari d\u2019exterior d\u2019alta gamma. Les seves col\u00b7leccions destaquen pel seu marcat estil sofisticat i cosmopolita, que ofereix tot tipus de solucions per a jardins i exteriors, gr\u00e0cies a la versatilitat de totes les seves peces. M\u00e9s [&hellip;]<\/p>\n","protected":false},"author":1,"featured_media":0,"parent":0,"menu_order":0,"comment_status":"closed","ping_status":"closed","template":"","meta":{"footnotes":""},"class_list":["post-50771","page","type-page","status-publish","hentry"],"aioseo_notices":[],"_links":{"self":[{"href":"https:\/\/www.mirsa.es\/ca\/wp-json\/wp\/v2\/pages\/50771","targetHints":{"allow":["GET"]}}],"collection":[{"href":"https:\/\/www.mirsa.es\/ca\/wp-json\/wp\/v2\/pages"}],"about":[{"href":"https:\/\/www.mirsa.es\/ca\/wp-json\/wp\/v2\/types\/page"}],"author":[{"embeddable":true,"href":"https:\/\/www.mirsa.es\/ca\/wp-json\/wp\/v2\/users\/1"}],"replies":[{"embeddable":true,"href":"https:\/\/www.mirsa.es\/ca\/wp-json\/wp\/v2\/comments?post=50771"}],"version-history":[{"count":0,"href":"https:\/\/www.mirsa.es\/ca\/wp-json\/wp\/v2\/pages\/50771\/revisions"}],"wp:attachment":[{"href":"https:\/\/www.mirsa.es\/ca\/wp-json\/wp\/v2\/media?parent=50771"}],"curies":[{"name":"wp","href":"https:\/\/api.w.org\/{rel}","templated":true}]}}