{"id":50757,"date":"2018-06-22T18:10:33","date_gmt":"2018-06-22T16:10:33","guid":{"rendered":"http:\/\/www.mirsa.es.mialias.net\/roca-banos\/"},"modified":"2024-05-22T14:47:43","modified_gmt":"2024-05-22T14:47:43","slug":"roca-banos","status":"publish","type":"page","link":"https:\/\/www.mirsa.es\/ca\/roca-banos\/","title":{"rendered":"Roca Banys"},"content":{"rendered":"<div class=\"wpb-content-wrapper\"><p>[vc_row css=&#8221;.vc_custom_1583596731269{margin-left: -50px !important;}&#8221;][vc_column][vc_column_text]<a href=\"javascript:history.go(-1)\" onmouseover=\"self.status=document.referrer;return true\" style=\"color: black;\">Enrere<\/a>[\/vc_column_text][\/vc_column][\/vc_row][vc_row][vc_column][vc_column_text]<\/p>\n<h5><img decoding=\"async\" class=\"wp-image-1077 size-large aligncenter\" title=\"Roca Banys\" src=\"\/wp-content\/uploads\/2020\/06\/roca_banos.jpg\" alt=\"Roca Banys\" width=\"100%\" height=\"400\" \/><\/h5>\n<p style=\"font-size: 16px; text-align: left;\"><strong>Roca \u00e9s una prestigiosa firma internacional dedicada a la fabricaci\u00f3 i distribuci\u00f3 de mobiliari de bany.<\/strong><\/p>\n<p style=\"font-size: 16px; text-align: left;\">La firma va ser fundada al 1917 a Barcelona, i encara que en un principi es dedicava a la fabricaci\u00f3 de sistemes de calderes, pocs anys despr\u00e9s es va especialitzar en la fabricaci\u00f3 de banyeres, inodors, aixetes i porcellana sanit\u00e0ria.<\/p>\n<p style=\"font-size: 16px; text-align: left;\">A Partir dels anys 90 la companyia comen\u00e7a la seva expansi\u00f3 internacional amb l\u2019absorci\u00f3 del grup su\u00efs Keramik Holding Laufen, un dels majors fabricants mundials de porcellana. A m\u00e9s, el grup obre noves seus a Portugal, Fran\u00e7a, Regne Unit, It\u00e0lia i Xina.<\/p>\n<p style=\"font-size: 16px; text-align: left;\">A MIRSA interiorisme &#038; mobiliari disposem d\u2019una extensa gamma de productes i col\u00b7leccions Roca. Per a m\u00e9s informaci\u00f3, visiti la nostra exposici\u00f3 o contacti amb nosaltres.<\/p>\n<p>[\/vc_column_text][\/vc_column][\/vc_row]<\/p>\n<\/div>","protected":false},"excerpt":{"rendered":"<p>[vc_row css=&#8221;.vc_custom_1583596731269{margin-left: -50px !important;}&#8221;][vc_column][vc_column_text]Enrere[\/vc_column_text][\/vc_column][\/vc_row][vc_row][vc_column][vc_column_text] Roca \u00e9s una prestigiosa firma internacional dedicada a la fabricaci\u00f3 i distribuci\u00f3 de mobiliari de bany. La firma va ser fundada al 1917 a Barcelona, i encara que en un principi es dedicava a la fabricaci\u00f3 de sistemes de calderes, pocs anys despr\u00e9s es va especialitzar en la fabricaci\u00f3 de banyeres, [&hellip;]<\/p>\n","protected":false},"author":1,"featured_media":0,"parent":0,"menu_order":0,"comment_status":"closed","ping_status":"closed","template":"","meta":{"footnotes":""},"class_list":["post-50757","page","type-page","status-publish","hentry"],"aioseo_notices":[],"_links":{"self":[{"href":"https:\/\/www.mirsa.es\/ca\/wp-json\/wp\/v2\/pages\/50757","targetHints":{"allow":["GET"]}}],"collection":[{"href":"https:\/\/www.mirsa.es\/ca\/wp-json\/wp\/v2\/pages"}],"about":[{"href":"https:\/\/www.mirsa.es\/ca\/wp-json\/wp\/v2\/types\/page"}],"author":[{"embeddable":true,"href":"https:\/\/www.mirsa.es\/ca\/wp-json\/wp\/v2\/users\/1"}],"replies":[{"embeddable":true,"href":"https:\/\/www.mirsa.es\/ca\/wp-json\/wp\/v2\/comments?post=50757"}],"version-history":[{"count":0,"href":"https:\/\/www.mirsa.es\/ca\/wp-json\/wp\/v2\/pages\/50757\/revisions"}],"wp:attachment":[{"href":"https:\/\/www.mirsa.es\/ca\/wp-json\/wp\/v2\/media?parent=50757"}],"curies":[{"name":"wp","href":"https:\/\/api.w.org\/{rel}","templated":true}]}}