{"id":50753,"date":"2020-07-18T15:31:03","date_gmt":"2020-07-18T15:31:03","guid":{"rendered":"http:\/\/www.mirsa.es.mialias.net\/mesa-river-cattelan-italia\/"},"modified":"2021-02-11T16:59:15","modified_gmt":"2021-02-11T16:59:15","slug":"mesa-river-cattelan-italia","status":"publish","type":"page","link":"https:\/\/www.mirsa.es\/ca\/mesa-river-cattelan-italia\/","title":{"rendered":"River Cattelan Italia"},"content":{"rendered":"<div class=\"wpb-content-wrapper\"><p>[vc_row][vc_column][vc_column_text]<\/p>\n<h5><img decoding=\"async\" class=\"wp-image-1077 size-large aligncenter\" title=\"River Cattelan Italia\" src=\"\/wp-content\/uploads\/2020\/07\/mesa_river_cattelan_italia.jpg\" alt=\"River Cattelan Italia\" width=\"100%\" height=\"400\"\/><\/h5>\n<p style=\"font-size: 16px; text-align: left;\"><strong>River de la prestigiosa firma Cattelan Italia \u00e9s una elegant i exclusiva taula d\u2019estil contemporani patentada pel reconegut dissenyador Daniele Molteni.<\/strong><\/p>\n<p style=\"font-size: 16px; text-align: left;\">Es tracta d\u2019una pe\u00e7a vers\u00e0til i polivalent, que s\u2019adapta amb facilitat a qualsevol mena d\u2019espai gr\u00e0cies a les m\u00faltiples opcions de configuraci\u00f3 que ofereix.<\/p>\n<p style=\"font-size: 16px; text-align: left;\">La base de River est\u00e0 disponible en acer envernissat blanc. Negre o graphite, mentre que el taulell es presenta en fusta de noguera Canaletto o roure fumat.<\/p>\n<p style=\"font-size: 16px; text-align: left;\">A MIRSA interiorisme &#038; mobiliari som distribu\u00efdors oficials Cattelan Italia. Per a m\u00e9s informaci\u00f3, visiti el nostre Showroom o contacti amb nosaltres.<\/p>\n<p>[\/vc_column_text][vc_row_inner][vc_column_inner]<style type=\"text\/css\">#bklyn_btn_69f37689522a0 .bklyn-btn { color:#ffffff !important; background-color:black !important; }<\/style><div id=\"bklyn_btn_69f37689522a0\" class=\"bklyn-btn-holder  bklyn-btn-center bklyn-btn-tablet-center bklyn-btn-mobile-center\"><a title=\"Contacto\"   href=\"\/contacto\" target=\"_self\" class=\"bklyn-btn  bklyn-btn-icon-left bklyn-btn-normal\" ><i class=\"fa fa-envelope\"><\/i><span class=\"ut-btn-text\">M\u00e9s informaci\u00f3<\/span><\/a><\/div>[\/vc_column_inner][\/vc_row_inner][\/vc_column][\/vc_row]<\/p>\n<\/div>","protected":false},"excerpt":{"rendered":"<p>[vc_row][vc_column][vc_column_text] River de la prestigiosa firma Cattelan Italia \u00e9s una elegant i exclusiva taula d\u2019estil contemporani patentada pel reconegut dissenyador Daniele Molteni. Es tracta d\u2019una pe\u00e7a vers\u00e0til i polivalent, que s\u2019adapta amb facilitat a qualsevol mena d\u2019espai gr\u00e0cies a les m\u00faltiples opcions de configuraci\u00f3 que ofereix. La base de River est\u00e0 disponible en acer envernissat [&hellip;]<\/p>\n","protected":false},"author":1,"featured_media":0,"parent":0,"menu_order":0,"comment_status":"closed","ping_status":"closed","template":"","meta":{"footnotes":""},"class_list":["post-50753","page","type-page","status-publish","hentry"],"aioseo_notices":[],"_links":{"self":[{"href":"https:\/\/www.mirsa.es\/ca\/wp-json\/wp\/v2\/pages\/50753","targetHints":{"allow":["GET"]}}],"collection":[{"href":"https:\/\/www.mirsa.es\/ca\/wp-json\/wp\/v2\/pages"}],"about":[{"href":"https:\/\/www.mirsa.es\/ca\/wp-json\/wp\/v2\/types\/page"}],"author":[{"embeddable":true,"href":"https:\/\/www.mirsa.es\/ca\/wp-json\/wp\/v2\/users\/1"}],"replies":[{"embeddable":true,"href":"https:\/\/www.mirsa.es\/ca\/wp-json\/wp\/v2\/comments?post=50753"}],"version-history":[{"count":0,"href":"https:\/\/www.mirsa.es\/ca\/wp-json\/wp\/v2\/pages\/50753\/revisions"}],"wp:attachment":[{"href":"https:\/\/www.mirsa.es\/ca\/wp-json\/wp\/v2\/media?parent=50753"}],"curies":[{"name":"wp","href":"https:\/\/api.w.org\/{rel}","templated":true}]}}