{"id":50734,"date":"2019-02-14T19:54:06","date_gmt":"2019-02-14T18:54:06","guid":{"rendered":"http:\/\/www.mirsa.es.mialias.net\/rialto-night-fly-riva-1920\/"},"modified":"2021-02-11T15:57:44","modified_gmt":"2021-02-11T15:57:44","slug":"rialto-night-fly-riva-1920","status":"publish","type":"page","link":"https:\/\/www.mirsa.es\/ca\/rialto-night-fly-riva-1920\/","title":{"rendered":"Rialto Night Fly Riva 1920"},"content":{"rendered":"<div class=\"wpb-content-wrapper\"><p>[vc_row][vc_column][vc_column_text]<\/p>\n<h5><img decoding=\"async\" class=\"wp-image-1077 size-large aligncenter\" title=\"Rialto Night Fly Riva 1920\" src=\"\/wp-content\/uploads\/2020\/07\/rialto_night_fly.jpg\" alt=\"Rialto Night Fly Riva 1920\" width=\"100%\" height=\"400\" \/><\/h5>\n<p style=\"font-size: 16px; text-align: left;\"><strong>Rialto Night Fly es la nova tauleta de nit dissenyada pel prestigi\u00f3s Giulano Cappelletti que destaca per la seva resistent estructura de fusta contratxapada.<\/strong><\/p>\n<p style=\"font-size: 16px; text-align: left;\">Es tracta d\u2019una pe\u00e7a vers\u00e1til i polivalent, que s\u2019adapta amb facilitat a qualsevol tipus d\u2019espai, transmetent eleg\u00e0ncia i exclusivitat a la zona de nit.<\/p>\n<p style=\"font-size: 16px; text-align: left;\">Els calaixos estan fets amb unions entrella\u00e7ades realitzades mitjan\u00e7ant t\u00e8cniques tradicionals i incorporen un efectiu sistema d\u2019obertura push-pull. La tauleta Rialto Night Fly est\u00e1 disponible en dos tipus d\u2019acabats diferents: oli natural o cera d\u2019origen vegetal amb extractes de pi.<\/p>\n<p style=\"font-size: 16px; text-align: left;\">A MIRSA interiorisme &#038; mobiliari som distribu\u00efdors oficials Riva 1920. Per a m\u00e9s informaci\u00f3n, visiti el nostre Showroom o contacti amb nosaltres.\n<\/p>\n<p>[\/vc_column_text][vc_row_inner][vc_column_inner]<style type=\"text\/css\">#bklyn_btn_69f35f26eb544 .bklyn-btn { color:#ffffff !important; background-color:black !important; }<\/style><div id=\"bklyn_btn_69f35f26eb544\" class=\"bklyn-btn-holder  bklyn-btn-center bklyn-btn-tablet-center bklyn-btn-mobile-center\"><a title=\"Contacto\"   href=\"\/contacto\" target=\"_self\" class=\"bklyn-btn  bklyn-btn-icon-left bklyn-btn-normal\" ><i class=\"fa fa-envelope\"><\/i><span class=\"ut-btn-text\">M\u00e9s informaci\u00f3<\/span><\/a><\/div>[\/vc_column_inner][\/vc_row_inner][\/vc_column][\/vc_row]<\/p>\n<\/div>","protected":false},"excerpt":{"rendered":"<p>[vc_row][vc_column][vc_column_text] Rialto Night Fly es la nova tauleta de nit dissenyada pel prestigi\u00f3s Giulano Cappelletti que destaca per la seva resistent estructura de fusta contratxapada. Es tracta d\u2019una pe\u00e7a vers\u00e1til i polivalent, que s\u2019adapta amb facilitat a qualsevol tipus d\u2019espai, transmetent eleg\u00e0ncia i exclusivitat a la zona de nit. Els calaixos estan fets amb unions [&hellip;]<\/p>\n","protected":false},"author":1,"featured_media":0,"parent":0,"menu_order":0,"comment_status":"closed","ping_status":"closed","template":"","meta":{"footnotes":""},"class_list":["post-50734","page","type-page","status-publish","hentry"],"aioseo_notices":[],"_links":{"self":[{"href":"https:\/\/www.mirsa.es\/ca\/wp-json\/wp\/v2\/pages\/50734","targetHints":{"allow":["GET"]}}],"collection":[{"href":"https:\/\/www.mirsa.es\/ca\/wp-json\/wp\/v2\/pages"}],"about":[{"href":"https:\/\/www.mirsa.es\/ca\/wp-json\/wp\/v2\/types\/page"}],"author":[{"embeddable":true,"href":"https:\/\/www.mirsa.es\/ca\/wp-json\/wp\/v2\/users\/1"}],"replies":[{"embeddable":true,"href":"https:\/\/www.mirsa.es\/ca\/wp-json\/wp\/v2\/comments?post=50734"}],"version-history":[{"count":0,"href":"https:\/\/www.mirsa.es\/ca\/wp-json\/wp\/v2\/pages\/50734\/revisions"}],"wp:attachment":[{"href":"https:\/\/www.mirsa.es\/ca\/wp-json\/wp\/v2\/media?parent=50734"}],"curies":[{"name":"wp","href":"https:\/\/api.w.org\/{rel}","templated":true}]}}