{"id":50726,"date":"2018-06-22T10:53:15","date_gmt":"2018-06-22T08:53:15","guid":{"rendered":"http:\/\/www.mirsa.es.mialias.net\/reflex-angelo-muebles\/"},"modified":"2024-05-22T14:17:08","modified_gmt":"2024-05-22T14:17:08","slug":"reflex-angelo-muebles","status":"publish","type":"page","link":"https:\/\/www.mirsa.es\/ca\/reflex-angelo-muebles\/","title":{"rendered":"Reflex Angelo Mobles"},"content":{"rendered":"<div class=\"wpb-content-wrapper\"><p>[vc_row css=&#8221;.vc_custom_1583596731269{margin-left: -50px !important;}&#8221;][vc_column][vc_column_text]<a style=\"color:black;\" href=\"javascript:history.go(-1)\" onmouseover=\"self.status=document.referrer;return true\">Enrere<\/a>[\/vc_column_text][\/vc_column][\/vc_row][vc_row][vc_column][vc_column_text]<br \/>\n<img decoding=\"async\" class=\"wp-image-1077 size-large aligncenter\" title=\"Reflex Angelo Mobles\" src=\"\/wp-content\/uploads\/2020\/06\/reflex_angelo_muebles.jpg\" alt=\"Reflex Angelo Mobles\" width=\"100%\" height=\"400\" \/><\/p>\n<h2 style=\"font-size: 16px; text-align: left;\"><strong>Reflex Angelo \u00e9s una reconeguda firma de mobiliari italiana que prov\u00e9 d\u2019una fam\u00edlia d\u2019artesans venecians amb una llarga tradici\u00f3 en la producci\u00f3 i tractament del vidre.<\/strong><\/h2>\n<p style=\"font-size: 16px; text-align: left;\">La marca \u00e9s capa\u00e7 d\u2019oferir tot tipus de solucions de mobiliari per a la llar, integrant el vidre amb intel\u00b7lig\u00e8ncia i creativitat i concebent un producte \u00fanic.<\/p>\n<p style=\"font-size: 16px; text-align: left;\">Les col\u00b7leccions Reflex Angelo expressen la combinaci\u00f3 perfecta entre tecnologia, tradici\u00f3 i disseny, i s\u00f3n patentades per alguns dels millors dissenyadors i arquitectes del moment. La lleugeresa i lluminositat dels seus productes han convertit la marca en un referent per a interioristes d\u2019arreu del m\u00f3n.<\/p>\n<p style=\"font-size: 16px; text-align: left;\">A MIRSA interiorisme &amp; mobiliari som distribu\u00efdors oficials Reflex Angelo. Per a m\u00e9s informaci\u00f3, visiti el nostre Showroom o contacti amb nosaltres.<\/p>\n<p>[\/vc_column_text][\/vc_column][\/vc_row][vc_section][vc_row full_width=&#8221;stretch_row_content_no_spaces&#8221;][vc_column][vc_column_text]<iframe id=\"embedded-ads-iframe-website\" width=\"100%\" height=\"600\" data-originsrc=\"https:\/\/mirsa.daloom.com\/productos\/mobiliario\/brand_reflex\"><\/iframe><br \/>\n<script defer src=\"https:\/\/mirsa.daloom.com\/js\/parent-embedded-script.min.js\"><\/script>[\/vc_column_text][\/vc_column][\/vc_row][\/vc_section]<\/p>\n<\/div>","protected":false},"excerpt":{"rendered":"<p>[vc_row css=&#8221;.vc_custom_1583596731269{margin-left: -50px !important;}&#8221;][vc_column][vc_column_text]Enrere[\/vc_column_text][\/vc_column][\/vc_row][vc_row][vc_column][vc_column_text] Reflex Angelo \u00e9s una reconeguda firma de mobiliari italiana que prov\u00e9 d\u2019una fam\u00edlia d\u2019artesans venecians amb una llarga tradici\u00f3 en la producci\u00f3 i tractament del vidre. La marca \u00e9s capa\u00e7 d\u2019oferir tot tipus de solucions de mobiliari per a la llar, integrant el vidre amb intel\u00b7lig\u00e8ncia i creativitat i concebent un [&hellip;]<\/p>\n","protected":false},"author":1,"featured_media":0,"parent":0,"menu_order":0,"comment_status":"closed","ping_status":"closed","template":"","meta":{"footnotes":""},"class_list":["post-50726","page","type-page","status-publish","hentry"],"aioseo_notices":[],"_links":{"self":[{"href":"https:\/\/www.mirsa.es\/ca\/wp-json\/wp\/v2\/pages\/50726","targetHints":{"allow":["GET"]}}],"collection":[{"href":"https:\/\/www.mirsa.es\/ca\/wp-json\/wp\/v2\/pages"}],"about":[{"href":"https:\/\/www.mirsa.es\/ca\/wp-json\/wp\/v2\/types\/page"}],"author":[{"embeddable":true,"href":"https:\/\/www.mirsa.es\/ca\/wp-json\/wp\/v2\/users\/1"}],"replies":[{"embeddable":true,"href":"https:\/\/www.mirsa.es\/ca\/wp-json\/wp\/v2\/comments?post=50726"}],"version-history":[{"count":0,"href":"https:\/\/www.mirsa.es\/ca\/wp-json\/wp\/v2\/pages\/50726\/revisions"}],"wp:attachment":[{"href":"https:\/\/www.mirsa.es\/ca\/wp-json\/wp\/v2\/media?parent=50726"}],"curies":[{"name":"wp","href":"https:\/\/api.w.org\/{rel}","templated":true}]}}