{"id":50722,"date":"2020-07-18T15:12:28","date_gmt":"2020-07-18T15:12:28","guid":{"rendered":"http:\/\/www.mirsa.es.mialias.net\/mesa-reef-cattelan-italia\/"},"modified":"2021-02-11T11:10:17","modified_gmt":"2021-02-11T11:10:17","slug":"mesa-reef-cattelan-italia","status":"publish","type":"page","link":"https:\/\/www.mirsa.es\/ca\/mesa-reef-cattelan-italia\/","title":{"rendered":"Reef Cattelan Italia"},"content":{"rendered":"<div class=\"wpb-content-wrapper\"><p>[vc_row][vc_column][vc_column_text]<\/p>\n<h5><img decoding=\"async\" class=\"wp-image-1077 size-large aligncenter\" title=\"Reef Cattelan Italia\" src=\"\/wp-content\/uploads\/2020\/07\/mesa_reef_cattelan_italia.jpg\" alt=\"Reef Cattelan Italia\" width=\"100%\" height=\"400\" \/><\/h5>\n<p style=\"font-size: 16px; text-align: left;\"><strong>Reef de la prestigiosa firma Cattelan Italia es una espectacular taula d\u2019estil contempor\u00e0nia patentada pel reconegut dissenyador Piero De Longhi.<\/strong><\/p>\n<p style=\"font-size: 16px; text-align: left;\">Es tracta d\u2019una pe\u00e7a elegant i exclusiva, que disposa d\u2019una imponent base en cristalplant blanc que garanteix la m\u00e0xima resist\u00e8ncia. El taulell de Reef es presenta en marbre blanc de Carrara amb opci\u00f3 a una safata girat\u00f2ria complementaria.<\/p>\n<p style=\"font-size: 16px; text-align: left;\">A MIRSA interiorisme &#038; mobiliari som distribu\u00efdors oficials Cattelan Italia. Per a m\u00e9s informaci\u00f3, visiti el nostre Showroom o contacti amb nosaltres.<\/p>\n<p>[\/vc_column_text][vc_row_inner][vc_column_inner]<style type=\"text\/css\">#bklyn_btn_69d1dad8b0dbf .bklyn-btn { color:#ffffff !important; background-color:black !important; }<\/style><div id=\"bklyn_btn_69d1dad8b0dbf\" class=\"bklyn-btn-holder  bklyn-btn-center bklyn-btn-tablet-center bklyn-btn-mobile-center\"><a title=\"Contacto\"   href=\"\/contacto\" target=\"_self\" class=\"bklyn-btn  bklyn-btn-icon-left bklyn-btn-normal\" ><i class=\"fa fa-envelope\"><\/i><span class=\"ut-btn-text\">M\u00e9s informaci\u00f3<\/span><\/a><\/div>[\/vc_column_inner][\/vc_row_inner][\/vc_column][\/vc_row]<\/p>\n<\/div>","protected":false},"excerpt":{"rendered":"<p>[vc_row][vc_column][vc_column_text] Reef de la prestigiosa firma Cattelan Italia es una espectacular taula d\u2019estil contempor\u00e0nia patentada pel reconegut dissenyador Piero De Longhi. Es tracta d\u2019una pe\u00e7a elegant i exclusiva, que disposa d\u2019una imponent base en cristalplant blanc que garanteix la m\u00e0xima resist\u00e8ncia. El taulell de Reef es presenta en marbre blanc de Carrara amb opci\u00f3 a [&hellip;]<\/p>\n","protected":false},"author":1,"featured_media":0,"parent":0,"menu_order":0,"comment_status":"closed","ping_status":"closed","template":"","meta":{"footnotes":""},"class_list":["post-50722","page","type-page","status-publish","hentry"],"aioseo_notices":[],"_links":{"self":[{"href":"https:\/\/www.mirsa.es\/ca\/wp-json\/wp\/v2\/pages\/50722","targetHints":{"allow":["GET"]}}],"collection":[{"href":"https:\/\/www.mirsa.es\/ca\/wp-json\/wp\/v2\/pages"}],"about":[{"href":"https:\/\/www.mirsa.es\/ca\/wp-json\/wp\/v2\/types\/page"}],"author":[{"embeddable":true,"href":"https:\/\/www.mirsa.es\/ca\/wp-json\/wp\/v2\/users\/1"}],"replies":[{"embeddable":true,"href":"https:\/\/www.mirsa.es\/ca\/wp-json\/wp\/v2\/comments?post=50722"}],"version-history":[{"count":0,"href":"https:\/\/www.mirsa.es\/ca\/wp-json\/wp\/v2\/pages\/50722\/revisions"}],"wp:attachment":[{"href":"https:\/\/www.mirsa.es\/ca\/wp-json\/wp\/v2\/media?parent=50722"}],"curies":[{"name":"wp","href":"https:\/\/api.w.org\/{rel}","templated":true}]}}