{"id":50711,"date":"2020-07-18T11:37:48","date_gmt":"2020-07-18T11:37:48","guid":{"rendered":"http:\/\/www.mirsa.es.mialias.net\/mesa-ray-cattelan-italia\/"},"modified":"2021-02-11T10:50:16","modified_gmt":"2021-02-11T10:50:16","slug":"mesa-ray-cattelan-italia","status":"publish","type":"page","link":"https:\/\/www.mirsa.es\/ca\/mesa-ray-cattelan-italia\/","title":{"rendered":"Ray Cattelan Italia"},"content":{"rendered":"<div class=\"wpb-content-wrapper\"><p>[vc_row css=&#8221;.vc_custom_1583596731269{margin-left: -50px !important;}&#8221;][vc_column][vc_column_text]<a href=\"javascript:history.go(-1)\" onmouseover=\"self.status=document.referrer;return true\" style=\"color: black;\">Enrere<\/a>[\/vc_column_text][\/vc_column][\/vc_row][vc_row][vc_column][vc_column_text]<\/p>\n<h5><img decoding=\"async\" class=\"wp-image-1077 size-large aligncenter\" title=\"Ray - Cattelan Italia\" src=\"\/wp-content\/uploads\/2020\/07\/mesa_ray_cattelan_italia.jpg\" alt=\"Ray - Cattelan Italia\" width=\"100%\" height=\"400\"\/><\/h5>\n<p style=\"font-size: 16px; text-align: left;\"><strong>Ray de la reconeguda firma Cattelan Italia \u00e9s una elegant i exclusiva taula d\u2019estil contemporani patentada pel prestigi\u00f3s Paolo Cattelna.<br \/>\n<\/strong><\/p>\n<p style=\"font-size: 16px; text-align: left;\">La pe\u00e7a destaca per les seves resistents potes en acer envernissat, disponibles en diversos colors i acabats. El sobre es presenta en vidre transparent temperat de 15mm.<\/p>\n<p style=\"font-size: 16px; text-align: left;\">A MIRSA interiorisme &#038; mobiliari som distribu\u00efdors oficials Cattelan Italia. Per a m\u00e9s informaci\u00f3, visiti el nostre Showroom o contacti amb nosaltres.<\/p>\n<p>[\/vc_column_text][vc_row_inner][vc_column_inner]<style type=\"text\/css\">#bklyn_btn_69d260e872b47 .bklyn-btn { color:#ffffff !important; background-color:black !important; }<\/style><div id=\"bklyn_btn_69d260e872b47\" class=\"bklyn-btn-holder  bklyn-btn-center bklyn-btn-tablet-center bklyn-btn-mobile-center\"><a title=\"Contacto\"   href=\"\/contacto\" target=\"_self\" class=\"bklyn-btn  bklyn-btn-icon-left bklyn-btn-normal\" ><i class=\"fa fa-envelope\"><\/i><span class=\"ut-btn-text\">M\u00e9s informaci\u00f3<\/span><\/a><\/div>[\/vc_column_inner][\/vc_row_inner][\/vc_column][\/vc_row]<\/p>\n<\/div>","protected":false},"excerpt":{"rendered":"<p>[vc_row css=&#8221;.vc_custom_1583596731269{margin-left: -50px !important;}&#8221;][vc_column][vc_column_text]Enrere[\/vc_column_text][\/vc_column][\/vc_row][vc_row][vc_column][vc_column_text] Ray de la reconeguda firma Cattelan Italia \u00e9s una elegant i exclusiva taula d\u2019estil contemporani patentada pel prestigi\u00f3s Paolo Cattelna. La pe\u00e7a destaca per les seves resistents potes en acer envernissat, disponibles en diversos colors i acabats. El sobre es presenta en vidre transparent temperat de 15mm. A MIRSA interiorisme &#038; [&hellip;]<\/p>\n","protected":false},"author":1,"featured_media":0,"parent":0,"menu_order":0,"comment_status":"closed","ping_status":"closed","template":"","meta":{"footnotes":""},"class_list":["post-50711","page","type-page","status-publish","hentry"],"aioseo_notices":[],"_links":{"self":[{"href":"https:\/\/www.mirsa.es\/ca\/wp-json\/wp\/v2\/pages\/50711","targetHints":{"allow":["GET"]}}],"collection":[{"href":"https:\/\/www.mirsa.es\/ca\/wp-json\/wp\/v2\/pages"}],"about":[{"href":"https:\/\/www.mirsa.es\/ca\/wp-json\/wp\/v2\/types\/page"}],"author":[{"embeddable":true,"href":"https:\/\/www.mirsa.es\/ca\/wp-json\/wp\/v2\/users\/1"}],"replies":[{"embeddable":true,"href":"https:\/\/www.mirsa.es\/ca\/wp-json\/wp\/v2\/comments?post=50711"}],"version-history":[{"count":0,"href":"https:\/\/www.mirsa.es\/ca\/wp-json\/wp\/v2\/pages\/50711\/revisions"}],"wp:attachment":[{"href":"https:\/\/www.mirsa.es\/ca\/wp-json\/wp\/v2\/media?parent=50711"}],"curies":[{"name":"wp","href":"https:\/\/api.w.org\/{rel}","templated":true}]}}