{"id":50703,"date":"2020-07-23T09:33:36","date_gmt":"2020-07-23T09:33:36","guid":{"rendered":"http:\/\/www.mirsa.es.mialias.net\/ralph-bistrot-cattelan-italia\/"},"modified":"2021-02-11T10:08:56","modified_gmt":"2021-02-11T10:08:56","slug":"ralph-bistrot-cattelan-italia","status":"publish","type":"page","link":"https:\/\/www.mirsa.es\/ca\/ralph-bistrot-cattelan-italia\/","title":{"rendered":"Ralph Bistrot Cattelan Italia"},"content":{"rendered":"<div class=\"wpb-content-wrapper\"><p>[vc_row][vc_column][vc_column_text]<\/p>\n<h5><img decoding=\"async\" class=\"wp-image-1077 size-large aligncenter\" title=\"Ralph Bistrot Cattelan Italia\" src=\"\/wp-content\/uploads\/2020\/07\/mesa_ralph_bistrot_cattelan_italia.jpg\" alt=\"Ralph Bistrot Cattelan Italia\" width=\"100%\" height=\"400\" \/><\/h5>\n<p style=\"font-size: 16px; text-align: left;\"><strong>Ralph Bistrot de la prestigiosa firma Cattelan Italia \u00e9s una elegant i funcional taula auxiliar d\u2019estil contemporani dissenyada pel reconegut Giorgio Cattelan.<\/strong><\/p>\n<p style=\"font-size: 16px; text-align: left;\">Es tracta d\u2019una pe\u00e7a vers\u00e0til i polivalent, que gr\u00e0cies a les m\u00faltiples opcions de configuraci\u00f3 que ofereix, s\u2019adapta amb facilitat a qualsevol mena d\u2019espai.<\/p>\n<p style=\"font-size: 16px; text-align: left;\">La taula destaca per la seva espectacular base arquitect\u00f2nica en acer, que est\u00e0 disponible en diversos colors i acabats. El sobre est\u00e0 disponible en noguera canaletto, roure fumat en vidre temperat de 12mm amb platines.<\/p>\n<p style=\"font-size: 16px; text-align: left;\">A MIRSA interiorisme &#038; mobiliari som distribu\u00efdors oficials Catelan Italia. Per a m\u00e9s informaci\u00f3, visiti el nostre Showroom o contacti amb nosaltres.<\/p>\n<p>[\/vc_column_text][vc_row_inner][vc_column_inner]<style type=\"text\/css\">#bklyn_btn_69d18411caafb .bklyn-btn { color:#ffffff !important; background-color:black !important; }<\/style><div id=\"bklyn_btn_69d18411caafb\" class=\"bklyn-btn-holder  bklyn-btn-center bklyn-btn-tablet-center bklyn-btn-mobile-center\"><a title=\"Contacto\"   href=\"\/contacto\" target=\"_self\" class=\"bklyn-btn  bklyn-btn-icon-left bklyn-btn-normal\" ><i class=\"fa fa-envelope\"><\/i><span class=\"ut-btn-text\">M\u00e9s informaci\u00f3<\/span><\/a><\/div>[\/vc_column_inner][\/vc_row_inner][\/vc_column][\/vc_row]<\/p>\n<\/div>","protected":false},"excerpt":{"rendered":"<p>[vc_row][vc_column][vc_column_text] Ralph Bistrot de la prestigiosa firma Cattelan Italia \u00e9s una elegant i funcional taula auxiliar d\u2019estil contemporani dissenyada pel reconegut Giorgio Cattelan. Es tracta d\u2019una pe\u00e7a vers\u00e0til i polivalent, que gr\u00e0cies a les m\u00faltiples opcions de configuraci\u00f3 que ofereix, s\u2019adapta amb facilitat a qualsevol mena d\u2019espai. La taula destaca per la seva espectacular base [&hellip;]<\/p>\n","protected":false},"author":1,"featured_media":0,"parent":0,"menu_order":0,"comment_status":"closed","ping_status":"closed","template":"","meta":{"footnotes":""},"class_list":["post-50703","page","type-page","status-publish","hentry"],"aioseo_notices":[],"_links":{"self":[{"href":"https:\/\/www.mirsa.es\/ca\/wp-json\/wp\/v2\/pages\/50703","targetHints":{"allow":["GET"]}}],"collection":[{"href":"https:\/\/www.mirsa.es\/ca\/wp-json\/wp\/v2\/pages"}],"about":[{"href":"https:\/\/www.mirsa.es\/ca\/wp-json\/wp\/v2\/types\/page"}],"author":[{"embeddable":true,"href":"https:\/\/www.mirsa.es\/ca\/wp-json\/wp\/v2\/users\/1"}],"replies":[{"embeddable":true,"href":"https:\/\/www.mirsa.es\/ca\/wp-json\/wp\/v2\/comments?post=50703"}],"version-history":[{"count":0,"href":"https:\/\/www.mirsa.es\/ca\/wp-json\/wp\/v2\/pages\/50703\/revisions"}],"wp:attachment":[{"href":"https:\/\/www.mirsa.es\/ca\/wp-json\/wp\/v2\/media?parent=50703"}],"curies":[{"name":"wp","href":"https:\/\/api.w.org\/{rel}","templated":true}]}}