{"id":50697,"date":"2018-06-22T09:42:31","date_gmt":"2018-06-22T07:42:31","guid":{"rendered":"http:\/\/www.mirsa.es.mialias.net\/radius-design-chimeneas\/"},"modified":"2021-02-11T09:54:40","modified_gmt":"2021-02-11T09:54:40","slug":"radius-design-chimeneas","status":"publish","type":"page","link":"https:\/\/www.mirsa.es\/ca\/radius-design-chimeneas\/","title":{"rendered":"Radius Design Xemeneies"},"content":{"rendered":"<div class=\"wpb-content-wrapper\"><p>[vc_row css=&#8221;.vc_custom_1583596731269{margin-left: -50px !important;}&#8221;][vc_column][vc_column_text]<a href=\"javascript:history.go(-1)\" onmouseover=\"self.status=document.referrer;return true\" style=\"color: black;\">Enrere<\/a>[\/vc_column_text][\/vc_column][\/vc_row][vc_row][vc_column][vc_column_text]<\/p>\n<h5><img decoding=\"async\" class=\"wp-image-1077 size-large aligncenter\" title=\"Radius Design Xemeneies\" src=\"\/wp-content\/uploads\/2021\/02\/radius_design_bioetanol.jpg\" alt=\"Radius Design Xemeneies\" width=\"100%\" height=\"400\"\/><\/h5>\n<p style=\"font-size: 16px; text-align: left;\"><strong>Radius Design \u00e9s una reconeguda marca especialitzada en la fabricaci\u00f3 de tot tipus de sistemes i accessoris per a la llar. Mobiliari d\u2019interior i exterior, articles de decoraci\u00f3 i llars de foc de Bioetanol.<\/strong><\/p>\n<p style=\"font-size: 16px; text-align: left;\">Amb m\u00e9s de 20 anys d\u2019experi\u00e8ncia en el sector, Radius s\u2019ha consolidat com una important firma en el m\u00f3n del disseny i l\u2019interiorisme. Les seves innovadores llars de foc de Bioetanol, que poden instal\u00b7lar-se amb facilitat a la paret, s\u00f3n un dels seus productes m\u00e9s emblem\u00e0tics.<\/p>\n<p style=\"font-size: 16px; text-align: left;\">A MIRSA interiorisme &#038; mobiliari disposem d\u2019una \u00e0mplia gamma de productes Radius, que s\u2019ajusten a tot tipus de necessitats per a la llar. Per a m\u00e9s informaci\u00f3, visiti el nostre Showroom o contacti amb nosaltres.<\/p>\n<p>[\/vc_column_text][vc_row_inner][vc_column_inner width=&#8221;1\/3&#8243;]<style type=\"text\/css\">#bklyn_btn_69f25d739792e .bklyn-btn { color:#ffffff !important; background-color:black !important; }<\/style><div id=\"bklyn_btn_69f25d739792e\" class=\"bklyn-btn-holder  bklyn-btn-center bklyn-btn-tablet-center bklyn-btn-mobile-center\"><a title=\"Radius Design\"   href=\"\/catalogo-productos\/?shrPrm=es\/8201494\/products\/2\/3210008\/3100623\/1\" target=\"_self\" class=\"bklyn-btn  bklyn-btn-icon-left bklyn-btn-normal\" ><i class=\"BklynIcons-Search\"><\/i><span class=\"ut-btn-text\">Productes<\/span><\/a><\/div>[\/vc_column_inner][vc_column_inner width=&#8221;1\/3&#8243;]<style type=\"text\/css\">#bklyn_btn_69f25d73979ac .bklyn-btn { color:#ffffff !important; background-color:black !important; }<\/style><div id=\"bklyn_btn_69f25d73979ac\" class=\"bklyn-btn-holder  bklyn-btn-center bklyn-btn-tablet-center bklyn-btn-mobile-center\"><a title=\"Cat\u00e1logos Radius\"   href=\"\/catalogo-productos\/?shrPrm=es\/catalogo-productos\/?shrPrm=es\/8201494\/pdf\/3100623\" target=\"_self\" class=\"bklyn-btn  bklyn-btn-icon-left bklyn-btn-normal\" ><i class=\"BklynIcons-Download\"><\/i><span class=\"ut-btn-text\">Cat\u00e0legs<\/span><\/a><\/div>[\/vc_column_inner][vc_column_inner width=&#8221;1\/3&#8243;]<style type=\"text\/css\">#bklyn_btn_69f25d73979ef .bklyn-btn { color:#ffffff !important; background-color:black !important; }<\/style><div id=\"bklyn_btn_69f25d73979ef\" class=\"bklyn-btn-holder  bklyn-btn-center bklyn-btn-tablet-center bklyn-btn-mobile-center\"><a title=\"Contacto\"   href=\"\/contacto\" target=\"_self\" class=\"bklyn-btn  bklyn-btn-icon-left bklyn-btn-normal\" ><i class=\"fa fa-envelope\"><\/i><span class=\"ut-btn-text\">M\u00e9s informaci\u00f3<\/span><\/a><\/div>[\/vc_column_inner][\/vc_row_inner][\/vc_column][\/vc_row][vc_section][vc_row full_width=&#8221;stretch_row_content&#8221;][vc_column][vc_column_text]<iframe id=\"shrFrm\" style=\"width: 100%; margin: 0; border: none; overflow: hidden;\"><\/iframe><br \/>\n<script src=\"https:\/\/vsr.architonic.com\/assets\/js\/shared\/jquery.responsiveiframe_inhp.js\"><\/script><br \/>\n<script type='text\/javascript'>jQuery(document).ready(function(){ var regex=new RegExp('[?&]shrPrm=([^&#]*)'); var res=regex.exec(window.location.href); var shrPrm=(res!=null?decodeURIComponent(res[1]):''); if(''!=shrPrm) document.getElementById('shrFrm').src='https:\/\/vsr.architonic.com\/'+shrPrm; else document.getElementById('shrFrm').src='https:\/\/vsr.architonic.com\/es\/8201494\/collections\/3100623\/1'; });(function(e){e(function(){e('#shrFrm').responsiveIframe()})})(jQuery);<\/script>[\/vc_column_text][\/vc_column][\/vc_row][\/vc_section]<\/p>\n<\/div>","protected":false},"excerpt":{"rendered":"<p>[vc_row css=&#8221;.vc_custom_1583596731269{margin-left: -50px !important;}&#8221;][vc_column][vc_column_text]Enrere[\/vc_column_text][\/vc_column][\/vc_row][vc_row][vc_column][vc_column_text] Radius Design \u00e9s una reconeguda marca especialitzada en la fabricaci\u00f3 de tot tipus de sistemes i accessoris per a la llar. Mobiliari d\u2019interior i exterior, articles de decoraci\u00f3 i llars de foc de Bioetanol. Amb m\u00e9s de 20 anys d\u2019experi\u00e8ncia en el sector, Radius s\u2019ha consolidat com una important firma en [&hellip;]<\/p>\n","protected":false},"author":1,"featured_media":0,"parent":0,"menu_order":0,"comment_status":"closed","ping_status":"closed","template":"","meta":{"footnotes":""},"class_list":["post-50697","page","type-page","status-publish","hentry"],"aioseo_notices":[],"_links":{"self":[{"href":"https:\/\/www.mirsa.es\/ca\/wp-json\/wp\/v2\/pages\/50697","targetHints":{"allow":["GET"]}}],"collection":[{"href":"https:\/\/www.mirsa.es\/ca\/wp-json\/wp\/v2\/pages"}],"about":[{"href":"https:\/\/www.mirsa.es\/ca\/wp-json\/wp\/v2\/types\/page"}],"author":[{"embeddable":true,"href":"https:\/\/www.mirsa.es\/ca\/wp-json\/wp\/v2\/users\/1"}],"replies":[{"embeddable":true,"href":"https:\/\/www.mirsa.es\/ca\/wp-json\/wp\/v2\/comments?post=50697"}],"version-history":[{"count":0,"href":"https:\/\/www.mirsa.es\/ca\/wp-json\/wp\/v2\/pages\/50697\/revisions"}],"wp:attachment":[{"href":"https:\/\/www.mirsa.es\/ca\/wp-json\/wp\/v2\/media?parent=50697"}],"curies":[{"name":"wp","href":"https:\/\/api.w.org\/{rel}","templated":true}]}}