{"id":50618,"date":"2017-02-23T20:15:10","date_gmt":"2017-02-23T19:15:10","guid":{"rendered":"http:\/\/www.mirsa.es.mialias.net\/puertas-rimadesio\/"},"modified":"2021-02-09T16:28:08","modified_gmt":"2021-02-09T16:28:08","slug":"puertas-rimadesio","status":"publish","type":"page","link":"https:\/\/www.mirsa.es\/ca\/puertas-rimadesio\/","title":{"rendered":"Portes Rimadesio"},"content":{"rendered":"<div class=\"wpb-content-wrapper\"><p>[vc_row css=&#8221;.vc_custom_1583596731269{margin-left: -50px !important;}&#8221;][vc_column][vc_column_text]<a href=\"javascript:history.go(-1)\" onmouseover=\"self.status=document.referrer;return true\" style=\"color: black;\">Enrere<\/a>[\/vc_column_text][\/vc_column][\/vc_row][vc_row][vc_column][vc_column_text]<\/p>\n<h5><img decoding=\"async\" class=\"wp-image-1077 size-large aligncenter\" title=\"Puertas Rimadesio\" src=\"\/wp-content\/uploads\/2021\/02\/puertas_rimadesio_portada.jpg\" alt=\"Puertas Rimadesio\" width=\"100%\" height=\"400\"\/><\/h5>\n<p style=\"font-size: 16px; text-align: left;\"><strong>Rimadesio \u00e9s una prestigiosa firma italiana especialitzada en la fabricaci\u00f3 de portes, divisoris prestatgeries i armaris encastats.<\/strong><\/p>\n<p style=\"font-size: 16px; text-align: left;\">Els seus dissenys lineals, sobris i elegants han portat a Rimadesio a convertir-se en una marca reconeguda mundialment gr\u00e0cies a les seves impressionants col\u00b7leccions.<\/p>\n<p style=\"font-size: 16px; text-align: left;\">La firma italiana ens ofereix peces altament estilitzades, dissenyades per a transmetre una imatge impecable i amb l\u2019objectiu principal de garantir al m\u00e0xim la comoditat en tots els espais de la llar.<\/p>\n<p style=\"font-size: 16px; text-align: left;\">A MIRSA interiorisme &#038; mobiliari som distribu\u00efdors oficials Rimadesio, per a m\u00e9s informaci\u00f3 visitin el nostre Showroom o contacti amb nosaltres.\n<\/p>\n<p>[\/vc_column_text][vc_row_inner][vc_column_inner]<style type=\"text\/css\">#bklyn_btn_69d3789ed0e91 .bklyn-btn { color:#ffffff !important; background-color:black !important; }<\/style><div id=\"bklyn_btn_69d3789ed0e91\" class=\"bklyn-btn-holder  bklyn-btn-center bklyn-btn-tablet-center bklyn-btn-mobile-center\"><a title=\"Contacto\"   href=\"\/contacto\" target=\"_self\" class=\"bklyn-btn  bklyn-btn-icon-left bklyn-btn-normal\" ><i class=\"fa fa-envelope\"><\/i><span class=\"ut-btn-text\">M\u00e9s informaci\u00f3<\/span><\/a><\/div>[\/vc_column_inner][\/vc_row_inner][\/vc_column][\/vc_row]<\/p>\n<\/div>","protected":false},"excerpt":{"rendered":"<p>[vc_row css=&#8221;.vc_custom_1583596731269{margin-left: -50px !important;}&#8221;][vc_column][vc_column_text]Enrere[\/vc_column_text][\/vc_column][\/vc_row][vc_row][vc_column][vc_column_text] Rimadesio \u00e9s una prestigiosa firma italiana especialitzada en la fabricaci\u00f3 de portes, divisoris prestatgeries i armaris encastats. Els seus dissenys lineals, sobris i elegants han portat a Rimadesio a convertir-se en una marca reconeguda mundialment gr\u00e0cies a les seves impressionants col\u00b7leccions. La firma italiana ens ofereix peces altament estilitzades, dissenyades per [&hellip;]<\/p>\n","protected":false},"author":1,"featured_media":0,"parent":0,"menu_order":0,"comment_status":"closed","ping_status":"closed","template":"","meta":{"footnotes":""},"class_list":["post-50618","page","type-page","status-publish","hentry"],"aioseo_notices":[],"_links":{"self":[{"href":"https:\/\/www.mirsa.es\/ca\/wp-json\/wp\/v2\/pages\/50618","targetHints":{"allow":["GET"]}}],"collection":[{"href":"https:\/\/www.mirsa.es\/ca\/wp-json\/wp\/v2\/pages"}],"about":[{"href":"https:\/\/www.mirsa.es\/ca\/wp-json\/wp\/v2\/types\/page"}],"author":[{"embeddable":true,"href":"https:\/\/www.mirsa.es\/ca\/wp-json\/wp\/v2\/users\/1"}],"replies":[{"embeddable":true,"href":"https:\/\/www.mirsa.es\/ca\/wp-json\/wp\/v2\/comments?post=50618"}],"version-history":[{"count":0,"href":"https:\/\/www.mirsa.es\/ca\/wp-json\/wp\/v2\/pages\/50618\/revisions"}],"wp:attachment":[{"href":"https:\/\/www.mirsa.es\/ca\/wp-json\/wp\/v2\/media?parent=50618"}],"curies":[{"name":"wp","href":"https:\/\/api.w.org\/{rel}","templated":true}]}}