{"id":50579,"date":"2020-08-04T16:12:00","date_gmt":"2020-08-04T16:12:00","guid":{"rendered":"http:\/\/www.mirsa.es.mialias.net\/prisma-cattelan-italia\/"},"modified":"2021-02-09T11:17:18","modified_gmt":"2021-02-09T11:17:18","slug":"prisma-cattelan-italia","status":"publish","type":"page","link":"https:\/\/www.mirsa.es\/ca\/prisma-cattelan-italia\/","title":{"rendered":"Prisma Cattelan Italia"},"content":{"rendered":"<div class=\"wpb-content-wrapper\"><p>[vc_row][vc_column][vc_column_text]<\/p>\n<h5><img decoding=\"async\" class=\"wp-image-1077 size-large aligncenter\" title=\"Prisma Cattelan Italia\" src=\"\/wp-content\/uploads\/2020\/08\/prisma_cattelan_italia.jpg\" alt=\"Prisma Cattelan Italia\" width=\"100%\" height=\"400\" \/><\/h5>\n<p style=\"font-size: 16px; text-align: left;\"><strong>Prisma de la prestigiosa firma Cattelan Italia \u00e9s un elegant i exclusiu aparador d\u2019estil contemporani patentat pel reconegut dissenyador Alessio Bassan.<\/strong><\/p>\n<p style=\"font-size: 16px; text-align: left;\">L\u2019estructura de l\u2019aparador est\u00e0 formada per tres portes i dos calaixos, amb prestatges interiors en vidre transparent. Els frontals estan disponibles en roure fumat, noguera Canaletta i base en graphite mate.<\/p>\n<p style=\"font-size: 16px; text-align: left;\">Es tracta d\u2019una pe\u00e7a vers\u00e0til i polivalent, que gr\u00e0cies a les seves m\u00faltiples opcions de configuraci\u00f3 i personalitzaci\u00f3, s\u2019adapta amb facilitat a qualsevol mena d\u2019espai.<\/p>\n<p style=\"font-size: 16px; text-align: left;\">A MIRSA interiorisme &#038; mobiliari som distribu\u00efdors oficials Cattelan Italia. Per a m\u00e9s informaci\u00f3, visiti el nostre Showroom o contacti amb nosaltres.<\/p>\n<p>[\/vc_column_text][vc_row_inner][vc_column_inner]<style type=\"text\/css\">#bklyn_btn_69f290dbb8f76 .bklyn-btn { color:#ffffff !important; background-color:black !important; }<\/style><div id=\"bklyn_btn_69f290dbb8f76\" class=\"bklyn-btn-holder  bklyn-btn-center bklyn-btn-tablet-center bklyn-btn-mobile-center\"><a title=\"Contacto\"   href=\"\/contacto\" target=\"_self\" class=\"bklyn-btn  bklyn-btn-icon-left bklyn-btn-normal\" ><i class=\"fa fa-envelope\"><\/i><span class=\"ut-btn-text\">M\u00e9s informaci\u00f3<\/span><\/a><\/div>[\/vc_column_inner][\/vc_row_inner][\/vc_column][\/vc_row]<\/p>\n<\/div>","protected":false},"excerpt":{"rendered":"<p>[vc_row][vc_column][vc_column_text] Prisma de la prestigiosa firma Cattelan Italia \u00e9s un elegant i exclusiu aparador d\u2019estil contemporani patentat pel reconegut dissenyador Alessio Bassan. L\u2019estructura de l\u2019aparador est\u00e0 formada per tres portes i dos calaixos, amb prestatges interiors en vidre transparent. Els frontals estan disponibles en roure fumat, noguera Canaletta i base en graphite mate. Es tracta [&hellip;]<\/p>\n","protected":false},"author":1,"featured_media":0,"parent":0,"menu_order":0,"comment_status":"closed","ping_status":"closed","template":"","meta":{"footnotes":""},"class_list":["post-50579","page","type-page","status-publish","hentry"],"aioseo_notices":[],"_links":{"self":[{"href":"https:\/\/www.mirsa.es\/ca\/wp-json\/wp\/v2\/pages\/50579","targetHints":{"allow":["GET"]}}],"collection":[{"href":"https:\/\/www.mirsa.es\/ca\/wp-json\/wp\/v2\/pages"}],"about":[{"href":"https:\/\/www.mirsa.es\/ca\/wp-json\/wp\/v2\/types\/page"}],"author":[{"embeddable":true,"href":"https:\/\/www.mirsa.es\/ca\/wp-json\/wp\/v2\/users\/1"}],"replies":[{"embeddable":true,"href":"https:\/\/www.mirsa.es\/ca\/wp-json\/wp\/v2\/comments?post=50579"}],"version-history":[{"count":0,"href":"https:\/\/www.mirsa.es\/ca\/wp-json\/wp\/v2\/pages\/50579\/revisions"}],"wp:attachment":[{"href":"https:\/\/www.mirsa.es\/ca\/wp-json\/wp\/v2\/media?parent=50579"}],"curies":[{"name":"wp","href":"https:\/\/api.w.org\/{rel}","templated":true}]}}