{"id":50569,"date":"2020-07-18T11:26:57","date_gmt":"2020-07-18T11:26:57","guid":{"rendered":"http:\/\/www.mirsa.es.mialias.net\/mesa-premier-cattelan-italia\/"},"modified":"2021-02-09T10:37:52","modified_gmt":"2021-02-09T10:37:52","slug":"mesa-premier-cattelan-italia","status":"publish","type":"page","link":"https:\/\/www.mirsa.es\/ca\/mesa-premier-cattelan-italia\/","title":{"rendered":"Premier Cattelan Italia"},"content":{"rendered":"<div class=\"wpb-content-wrapper\"><p>[vc_row][vc_column][vc_column_text]<\/p>\n<h5><img decoding=\"async\" class=\"wp-image-1077 size-large aligncenter\" title=\"Premier Cattelan Italia\" src=\"\/wp-content\/uploads\/2020\/07\/mesa_premier_cattelan_italia.jpg\" alt=\"Premier Cattelan Italia\" width=\"100%\" height=\"400\" \/><\/h5>\n<p style=\"font-size: 16px; text-align: left;\"><strong>Premier de la prestigiosa firma Cattelan Italia \u00e9s una elegant i exclusiva taula d\u2019estil contemporani patentada pel fam\u00f3s dissenyador Andrea Lucatello.<\/strong><\/p>\n<p style=\"font-size: 16px; text-align: left;\">Es tracta d\u2019una taula amb una espectacular base d\u2019acer envernissat disponible en diversos acabats. El sobre es presenta en vidre extraclar de 12mm i disposa d\u2019una versi\u00f3 especial de 240\u00d7120 en aquest cas amb un gruix de 15mm.<\/p>\n<p style=\"font-size: 16px; text-align: left;\">Gr\u00e0cies als diversos acabats de la col\u00b7lecci\u00f3, Premier s\u2019adapta amb facilitat a qualsevol mena d\u2019espai, oferint m\u00faltiples opcions de configuraci\u00f3 i personalitzaci\u00f3.<\/p>\n<p style=\"font-size: 16px; text-align: left;\">A MIRSA interiorisme &#038; mobiliari som distribu\u00efdors oficials Cattelan Italia. Per a m\u00e9s informaci\u00f3, visiti el nostre Showroom o contacti amb nosaltres.<\/p>\n<p>[\/vc_column_text][vc_row_inner][vc_column_inner]<style type=\"text\/css\">#bklyn_btn_69d1500da586b .bklyn-btn { color:#ffffff !important; background-color:black !important; }<\/style><div id=\"bklyn_btn_69d1500da586b\" class=\"bklyn-btn-holder  bklyn-btn-center bklyn-btn-tablet-center bklyn-btn-mobile-center\"><a title=\"Contacto\"   href=\"\/contacto\" target=\"_self\" class=\"bklyn-btn  bklyn-btn-icon-left bklyn-btn-normal\" ><i class=\"fa fa-envelope\"><\/i><span class=\"ut-btn-text\">M\u00e9s informaci\u00f3<\/span><\/a><\/div>[\/vc_column_inner][\/vc_row_inner][\/vc_column][\/vc_row]<\/p>\n<\/div>","protected":false},"excerpt":{"rendered":"<p>[vc_row][vc_column][vc_column_text] Premier de la prestigiosa firma Cattelan Italia \u00e9s una elegant i exclusiva taula d\u2019estil contemporani patentada pel fam\u00f3s dissenyador Andrea Lucatello. Es tracta d\u2019una taula amb una espectacular base d\u2019acer envernissat disponible en diversos acabats. El sobre es presenta en vidre extraclar de 12mm i disposa d\u2019una versi\u00f3 especial de 240\u00d7120 en aquest cas [&hellip;]<\/p>\n","protected":false},"author":1,"featured_media":0,"parent":0,"menu_order":0,"comment_status":"closed","ping_status":"closed","template":"","meta":{"footnotes":""},"class_list":["post-50569","page","type-page","status-publish","hentry"],"aioseo_notices":[],"_links":{"self":[{"href":"https:\/\/www.mirsa.es\/ca\/wp-json\/wp\/v2\/pages\/50569","targetHints":{"allow":["GET"]}}],"collection":[{"href":"https:\/\/www.mirsa.es\/ca\/wp-json\/wp\/v2\/pages"}],"about":[{"href":"https:\/\/www.mirsa.es\/ca\/wp-json\/wp\/v2\/types\/page"}],"author":[{"embeddable":true,"href":"https:\/\/www.mirsa.es\/ca\/wp-json\/wp\/v2\/users\/1"}],"replies":[{"embeddable":true,"href":"https:\/\/www.mirsa.es\/ca\/wp-json\/wp\/v2\/comments?post=50569"}],"version-history":[{"count":0,"href":"https:\/\/www.mirsa.es\/ca\/wp-json\/wp\/v2\/pages\/50569\/revisions"}],"wp:attachment":[{"href":"https:\/\/www.mirsa.es\/ca\/wp-json\/wp\/v2\/media?parent=50569"}],"curies":[{"name":"wp","href":"https:\/\/api.w.org\/{rel}","templated":true}]}}