{"id":50554,"date":"2018-06-21T11:38:45","date_gmt":"2018-06-21T09:38:45","guid":{"rendered":"http:\/\/www.mirsa.es.mialias.net\/porcelanosa-azulejos\/"},"modified":"2024-05-22T14:03:05","modified_gmt":"2024-05-22T14:03:05","slug":"porcelanosa-azulejos","status":"publish","type":"page","link":"https:\/\/www.mirsa.es\/ca\/porcelanosa-azulejos\/","title":{"rendered":"Porcelanosa rajoles"},"content":{"rendered":"<div class=\"wpb-content-wrapper\"><p>[vc_row css=&#8221;.vc_custom_1583596731269{margin-left: -50px !important;}&#8221;][vc_column][vc_column_text]<a href=\"javascript:history.go(-1)\" onmouseover=\"self.status=document.referrer;return true\" style=\"color: black;\">Enrere<\/a>[\/vc_column_text][\/vc_column][\/vc_row][vc_row][vc_column][vc_column_text]<\/p>\n<h5><img decoding=\"async\" class=\"wp-image-1077 size-large aligncenter\" title=\"Porcelanosa rajoles\" src=\"\/wp-content\/uploads\/2020\/06\/porcelanosa_azulejos.jpg\" alt=\"Porcelanosa rajoles\" width=\"100%\" height=\"400\" \/><\/h5>\n<p style=\"font-size: 16px; text-align: left;\"><strong>Porcelanosa \u00e9s un grup empresarial especialitzat en la producci\u00f3 i distribuci\u00f3 de rajoles, equipament per a la llar i altres solucions arquitect\u00f2niques contempor\u00e0nies.<\/strong><\/p>\n<p style=\"font-size: 16px; text-align: left;\">Amb m\u00e9s de 40 anys d\u2019experi\u00e8ncia, Porcelanosa s\u2019ha consolidat com un referent internacional, exportant a m\u00e9s de 150 pa\u00efsos.<\/p>\n<p style=\"font-size: 16px; text-align: left;\">La diversificaci\u00f3 que ha experimentat durant els \u00faltims temps ha estat clau en el creixement del grup empresarial. A l\u2019actualitat, m\u00e9s de vuit empreses formen part de la companyia, oferint tot tipus de materials i complements per a la llar.<\/p>\n<p style=\"font-size: 16px; text-align: left;\">A MIRSA interiorisme &#038; mobiliari som distribu\u00efdors oficials Porcelanosa. Per a m\u00e9s informaci\u00f3, visiti el nostre Showroom, o contacti amb nosaltres.<\/p>\n<p>[\/vc_column_text][\/vc_column][\/vc_row]<\/p>\n<\/div>","protected":false},"excerpt":{"rendered":"<p>[vc_row css=&#8221;.vc_custom_1583596731269{margin-left: -50px !important;}&#8221;][vc_column][vc_column_text]Enrere[\/vc_column_text][\/vc_column][\/vc_row][vc_row][vc_column][vc_column_text] Porcelanosa \u00e9s un grup empresarial especialitzat en la producci\u00f3 i distribuci\u00f3 de rajoles, equipament per a la llar i altres solucions arquitect\u00f2niques contempor\u00e0nies. Amb m\u00e9s de 40 anys d\u2019experi\u00e8ncia, Porcelanosa s\u2019ha consolidat com un referent internacional, exportant a m\u00e9s de 150 pa\u00efsos. La diversificaci\u00f3 que ha experimentat durant els \u00faltims temps [&hellip;]<\/p>\n","protected":false},"author":1,"featured_media":0,"parent":0,"menu_order":0,"comment_status":"closed","ping_status":"closed","template":"","meta":{"footnotes":""},"class_list":["post-50554","page","type-page","status-publish","hentry"],"aioseo_notices":[],"_links":{"self":[{"href":"https:\/\/www.mirsa.es\/ca\/wp-json\/wp\/v2\/pages\/50554","targetHints":{"allow":["GET"]}}],"collection":[{"href":"https:\/\/www.mirsa.es\/ca\/wp-json\/wp\/v2\/pages"}],"about":[{"href":"https:\/\/www.mirsa.es\/ca\/wp-json\/wp\/v2\/types\/page"}],"author":[{"embeddable":true,"href":"https:\/\/www.mirsa.es\/ca\/wp-json\/wp\/v2\/users\/1"}],"replies":[{"embeddable":true,"href":"https:\/\/www.mirsa.es\/ca\/wp-json\/wp\/v2\/comments?post=50554"}],"version-history":[{"count":0,"href":"https:\/\/www.mirsa.es\/ca\/wp-json\/wp\/v2\/pages\/50554\/revisions"}],"wp:attachment":[{"href":"https:\/\/www.mirsa.es\/ca\/wp-json\/wp\/v2\/media?parent=50554"}],"curies":[{"name":"wp","href":"https:\/\/api.w.org\/{rel}","templated":true}]}}