{"id":50550,"date":"2018-01-11T18:16:31","date_gmt":"2018-01-11T17:16:31","guid":{"rendered":"http:\/\/www.mirsa.es.mialias.net\/ponton-ligne-roset\/"},"modified":"2021-02-06T18:09:38","modified_gmt":"2021-02-06T18:09:38","slug":"ponton-ligne-roset","status":"publish","type":"page","link":"https:\/\/www.mirsa.es\/ca\/ponton-ligne-roset\/","title":{"rendered":"Ponton Ligne Roset"},"content":{"rendered":"<div class=\"wpb-content-wrapper\"><p>[vc_row][vc_column][vc_column_text]<\/p>\n<h5><img decoding=\"async\" class=\"wp-image-1077 size-large aligncenter\" title=\"Ponton - Ligne Roset\" src=\"\/wp-content\/uploads\/2020\/07\/ponton_ligne_roset_portada.jpg\" alt=\"Ponton Ligne Roset\" width=\"100%\" height=\"400\" \/><\/h5>\n<p style=\"font-size: 16px; text-align: left;\"><strong>Ponton de Ligne Roset \u00e9s una exclusiva taula de centre d\u2019estil modernista que destaca per la seva estructura superior de noguera massissa de primera qualitat.<\/strong><\/p>\n<p style=\"font-size: 16px; text-align: left;\">Presentada pel despatx de dissenyadors Osko + Deichmann, la pe\u00e7a s\u2019ha guanyat el reconeixement internacional gr\u00e0cies a la seva est\u00e8tica contempor\u00e0nia i al seu estil senzill i funcional.<\/p>\n<p style=\"font-size: 16px; text-align: left;\">A MIRSA interiorisme &#038; mobiliari disposem d\u2019un extens cat\u00e0leg de col\u00b7leccions Ligne Roset. Per a m\u00e9s informaci\u00f3, visiti la nostra exposici\u00f3 o contacti amb nosaltres.<\/p>\n<p>[\/vc_column_text][vc_row_inner][vc_column_inner]<style type=\"text\/css\">#bklyn_btn_69d1bcba7f822 .bklyn-btn { color:#ffffff !important; background-color:black !important; }<\/style><div id=\"bklyn_btn_69d1bcba7f822\" class=\"bklyn-btn-holder  bklyn-btn-center bklyn-btn-tablet-center bklyn-btn-mobile-center\"><a title=\"Contacto\"   href=\"\/contacto\" target=\"_self\" class=\"bklyn-btn  bklyn-btn-icon-left bklyn-btn-normal\" ><i class=\"fa fa-envelope\"><\/i><span class=\"ut-btn-text\">M\u00e9s informaci\u00f3<\/span><\/a><\/div>[\/vc_column_inner][\/vc_row_inner][\/vc_column][\/vc_row]<\/p>\n<\/div>","protected":false},"excerpt":{"rendered":"<p>[vc_row][vc_column][vc_column_text] Ponton de Ligne Roset \u00e9s una exclusiva taula de centre d\u2019estil modernista que destaca per la seva estructura superior de noguera massissa de primera qualitat. Presentada pel despatx de dissenyadors Osko + Deichmann, la pe\u00e7a s\u2019ha guanyat el reconeixement internacional gr\u00e0cies a la seva est\u00e8tica contempor\u00e0nia i al seu estil senzill i funcional. A [&hellip;]<\/p>\n","protected":false},"author":1,"featured_media":0,"parent":0,"menu_order":0,"comment_status":"closed","ping_status":"closed","template":"","meta":{"footnotes":""},"class_list":["post-50550","page","type-page","status-publish","hentry"],"aioseo_notices":[],"_links":{"self":[{"href":"https:\/\/www.mirsa.es\/ca\/wp-json\/wp\/v2\/pages\/50550","targetHints":{"allow":["GET"]}}],"collection":[{"href":"https:\/\/www.mirsa.es\/ca\/wp-json\/wp\/v2\/pages"}],"about":[{"href":"https:\/\/www.mirsa.es\/ca\/wp-json\/wp\/v2\/types\/page"}],"author":[{"embeddable":true,"href":"https:\/\/www.mirsa.es\/ca\/wp-json\/wp\/v2\/users\/1"}],"replies":[{"embeddable":true,"href":"https:\/\/www.mirsa.es\/ca\/wp-json\/wp\/v2\/comments?post=50550"}],"version-history":[{"count":0,"href":"https:\/\/www.mirsa.es\/ca\/wp-json\/wp\/v2\/pages\/50550\/revisions"}],"wp:attachment":[{"href":"https:\/\/www.mirsa.es\/ca\/wp-json\/wp\/v2\/media?parent=50550"}],"curies":[{"name":"wp","href":"https:\/\/api.w.org\/{rel}","templated":true}]}}