{"id":50544,"date":"2018-01-10T19:53:37","date_gmt":"2018-01-10T18:53:37","guid":{"rendered":"http:\/\/www.mirsa.es.mialias.net\/point-muebles-de-jardin\/"},"modified":"2024-05-22T13:41:33","modified_gmt":"2024-05-22T13:41:33","slug":"point-muebles-de-jardin","status":"publish","type":"page","link":"https:\/\/www.mirsa.es\/ca\/point-muebles-de-jardin\/","title":{"rendered":"Point mobles de jard\u00ed"},"content":{"rendered":"<div class=\"wpb-content-wrapper\"><p>[vc_row css=&#8221;.vc_custom_1583596731269{margin-left: -50px !important;}&#8221;][vc_column][vc_column_text]<a href=\"javascript:history.go(-1)\" onmouseover=\"self.status=document.referrer;return true\" style=\"color: black;\">Enrere<\/a>[\/vc_column_text][\/vc_column][\/vc_row][vc_row][vc_column][vc_column_text]<br \/>\n<img decoding=\"async\" class=\"wp-image-1077 size-large aligncenter\" title=\"Point mobles de jard\u00ed\" src=\"\/wp-content\/uploads\/2020\/06\/point_muebles_jardin_00.jpg\" alt=\"Point mobles de jard\u00ed\" width=\"100%\" height=\"400\"\/><\/p>\n<h2 style=\"font-size: 16px; text-align: left;\"><strong>Point \u00e9s una firma de mobiliari exterior que compta amb gaireb\u00e9 un segle d\u2019hist\u00f2ria i que destaca per la qualitat i l\u2019eleg\u00e0ncia de totes les seves col\u00b7leccions.<\/strong><\/h2>\n<p style=\"font-size: 16px; text-align: left;\">L\u2019experi\u00e8ncia adquirida durant tot aquests anys es veu reflectida en cadascuna de les seves col\u00b7leccions, que combinen a la perfecci\u00f3 una elaboraci\u00f3 artesanal amb un disseny contemporani.<\/p>\n<p style=\"font-size: 16px; text-align: left;\">En els \u00faltims anys gr\u00e0cies, gr\u00e0cies a la incorporaci\u00f3 de dissenyadors de reconegut prestigi com Francesc Rif\u00e9 o Vicent Mart\u00ednez, la marca aconsegueix internacionalitzar-se amb una molt bona acollida entre el p\u00fablic europeu i americ\u00e0.<\/p>\n<p style=\"font-size: 16px; text-align: left;\">A MIRSA interiorisme &#038; mobiliari disposem d\u2019una extensa col\u00b7lecci\u00f3 de mobles de jard\u00ed Point. Per a m\u00e9s informaci\u00f3 consulti el nostre cat\u00e0leg online o visiti la nostra exposici\u00f3.<\/p>\n<p>[\/vc_column_text][\/vc_column][\/vc_row][vc_section][vc_row full_width=&#8221;stretch_row_content_no_spaces&#8221;][vc_column][vc_column_text]<iframe id=\"embedded-ads-iframe-website\" width=\"100%\" height=\"600\" data-originsrc=\"https:\/\/mirsa.daloom.com\/productos\/muebles-de-jardin\/brand_point\"><\/iframe><br \/>\n<script defer src=\"https:\/\/mirsa.daloom.com\/js\/parent-embedded-script.min.js\"><\/script>[\/vc_column_text][\/vc_column][\/vc_row][\/vc_section]<\/p>\n<\/div>","protected":false},"excerpt":{"rendered":"<p>[vc_row css=&#8221;.vc_custom_1583596731269{margin-left: -50px !important;}&#8221;][vc_column][vc_column_text]Enrere[\/vc_column_text][\/vc_column][\/vc_row][vc_row][vc_column][vc_column_text] Point \u00e9s una firma de mobiliari exterior que compta amb gaireb\u00e9 un segle d\u2019hist\u00f2ria i que destaca per la qualitat i l\u2019eleg\u00e0ncia de totes les seves col\u00b7leccions. L\u2019experi\u00e8ncia adquirida durant tot aquests anys es veu reflectida en cadascuna de les seves col\u00b7leccions, que combinen a la perfecci\u00f3 una elaboraci\u00f3 artesanal amb [&hellip;]<\/p>\n","protected":false},"author":1,"featured_media":0,"parent":0,"menu_order":0,"comment_status":"closed","ping_status":"closed","template":"","meta":{"footnotes":""},"class_list":["post-50544","page","type-page","status-publish","hentry"],"aioseo_notices":[],"_links":{"self":[{"href":"https:\/\/www.mirsa.es\/ca\/wp-json\/wp\/v2\/pages\/50544","targetHints":{"allow":["GET"]}}],"collection":[{"href":"https:\/\/www.mirsa.es\/ca\/wp-json\/wp\/v2\/pages"}],"about":[{"href":"https:\/\/www.mirsa.es\/ca\/wp-json\/wp\/v2\/types\/page"}],"author":[{"embeddable":true,"href":"https:\/\/www.mirsa.es\/ca\/wp-json\/wp\/v2\/users\/1"}],"replies":[{"embeddable":true,"href":"https:\/\/www.mirsa.es\/ca\/wp-json\/wp\/v2\/comments?post=50544"}],"version-history":[{"count":0,"href":"https:\/\/www.mirsa.es\/ca\/wp-json\/wp\/v2\/pages\/50544\/revisions"}],"wp:attachment":[{"href":"https:\/\/www.mirsa.es\/ca\/wp-json\/wp\/v2\/media?parent=50544"}],"curies":[{"name":"wp","href":"https:\/\/api.w.org\/{rel}","templated":true}]}}