{"id":50526,"date":"2020-07-18T11:06:17","date_gmt":"2020-07-18T11:06:17","guid":{"rendered":"http:\/\/www.mirsa.es.mialias.net\/planner-cattelan-italia\/"},"modified":"2021-02-06T16:48:16","modified_gmt":"2021-02-06T16:48:16","slug":"planner-cattelan-italia","status":"publish","type":"page","link":"https:\/\/www.mirsa.es\/ca\/planner-cattelan-italia\/","title":{"rendered":"Planner Cattelan Italia"},"content":{"rendered":"<div class=\"wpb-content-wrapper\"><p>[vc_row][vc_column][vc_column_text]<\/p>\n<h5><img decoding=\"async\" class=\"wp-image-1077 size-large aligncenter\" title=\"Planner - Cattelan Italia\" src=\"\/wp-content\/uploads\/2020\/07\/mesa_planer_cattelan_italia_preview.jpg\" alt=\"Planner Cattelan Italia\" width=\"100%\" height=\"400\" \/><\/h5>\n<p style=\"font-size: 16px; text-align: left;\"><strong>Planer de la prestigiosa firma Cattelan Italia \u00e9s una elegant i exclusiva taula d\u2019estil contemporani patentada pel reconegut dissenyador Paolo Cattelan.<\/strong><\/p>\n<p style=\"font-size: 16px; text-align: left;\">Es tracta d\u2019una pe\u00e7a amb una espectacular base envernissada en titani, graphite negre o brushed bronze. El sobre es presenta en un resistent vidre transparent de 15mm de gruix. Les versions de 182x90cm, i 200x106cm s\u00f3n de 12mm.<\/p>\n<p style=\"font-size: 16px; text-align: left;\">Gr\u00e0cies a la gran qualitat i a la resist\u00e8ncia del vidre, Planer assegura la m\u00e0xima resist\u00e8ncia a cops i ratllades.<\/p>\n<p style=\"font-size: 16px; text-align: left;\">A MIRSA interiorisme &#038; mobiliari som distribu\u00efdors oficials Cattelan Italia. Per a m\u00e9s informaci\u00f3, visiti el nostre Showroom o contacti amb nosaltres.<\/p>\n<p>[\/vc_column_text][vc_row_inner][vc_column_inner]<style type=\"text\/css\">#bklyn_btn_69d155655414c .bklyn-btn { color:#ffffff !important; background-color:black !important; }<\/style><div id=\"bklyn_btn_69d155655414c\" class=\"bklyn-btn-holder  bklyn-btn-center bklyn-btn-tablet-center bklyn-btn-mobile-center\"><a title=\"Contacto\"   href=\"\/contacto\" target=\"_self\" class=\"bklyn-btn  bklyn-btn-icon-left bklyn-btn-normal\" ><i class=\"fa fa-envelope\"><\/i><span class=\"ut-btn-text\">M\u00e9s informaci\u00f3<\/span><\/a><\/div>[\/vc_column_inner][\/vc_row_inner][\/vc_column][\/vc_row]<\/p>\n<\/div>","protected":false},"excerpt":{"rendered":"<p>[vc_row][vc_column][vc_column_text] Planer de la prestigiosa firma Cattelan Italia \u00e9s una elegant i exclusiva taula d\u2019estil contemporani patentada pel reconegut dissenyador Paolo Cattelan. Es tracta d\u2019una pe\u00e7a amb una espectacular base envernissada en titani, graphite negre o brushed bronze. El sobre es presenta en un resistent vidre transparent de 15mm de gruix. Les versions de 182x90cm, [&hellip;]<\/p>\n","protected":false},"author":1,"featured_media":0,"parent":0,"menu_order":0,"comment_status":"closed","ping_status":"closed","template":"","meta":{"footnotes":""},"class_list":["post-50526","page","type-page","status-publish","hentry"],"aioseo_notices":[],"_links":{"self":[{"href":"https:\/\/www.mirsa.es\/ca\/wp-json\/wp\/v2\/pages\/50526","targetHints":{"allow":["GET"]}}],"collection":[{"href":"https:\/\/www.mirsa.es\/ca\/wp-json\/wp\/v2\/pages"}],"about":[{"href":"https:\/\/www.mirsa.es\/ca\/wp-json\/wp\/v2\/types\/page"}],"author":[{"embeddable":true,"href":"https:\/\/www.mirsa.es\/ca\/wp-json\/wp\/v2\/users\/1"}],"replies":[{"embeddable":true,"href":"https:\/\/www.mirsa.es\/ca\/wp-json\/wp\/v2\/comments?post=50526"}],"version-history":[{"count":0,"href":"https:\/\/www.mirsa.es\/ca\/wp-json\/wp\/v2\/pages\/50526\/revisions"}],"wp:attachment":[{"href":"https:\/\/www.mirsa.es\/ca\/wp-json\/wp\/v2\/media?parent=50526"}],"curies":[{"name":"wp","href":"https:\/\/api.w.org\/{rel}","templated":true}]}}